{"id":115739,"date":"2026-03-17T09:45:58","date_gmt":"2026-03-17T01:45:58","guid":{"rendered":"https:\/\/aiviouvapes.com\/?post_type=product&#038;p=115739"},"modified":"2026-04-08T09:49:18","modified_gmt":"2026-04-08T01:49:18","slug":"happ-bar-gr100k-pro","status":"publish","type":"product","link":"https:\/\/aiviouvapes.com\/cs\/product\/happ-bar-gr100k-pro\/","title":{"rendered":"Happ Bar GR100K Pro | 100000 \u0161luk\u016f, 56ml, s\u00ed\u0165ov\u00e1 c\u00edvka, 15 p\u0159\u00edchut\u00ed, jednor\u00e1zov\u00fd vape pro hromadn\u00e9 pou\u017eit\u00ed"},"content":{"rendered":"<h2>Seznamte se s Happ Bar GR100K Pro \ud83d\udd25<\/h2>\n<p>Hled\u00e1te jednor\u00e1zovou vapku, kter\u00e1 bude fungovat po\u0159\u00e1d? Na <strong>Happ Bar GR100K Pro<\/strong> dod\u00e1v\u00e1 a\u017e <strong>100 000 pot\u00e1hnut\u00ed<\/strong> s obrovsk\u00fdm <strong>56 ml<\/strong> kapacita e-liquidu, to v\u0161e zabalen\u00e9 v elegantn\u00edm, poutav\u00e9m designu. Jedn\u00e1 se o nejnov\u011bj\u0161\u00ed a nejv\u00fdkonn\u011bj\u0161\u00ed za\u0159\u00edzen\u00ed \u0159ady Happ Bar GR - je ur\u010deno pro vapery, kte\u0159\u00ed necht\u011bj\u00ed sv\u00e9 za\u0159\u00edzen\u00ed neust\u00e1le vym\u011b\u0148ovat, a je chytr\u00fdm dopl\u0148kem pro obchody a velkoobchody, kter\u00e9 hledaj\u00ed velmi \u017e\u00e1dan\u00fd produkt.<\/p>\n<h2>Pro\u010d si vybrat Happ Bar GR100K Pro? \u2705<\/h2>\n<ul>\n<li><strong>A\u017e 100 000 pot\u00e1hnut\u00ed<\/strong> pro mimo\u0159\u00e1dn\u011b dlouhotrvaj\u00edc\u00ed vaping - m\u00e9n\u011b v\u00fdm\u011bn, v\u00edce po\u017eitku \ud83d\udd25<\/li>\n<li><strong>Kapacita e-liquidu 56 ml<\/strong> tak\u017ee m\u016f\u017eete vapovat cel\u00e9 t\u00fddny, ani\u017e by v\u00e1m do\u0161ly.<\/li>\n<li><strong>C\u00edvka s oky 1,0\u03a9<\/strong> pro hladkou, konzistentn\u00ed a aromatickou p\u00e1ru p\u0159i ka\u017ed\u00e9m pou\u017eit\u00ed \u2601\ufe0f<\/li>\n<li><strong>Nab\u00edjec\u00ed baterie s kapacitou 650 mAh<\/strong> s nab\u00edjen\u00edm typu C pro rychl\u00e9 zapnut\u00ed \u26a1<\/li>\n<li><strong>15 lahodn\u00fdch chut\u00ed<\/strong> od ovocn\u00fdch p\u0159es ledov\u00e9 a\u017e po klasick\u00e9 sm\u011bsi \ud83c\udf53<\/li>\n<li><strong>Mo\u017enosti nikotinu: 2% a 5%<\/strong> p\u0159izp\u016fsobit r\u016fzn\u00fdm trh\u016fm a preferenc\u00edm<\/li>\n<li><strong>Ikonick\u00fd design \u0159ady GR<\/strong>-Modernizovan\u00fd z obl\u00edben\u00fdch model\u016f GR30K a GR50K<\/li>\n<li><strong>Skv\u011bl\u00e9 pro obchody a velkoobchod<\/strong>-vysoce \u017e\u00e1dan\u00e1 kategorie 100K puff, kter\u00e1 se rychle pohybuje \ud83d\udce6<\/li>\n<\/ul>\n<h2>Happ Bar GR100K Pro Specifikace \ud83d\udccc<\/h2>\n<table>\n<tbody>\n<tr>\n<td><strong>N\u00e1zev produktu<\/strong><\/td>\n<td>Happ Bar GR100K Pro Vape na jedno pou\u017eit\u00ed<\/td>\n<\/tr>\n<tr>\n<td><strong>Max Puffs<\/strong><\/td>\n<td>A\u017e 100 000 pot\u00e1hnut\u00ed<\/td>\n<\/tr>\n<tr>\n<td><strong>Kapacita e-liquidu<\/strong><\/td>\n<td>56 ml<\/td>\n<\/tr>\n<tr>\n<td><strong>C\u00edvka<\/strong><\/td>\n<td>C\u00edvka Mesh 1.0\u03a9<\/td>\n<\/tr>\n<tr>\n<td><strong>S\u00edla nikotinu<\/strong><\/td>\n<td>2% \/ 5%<\/td>\n<\/tr>\n<tr>\n<td><strong>Baterie<\/strong><\/td>\n<td>650 mAh<\/td>\n<\/tr>\n<tr>\n<td><strong>Nab\u00edjen\u00ed<\/strong><\/td>\n<td>Dob\u00edjen\u00ed p\u0159es USB typu C<\/td>\n<\/tr>\n<\/tbody>\n<\/table>\n<h2>Happ Bar GR100K Pro Seznam p\u0159\u00edchut\u00ed \ud83c\udf53\ud83c\udf49\ud83e\uddca<\/h2>\n<p>GR100K Pro se dod\u00e1v\u00e1 v <strong>15 \u00fa\u017easn\u00fdch chut\u00ed<\/strong>-od osv\u011b\u017euj\u00edc\u00edho ledov\u00e9ho ovoce a\u017e po sladk\u00e9 sm\u011bsi inspirovan\u00e9 cukrovinkami. Pro ka\u017edou chu\u0165 se n\u011bco najde!<\/p>\n<ul>\n<li><strong>Kokosovo-melounov\u00fd led<\/strong> - kr\u00e9mov\u00fd kokos se sladk\u00fdm melounem s chladiv\u00fdm z\u00e1v\u011brem \ud83e\udd65\ud83c\udf48<\/li>\n<li><strong>R\u016f\u017eov\u00e1 limon\u00e1da<\/strong> - sladk\u00e1 a pikantn\u00ed r\u016f\u017eov\u00e1 limon\u00e1da, z\u00e1\u0159iv\u00e1 a osv\u011b\u017euj\u00edc\u00ed \ud83c\udf4b\ud83d\udc97<\/li>\n<li><strong>Citron Krupobit\u00ed<\/strong> - pikantn\u00ed citron s ledov\u00fdm n\u00e1dechem \ud83c\udf4b\ud83e\uddca<\/li>\n<li><strong>San Francisco<\/strong> - jedine\u010dn\u00e1 sm\u011bs pomeran\u010de, citronu a broskve \ud83c\udf4a\ud83c\udf51<\/li>\n<li><strong>Tropick\u00e1 ovocn\u00e1 zmrzlina<\/strong> - exotick\u00e9 tropick\u00e9 ovoce s chladiv\u00fdm n\u00e1dechem \ud83c\udf34\u2744\ufe0f<\/li>\n<li><strong>Modr\u00e1 hora<\/strong> - chladiv\u00e1 m\u00e1ta sm\u00edchan\u00e1 s \u010derven\u00fdmi bobulemi \ud83e\uded0\ud83e\uddca<\/li>\n<li><strong>L\u00e1ska 66<\/strong> - sladk\u00e1, tajemn\u00e1 p\u0159\u00edchu\u0165 inspirovan\u00e1 cukrovinkami \ud83d\udc9c<\/li>\n<li><strong>Jahodov\u00e9 kiwi<\/strong> - klasick\u00e1 kombinace jahod a kiwi, sv\u011b\u017e\u00ed a ovocn\u00e1 \ud83c\udf53\ud83e\udd5d<\/li>\n<li><strong>Melounov\u00fd led<\/strong> - \u0161\u0165avnat\u00fd meloun s mraziv\u00fdm z\u00e1v\u011brem \ud83c\udf49\u2744\ufe0f<\/li>\n<li><strong>Jahodov\u00fd led Black Dragon<\/strong> - odv\u00e1\u017en\u00e9 dra\u010d\u00ed ovoce se sladk\u00fdmi jahodami s ledem \ud83d\udc09\ud83c\udf53<\/li>\n<li><strong>Jahodov\u00fd meloun<\/strong> - duo sladk\u00fdch jahod a melounu \ud83c\udf53\ud83c\udf49<\/li>\n<li><strong>Pan Modr\u00fd<\/strong> - chladiv\u00e1, modr\u00e1 malinov\u00e1 klasika \ud83d\udc99<\/li>\n<li><strong>Broskev Krupobit\u00ed<\/strong> - zral\u00e1 broskev s ledovou bou\u0159\u00ed \ud83c\udf51\ud83e\uddca<\/li>\n<li><strong>Letn\u00ed sen<\/strong> - jemn\u00e1, ovocn\u00e1 letn\u00ed sm\u011bs \ud83c\udf1e<\/li>\n<li><strong>Modr\u00e1 Jahoda Led<\/strong> - bor\u016fvky a jahody s chladiv\u00fdm n\u00e1dechem \ud83e\uded0\ud83c\udf53\u2744\ufe0f<\/li>\n<\/ul>\n<h2>Vyrobeno pro maloobchodn\u00ed a velkoobchodn\u00ed \u00fasp\u011bch \ud83c\udfea\ud83d\udce6<\/h2>\n<p>The <strong>Happ Bar GR100K Pro<\/strong> je ide\u00e1ln\u00ed pro <strong>t\u011b\u017ec\u00ed vap\u00e9\u0159i<\/strong> kte\u0159\u00ed cht\u011bj\u00ed za\u0159\u00edzen\u00ed s dlouhou \u017eivotnost\u00ed, <strong>milovn\u00edci chut\u00ed<\/strong> kte\u0159\u00ed maj\u00ed r\u00e1di rozmanitost s 15 mo\u017enostmi, a <strong>vape obchody<\/strong> hled\u00e1te prvot\u0159\u00eddn\u00ed atraktivitu na pultech s ikonick\u00fdm designem \u0159ady GR. Pro <strong>distributo\u0159i a velkoobchodn\u00edci<\/strong>, kategorie 100 000 \u0161luk\u016f je jedn\u00edm z nejrychleji rostouc\u00edch segment\u016f - toto za\u0159\u00edzen\u00ed spl\u0148uje v\u0161echny po\u017eadavky d\u00edky vysok\u00e9mu po\u010dtu \u0161luk\u016f, velkorys\u00e9 kapacit\u011b e-liquidu a \u0161irok\u00e9 nab\u00eddce p\u0159\u00edchut\u00ed.<\/p>\n<h2>Happ Bar GR100K Pro Nej\u010dast\u011bj\u0161\u00ed dotazy \u2753<\/h2>\n<h3>Kolik \u0161luk\u016f d\u00e1v\u00e1 Happ Bar GR100K Pro?<\/h3>\n<p>Poskytuje a\u017e <strong>100 000 pot\u00e1hnut\u00ed<\/strong>, co\u017e z n\u011bj \u010din\u00ed jeden z nejd\u00e9le trvaj\u00edc\u00edch jednor\u00e1zov\u00fdch vap\u016f. \ud83d\udd25<\/p>\n<h3>Je Happ Bar GR100K Pro dob\u00edjec\u00ed?<\/h3>\n<p>Ano! M\u00e1 <strong>650 mAh<\/strong> baterie s <strong>USB Type-C<\/strong> nab\u00edjen\u00ed pro rychl\u00e9 a snadn\u00e9 dob\u00edjen\u00ed. \u26a1<\/p>\n<h3>Jak\u00e1 je s\u00edla nikotinu?<\/h3>\n<p>Dod\u00e1v\u00e1 se v <strong>2%<\/strong> a <strong>5%<\/strong> s\u00edly nikotinu, aby vyhovovaly r\u016fzn\u00fdm preferenc\u00edm a regulac\u00edm trhu.<\/p>\n<h3>Jakou c\u00edvku pou\u017e\u00edv\u00e1 GR100K Pro?<\/h3>\n<p>Pou\u017e\u00edv\u00e1 <strong>C\u00edvka s oky 1,0\u03a9<\/strong> pro plynulou, konzistentn\u00ed a aromatickou produkci p\u00e1ry. \u2601\ufe0f<\/p>\n<h3>Kolik e-liquidu je uvnit\u0159?<\/h3>\n<p>Je p\u0159edem napln\u011bn <strong>56 ml<\/strong> pr\u00e9miov\u00e9ho e-liquidu pro del\u0161\u00ed dobu vapov\u00e1n\u00ed.<\/p>\n<h3>Kolik p\u0159\u00edchut\u00ed je k dispozici?<\/h3>\n<p>Existuj\u00ed <strong>15 p\u0159\u00edchut\u00ed<\/strong> na v\u00fdb\u011br, v\u010detn\u011b ovocn\u00fdch, ledov\u00fdch, cukrov\u00fdch a tropick\u00fdch variant. \ud83c\udf53<\/p>\n<h3>Je to dobr\u00e9 pro vape obchody a velkoobchodn\u00ed objedn\u00e1vky?<\/h3>\n<p>Rozhodn\u011b. Kategorie 100K puff je velmi obl\u00edben\u00e1 a \u0159ada GR m\u00e1 silnou pov\u011bst zna\u010dky, tak\u017ee je skv\u011blou volbou pro. <strong>maloobchodn\u00ed reg\u00e1ly<\/strong> a <strong>hromadn\u00e1 distribuce<\/strong>. \ud83d\udce6<\/p>","protected":false},"excerpt":{"rendered":"<p>Happ Bar GR100K Pro jednor\u00e1zov\u00e1 vape s 100000 potahy, 56 ml e-liquidu, s\u00ed\u0165ovou spir\u00e1lkou a dob\u00edjen\u00edm Type-C. Na v\u00fdb\u011br 15 v\u00fdrazn\u00fdch p\u0159\u00edchut\u00ed - ide\u00e1ln\u00ed pro maloobchodn\u00ed i velkoobchodn\u00ed odb\u011bratele. \u2728<\/p>","protected":false},"featured_media":115780,"comment_status":"open","ping_status":"closed","template":"","meta":[],"product_brand":[531],"product_cat":[336,320,90,280,133,522,521,132],"product_tag":[428,447,446,479,523,525,524,358],"class_list":{"0":"post-115739","1":"product","2":"type-product","3":"status-publish","4":"has-post-thumbnail","6":"product_brand-happ","7":"product_cat-100k-puffs-disposable-vape","8":"product_cat-best-disposable-vapes","9":"product_cat-big-puffs-vapes","10":"product_cat-cheap-rechargeable-disposable-vapes","11":"product_cat-disposable-vapes-in-europe","12":"product_cat-happ-bar","13":"product_cat-new","14":"product_cat-rechargeable-vapes","15":"product_tag-100000-puffs-disposable-vape","16":"product_tag-100000-puffs-vape-wholesale","17":"product_tag-100k-disposable-vape","18":"product_tag-100k-puffs-vape","19":"product_tag-happ-bar","20":"product_tag-happ-bar-disposable-vape","21":"product_tag-happ-bar-gr100k-pro","22":"product_tag-rechargeable-100000-puff-disposable-vape","24":"first","25":"instock","26":"shipping-taxable","27":"purchasable","28":"product-type-variable","29":"has-default-attributes"},"jetpack_sharing_enabled":true,"tiered_pricing_type":"fixed","tiered_pricing_fixed_rules":{"100":7.38999999999999968025576890795491635799407958984375,"200":6.87000000000000010658141036401502788066864013671875,"400":6.61000000000000031974423109204508364200592041015625},"tiered_pricing_product_settings":{"layout":"default","base_unit_name":{"singular":null,"plural":null},"default_variation":null},"tiered_pricing_minimum_quantity":50,"tiered_pricing_roles_data":[],"tiered_pricing_percentage_rules":[],"tiered_pricing_maximum_quantity":null,"tiered_pricing_quantity_step":"10","_links":{"self":[{"href":"https:\/\/aiviouvapes.com\/cs\/wp-json\/wp\/v2\/product\/115739","targetHints":{"allow":["GET"]}}],"collection":[{"href":"https:\/\/aiviouvapes.com\/cs\/wp-json\/wp\/v2\/product"}],"about":[{"href":"https:\/\/aiviouvapes.com\/cs\/wp-json\/wp\/v2\/types\/product"}],"replies":[{"embeddable":true,"href":"https:\/\/aiviouvapes.com\/cs\/wp-json\/wp\/v2\/comments?post=115739"}],"wp:featuredmedia":[{"embeddable":true,"href":"https:\/\/aiviouvapes.com\/cs\/wp-json\/wp\/v2\/media\/115780"}],"wp:attachment":[{"href":"https:\/\/aiviouvapes.com\/cs\/wp-json\/wp\/v2\/media?parent=115739"}],"wp:term":[{"taxonomy":"product_brand","embeddable":true,"href":"https:\/\/aiviouvapes.com\/cs\/wp-json\/wp\/v2\/product_brand?post=115739"},{"taxonomy":"product_cat","embeddable":true,"href":"https:\/\/aiviouvapes.com\/cs\/wp-json\/wp\/v2\/product_cat?post=115739"},{"taxonomy":"product_tag","embeddable":true,"href":"https:\/\/aiviouvapes.com\/cs\/wp-json\/wp\/v2\/product_tag?post=115739"}],"curies":[{"name":"wp","href":"https:\/\/api.w.org\/{rel}","templated":true}]}}