{"id":114776,"date":"2026-03-12T11:41:24","date_gmt":"2026-03-12T03:41:24","guid":{"rendered":"https:\/\/aiviouvapes.com\/?post_type=product&#038;p=114776"},"modified":"2026-03-28T12:20:07","modified_gmt":"2026-03-28T04:20:07","slug":"bang-leader-350k","status":"publish","type":"product","link":"https:\/\/aiviouvapes.com\/cs\/product\/bang-leader-350k\/","title":{"rendered":"Bang Leader 350K | 8 p\u0159\u00edchut\u00ed, 8 v 1, 350000 \u0161luk\u016f, chytr\u00fd displej, jednor\u00e1zov\u00fd vape"},"content":{"rendered":"<p><img data-recalc-dims=\"1\" loading=\"lazy\" decoding=\"async\" class=\"alignnone size-full wp-image-114792\" src=\"https:\/\/i0.wp.com\/aiviouvapes.com\/wp-content\/uploads\/2026\/03\/BANG-LEADER-350K-16.jpg?resize=1020%2C605&#038;ssl=1\" alt=\"Bang Leader 350K\" width=\"1020\" height=\"605\" title=\"\" srcset=\"https:\/\/i0.wp.com\/aiviouvapes.com\/wp-content\/uploads\/2026\/03\/BANG-LEADER-350K-16.jpg?w=1920&amp;ssl=1 1920w, https:\/\/i0.wp.com\/aiviouvapes.com\/wp-content\/uploads\/2026\/03\/BANG-LEADER-350K-16.jpg?resize=300%2C178&amp;ssl=1 300w, https:\/\/i0.wp.com\/aiviouvapes.com\/wp-content\/uploads\/2026\/03\/BANG-LEADER-350K-16.jpg?resize=1024%2C607&amp;ssl=1 1024w, https:\/\/i0.wp.com\/aiviouvapes.com\/wp-content\/uploads\/2026\/03\/BANG-LEADER-350K-16.jpg?resize=768%2C455&amp;ssl=1 768w, https:\/\/i0.wp.com\/aiviouvapes.com\/wp-content\/uploads\/2026\/03\/BANG-LEADER-350K-16.jpg?resize=1536%2C910&amp;ssl=1 1536w, https:\/\/i0.wp.com\/aiviouvapes.com\/wp-content\/uploads\/2026\/03\/BANG-LEADER-350K-16.jpg?resize=18%2C12&amp;ssl=1 18w, https:\/\/i0.wp.com\/aiviouvapes.com\/wp-content\/uploads\/2026\/03\/BANG-LEADER-350K-16.jpg?resize=800%2C474&amp;ssl=1 800w\" sizes=\"auto, (max-width: 1020px) 100vw, 1020px\" \/><\/p>\n<p>Hled\u00e1te pr\u00e9miov\u00fd mega puff vape pro velkoobchod? Bang Leader 350K kombinuje dlouhou dobu pou\u017e\u00edv\u00e1n\u00ed, plynul\u00fd v\u00fdstup chuti, p\u0159izp\u016fsoben\u00ed OEM\/ODM a flexibiln\u00ed mo\u017enosti nikotinu pro glob\u00e1ln\u00ed trhy.<\/p>\n<h3>Pro\u010d si vybrat Bang Leader 350K?<\/h3>\n<ul>\n<li>\ud83d\udd25 A\u017e 350000 v\u00fddech\u016f pro dlouhotrvaj\u00edc\u00ed pou\u017e\u00edv\u00e1n\u00ed<\/li>\n<li>\ud83c\udf08 P\u0159ep\u00edn\u00e1n\u00ed p\u0159\u00edchut\u00ed 8 v 1 pro v\u011bt\u0161\u00ed rozmanitost v jednom za\u0159\u00edzen\u00ed<\/li>\n<li>\u26a1 Dob\u00edjen\u00ed pomoc\u00ed nab\u00edjec\u00edho portu typu C<\/li>\n<li>\ud83d\udca8 C\u00edvka s oky 1,0 pro jemn\u011bj\u0161\u00ed chu\u0165 a stabiln\u00ed p\u00e1ru<\/li>\n<li>\ud83d\udd0b Vestav\u011bn\u00e1 baterie 17350 850 mAh<\/li>\n<li>\ud83d\udee0\ufe0f Podpora OEM\/ODM pro zak\u00e1zkov\u00e9 zna\u010dkov\u00e9 projekty<\/li>\n<li>\ud83c\udf0d Jazyk obalu lze p\u0159izp\u016fsobit angli\u010dtin\u011b, ru\u0161tin\u011b, \u0161pan\u011bl\u0161tin\u011b a dal\u0161\u00edm jazyk\u016fm.<\/li>\n<li>\ud83e\uddea Mo\u017enosti s\u00edly nikotinu: 0%, 2%, 3%, 5%.<\/li>\n<li>\ud83c\udfea Skv\u011bl\u00e9 pro velkoobchodn\u00edky, distributory a maloobchodn\u00ed prodejny s vape za\u0159\u00edzen\u00edmi<\/li>\n<\/ul>\n<h3>Bang Leader 350K P\u0159ehled<\/h3>\n<p>Bang Leader 350K je ur\u010den pro z\u00e1kazn\u00edky, kte\u0159\u00ed cht\u011bj\u00ed velmi vysok\u00fd po\u010det \u0161luk\u016f a v\u011bt\u0161\u00ed v\u00fdb\u011br chut\u00ed v jedn\u00e9 jednor\u00e1zov\u00e9 vape. Sestava 8 v 1 poskytuje u\u017eivatel\u016fm 4 hlavn\u00ed p\u0159\u00edchut\u011b a 4 sm\u00ed\u0161en\u00e9 kombinace p\u0159\u00edchut\u00ed, d\u00edky \u010demu\u017e je vapov\u00e1n\u00ed zaj\u00edmav\u011bj\u0161\u00ed a flexibiln\u011bj\u0161\u00ed. D\u00edky tomu je za\u0159\u00edzen\u00ed atraktivn\u00ed zejm\u00e9na pro z\u00e1kazn\u00edky, kte\u0159\u00ed r\u00e1di st\u0159\u00eddaj\u00ed p\u0159\u00edchut\u011b, ani\u017e by s sebou museli nosit v\u00edce vap\u016f.<\/p>\n<p>Pro odb\u011bratele B2B m\u00e1 tento model tak\u00e9 velkou obchodn\u00ed hodnotu. Podporuje slu\u017eby OEM\/ODM, r\u016fzn\u00e9 varianty nikotinu a v\u00edcejazy\u010dn\u00e1 balen\u00ed, co\u017e distributor\u016fm pom\u00e1h\u00e1 p\u0159izp\u016fsobit v\u00fdrobek r\u016fzn\u00fdm trh\u016fm. D\u00edky sv\u00e9mu odv\u00e1\u017en\u00e9mu vzhledu, velk\u00e9 kapacit\u011b a koncepci bohat\u00e9 na p\u0159\u00edchut\u011b je vhodn\u00fd jako vlajkov\u00fd produkt s vysok\u00fdm obsahem \u0161lukov\u00e1n\u00ed ve vape obchodech a velkoobchodn\u00edch kataloz\u00edch.<\/p>\n<p>Bang Leader 350K je odv\u00e1\u017en\u00fd jednor\u00e1zov\u00fd vape s megaobjemem, kter\u00fd je ur\u010den pro z\u00e1kazn\u00edky, kte\u0159\u00ed cht\u011bj\u00ed dlouhou dobu pou\u017e\u00edv\u00e1n\u00ed, bohat\u0161\u00ed sortiment a silnou tr\u017en\u00ed p\u0159ita\u017elivost. D\u00edky kombinaci p\u0159\u00edchut\u00ed 8 v 1, dob\u00edjec\u00ed konstrukci typu C, v\u00fdstupu s\u00ed\u0165ov\u00e9 spir\u00e1lky a podpo\u0159e OEM\/ODM je v\u00fdkonnou volbou pro n\u00e1ro\u010dn\u00e9 u\u017eivatele, lovce p\u0159\u00edchut\u00ed, vape obchody a glob\u00e1ln\u00ed velkoobchodn\u00ed odb\u011bratele. Pokud chcete pr\u00e9miov\u00fd produkt s vysok\u00fdm obsahem \u0161lukov\u00e1n\u00ed, kter\u00fd pos\u00edl\u00ed v\u00e1\u0161 katalog, Bang Leader 350K je siln\u00fdm kandid\u00e1tem na vlajkovou lo\u010f.<\/p>\n<h3>Bang Leader 350K Specifikace<\/h3>\n<table>\n<tbody>\n<tr>\n<th>Funkce<\/th>\n<th>Podrobnosti<\/th>\n<\/tr>\n<tr>\n<td>N\u00e1zev produktu<\/td>\n<td>Bang Leader 350K<\/td>\n<\/tr>\n<tr>\n<td>Typ za\u0159\u00edzen\u00ed<\/td>\n<td>Jednor\u00e1zov\u00fd vape 8 v 1<\/td>\n<\/tr>\n<tr>\n<td>Po\u010det puf\u016f<\/td>\n<td>A\u017e 350000 vdech\u016f<\/td>\n<\/tr>\n<tr>\n<td>Baterie<\/td>\n<td>17350 850mAh<\/td>\n<\/tr>\n<tr>\n<td>Typ c\u00edvky<\/td>\n<td>C\u00edvka s oky 1,0<\/td>\n<\/tr>\n<tr>\n<td>Nab\u00edjec\u00ed port<\/td>\n<td>Typ C<\/td>\n<\/tr>\n<tr>\n<td>S\u00edla nikotinu<\/td>\n<td>0% \/ 2% \/ 3% \/ 5%<\/td>\n<\/tr>\n<tr>\n<td>P\u0159izp\u016fsoben\u00ed<\/td>\n<td>Podpora OEM \/ ODM<\/td>\n<\/tr>\n<tr>\n<td>Jazyky balen\u00ed<\/td>\n<td>Angli\u010dtina \/ ru\u0161tina \/ \u0161pan\u011bl\u0161tina \/ vlastn\u00ed jazyky<\/td>\n<\/tr>\n<tr>\n<td>Hmotnost jednoho za\u0159\u00edzen\u00ed<\/td>\n<td>140g<\/td>\n<\/tr>\n<tr>\n<td>10 Hmotnost za\u0159\u00edzen\u00ed<\/td>\n<td>1400g<\/td>\n<\/tr>\n<tr>\n<td>Mno\u017estv\u00ed v kartonu<\/td>\n<td>200 ks<\/td>\n<\/tr>\n<tr>\n<td>Velikost kartonu<\/td>\n<td>51,5 \u00d7 51,5 \u00d7 30,5 cm<\/td>\n<\/tr>\n<tr>\n<td>Hmotnost kartonu<\/td>\n<td>28 kg (bez vn\u011bj\u0161\u00ed hmotnosti kartonu)<\/td>\n<\/tr>\n<tr>\n<td>MOQ<\/td>\n<td>10 kus\u016f v sad\u011b s jednou p\u0159\u00edchut\u00ed<\/td>\n<\/tr>\n<\/tbody>\n<\/table>\n<h3><img data-recalc-dims=\"1\" loading=\"lazy\" decoding=\"async\" class=\"alignnone size-full wp-image-114777\" src=\"https:\/\/i0.wp.com\/aiviouvapes.com\/wp-content\/uploads\/2026\/03\/BANG-LEADER-350K-1.jpg?resize=1020%2C372&#038;ssl=1\" alt=\"Bang Leader 350K\" width=\"1020\" height=\"372\" title=\"\" srcset=\"https:\/\/i0.wp.com\/aiviouvapes.com\/wp-content\/uploads\/2026\/03\/BANG-LEADER-350K-1.jpg?w=1920&amp;ssl=1 1920w, https:\/\/i0.wp.com\/aiviouvapes.com\/wp-content\/uploads\/2026\/03\/BANG-LEADER-350K-1.jpg?resize=300%2C109&amp;ssl=1 300w, https:\/\/i0.wp.com\/aiviouvapes.com\/wp-content\/uploads\/2026\/03\/BANG-LEADER-350K-1.jpg?resize=1024%2C373&amp;ssl=1 1024w, https:\/\/i0.wp.com\/aiviouvapes.com\/wp-content\/uploads\/2026\/03\/BANG-LEADER-350K-1.jpg?resize=768%2C280&amp;ssl=1 768w, https:\/\/i0.wp.com\/aiviouvapes.com\/wp-content\/uploads\/2026\/03\/BANG-LEADER-350K-1.jpg?resize=1536%2C560&amp;ssl=1 1536w, https:\/\/i0.wp.com\/aiviouvapes.com\/wp-content\/uploads\/2026\/03\/BANG-LEADER-350K-1.jpg?resize=18%2C7&amp;ssl=1 18w, https:\/\/i0.wp.com\/aiviouvapes.com\/wp-content\/uploads\/2026\/03\/BANG-LEADER-350K-1.jpg?resize=800%2C292&amp;ssl=1 800w\" sizes=\"auto, (max-width: 1020px) 100vw, 1020px\" \/><\/h3>\n<h3>Kombinace chut\u00ed<\/h3>\n<p>Bang Leader 350K vyu\u017e\u00edv\u00e1 inovativn\u00ed <strong>Syst\u00e9m p\u0159ep\u00edn\u00e1n\u00ed p\u0159\u00edchut\u00ed 8 v 1<\/strong>. Ka\u017ed\u00e9 za\u0159\u00edzen\u00ed obsahuje \u010dty\u0159i z\u00e1kladn\u00ed p\u0159\u00edchut\u011b a \u010dty\u0159i automatick\u00e9 kombinace (1+2, 2+3, 3+4 a 4+1), co\u017e u\u017eivatel\u016fm umo\u017e\u0148uje vychutnat si jak \u010dist\u00e9 p\u0159\u00edchut\u011b, tak sm\u00ed\u0161en\u00e9 chut\u011b v jedn\u00e9 vape.<\/p>\n<p>Sady p\u0159\u00edchut\u00ed pokr\u00fdvaj\u00ed \u0161irokou \u0161k\u00e1lu obl\u00edben\u00fdch profil\u016f. N\u011bkter\u00e9 se zam\u011b\u0159uj\u00ed na <strong>chladn\u00e1 ovocn\u00e1 klasika<\/strong> jako Blue Razz Ice, Watermelon Ice, Strawberry Ice a Lemon Lime. Ostatn\u00ed p\u0159in\u00e1\u0161ej\u00ed <strong>sladk\u00e9 bobule a tropick\u00e9 sm\u011bsi<\/strong> jako je bor\u016fvkov\u00fd led, tropick\u00e9 ovoce, jable\u010dn\u00fd led s kiwi a t\u0159e\u0161\u0148ov\u00fd led Blue Razz.<\/p>\n<p>V nab\u00eddce jsou i hrav\u011bj\u0161\u00ed kombinace inspirovan\u00e9 n\u00e1poji a dezerty, nap\u0159\u00edklad Cherry Cola, Pink Lemonade, Mango Passion Fruit a Lemon Peach. Pro milovn\u00edky trop\u016f jsou tu p\u0159\u00edchut\u011b jako Ananasov\u00fd kokosov\u00fd led, Kiwi Passion Fruit Guava a Broskvov\u00fd mangov\u00fd meloun, kter\u00e9 p\u0159in\u00e1\u0161ej\u00ed bohat\u0161\u00ed exotickou chu\u0165.<\/p>\n<p>Mnoh\u00e9 sady zd\u016fraz\u0148uj\u00ed obl\u00edben\u00e9 bobulov\u00e9 a melounov\u00e9 sm\u011bsi, jako je jahodov\u00fd meloun, malinov\u00fd meloun, bor\u016fvkov\u00e1 malina a jahodov\u00fd ban\u00e1n, zat\u00edmco jin\u00e9 obsahuj\u00ed jedine\u010dn\u00e9 p\u0159\u00edchut\u011b, jako je dra\u010d\u00ed led, t\u0159e\u0161\u0148ov\u00e9 gran\u00e1tov\u00e9 jablko, Love 66 a dob\u0159e zn\u00e1m\u00fd profil Fucking Fab.<\/p>\n<p>Celkov\u011b je \u0159ada p\u0159\u00edchut\u00ed Bang Leader 350K navr\u017eena tak, aby byla st\u00e1le sv\u011b\u017e\u00ed a zaj\u00edmav\u00e1. A\u0165 u\u017e u\u017eivatel\u00e9 d\u00e1vaj\u00ed p\u0159ednost ledov\u00e9mu ovoci, tropick\u00fdm sm\u011bs\u00edm, sladk\u00fdm bobul\u00edm nebo p\u0159\u00edchut\u00edm ve stylu n\u00e1poje, syst\u00e9m p\u0159ep\u00edn\u00e1n\u00ed v\u00edce p\u0159\u00edchut\u00ed usnad\u0148uje pozn\u00e1v\u00e1n\u00ed r\u016fzn\u00fdch chut\u00ed bez nutnosti m\u011bnit za\u0159\u00edzen\u00ed.<\/p>\n<h3>Pro koho je tento vape nejlep\u0161\u00ed?<\/h3>\n<ul>\n<li>Intenzivn\u00ed u\u017eivatel\u00e9, kte\u0159\u00ed cht\u011bj\u00ed dlouhotrvaj\u00edc\u00ed za\u0159\u00edzen\u00ed s vysok\u00fdm obsahem pufr\u016f<\/li>\n<li>Milovn\u00edci chut\u00ed, kte\u0159\u00ed r\u00e1di st\u0159\u00eddaj\u00ed r\u016fzn\u00e9 chut\u011b.<\/li>\n<li>Vape obchody, kter\u00e9 cht\u011bj\u00ed vyniknout vlajkovou lod\u00ed jednor\u00e1zov\u00fdch vape za\u0159\u00edzen\u00ed<\/li>\n<li>Velkoobchodn\u00edci a distributo\u0159i, kte\u0159\u00ed hledaj\u00ed mega pufovan\u00e9 v\u00fdrobky p\u0159ipraven\u00e9 pro OEM.<\/li>\n<li>Exportn\u00ed z\u00e1kazn\u00edci, kte\u0159\u00ed pot\u0159ebuj\u00ed flexibiln\u00ed nikotinov\u00e9 a balic\u00ed mo\u017enosti.<\/li>\n<\/ul>\n<h3>\u010cASTO KLADEN\u00c9 DOTAZY<\/h3>\n<h4>1. Kolik puf\u016f nab\u00edz\u00ed Bang Leader 350K?<\/h4>\n<p>Bang Leader 350K nab\u00edz\u00ed a\u017e 350000 potah\u016f, co\u017e z n\u011bj \u010din\u00ed ultra vysokokapacitn\u00ed jednor\u00e1zov\u00fd vape pro dlouhodob\u00e9 pou\u017e\u00edv\u00e1n\u00ed.<\/p>\n<h4>2. Je Bang Leader 350K dob\u00edjec\u00ed?<\/h4>\n<p>Ano, podporuje nab\u00edjen\u00ed typu C, kter\u00e9 u\u017eivatel\u016fm pom\u00e1h\u00e1 pohodln\u011bji vyu\u017e\u00edvat plnou kapacitu za\u0159\u00edzen\u00ed.<\/p>\n<h4>3. Jakou baterii toto za\u0159\u00edzen\u00ed pou\u017e\u00edv\u00e1?<\/h4>\n<p>Za\u0159\u00edzen\u00ed vyu\u017e\u00edv\u00e1 baterii 17350 s kapacitou 850 mAh.<\/p>\n<h4>4. Jak\u00e1 c\u00edvka se pou\u017e\u00edv\u00e1 v Bang Leader 350K?<\/h4>\n<p>Pou\u017e\u00edv\u00e1 spir\u00e1lku s oky 1,0 pro stabiln\u00ed \u017ehaven\u00ed, plynulej\u0161\u00ed p\u00e1ru a lep\u0161\u00ed chu\u0165ov\u00fd v\u00fdkon.<\/p>\n<h4>5. Jak\u00e9 s\u00edly nikotinu jsou k dispozici?<\/h4>\n<p>Mezi mo\u017enosti s\u00edly nikotinu pat\u0159\u00ed 0%, 2%, 3% a 5%.<\/p>\n<h4>6. Podporuje tento produkt OEM nebo ODM?<\/h4>\n<p>Ano. Bang Leader 350K podporuje p\u0159izp\u016fsoben\u00ed OEM a ODM, co\u017e je ide\u00e1ln\u00ed pro priv\u00e1tn\u00ed zna\u010dky a velkoobchodn\u00ed projekty.<\/p>\n<h4>7. Jak\u00e9 jazyky balen\u00ed jsou k dispozici?<\/h4>\n<p>Obaly lze upravit v angli\u010dtin\u011b, ru\u0161tin\u011b, \u0161pan\u011bl\u0161tin\u011b a dal\u0161\u00edch jazyc\u00edch podle pot\u0159eb trhu.<\/p>\n<h4>8. Kolik mo\u017enost\u00ed p\u0159\u00edchut\u00ed je v jednom za\u0159\u00edzen\u00ed?<\/h4>\n<p>Ka\u017ed\u00e9 za\u0159\u00edzen\u00ed Bang Leader 350K je navr\u017eeno jako vape 8 v 1 se 4 hlavn\u00edmi p\u0159\u00edchut\u011bmi a 4 kombinacemi.<\/p>\n<h4>9. Jak\u00e9 je MOQ?<\/h4>\n<p>Minim\u00e1ln\u00ed objednac\u00ed mno\u017estv\u00ed je 10 kus\u016f pro jednu sadu p\u0159\u00edchut\u00ed.<\/p>\n<h4>10. Je Bang Leader 350K vhodn\u00fd pro velkoobchod?<\/h4>\n<p>Ano. Vysok\u00fd po\u010det puf\u016f, podpora p\u0159izp\u016fsoben\u00ed, mo\u017enosti balen\u00ed vhodn\u00e9 pro export a atraktivn\u00ed syst\u00e9m p\u0159\u00edchut\u00ed z n\u011bj d\u011blaj\u00ed silnou volbu pro velkoobchodn\u00ed distribuci.<\/p>\n<h3><img data-recalc-dims=\"1\" loading=\"lazy\" decoding=\"async\" class=\"alignnone size-full wp-image-114793\" src=\"https:\/\/i0.wp.com\/aiviouvapes.com\/wp-content\/uploads\/2026\/03\/BANG-LEADER-350K-17.jpg?resize=800%2C1920&#038;ssl=1\" alt=\"Bang Leader 350K\" width=\"800\" height=\"1920\" title=\"\" srcset=\"https:\/\/i0.wp.com\/aiviouvapes.com\/wp-content\/uploads\/2026\/03\/BANG-LEADER-350K-17.jpg?w=800&amp;ssl=1 800w, https:\/\/i0.wp.com\/aiviouvapes.com\/wp-content\/uploads\/2026\/03\/BANG-LEADER-350K-17.jpg?resize=125%2C300&amp;ssl=1 125w, https:\/\/i0.wp.com\/aiviouvapes.com\/wp-content\/uploads\/2026\/03\/BANG-LEADER-350K-17.jpg?resize=427%2C1024&amp;ssl=1 427w, https:\/\/i0.wp.com\/aiviouvapes.com\/wp-content\/uploads\/2026\/03\/BANG-LEADER-350K-17.jpg?resize=768%2C1843&amp;ssl=1 768w, https:\/\/i0.wp.com\/aiviouvapes.com\/wp-content\/uploads\/2026\/03\/BANG-LEADER-350K-17.jpg?resize=640%2C1536&amp;ssl=1 640w, https:\/\/i0.wp.com\/aiviouvapes.com\/wp-content\/uploads\/2026\/03\/BANG-LEADER-350K-17.jpg?resize=5%2C12&amp;ssl=1 5w\" sizes=\"auto, (max-width: 800px) 100vw, 800px\" \/><\/h3>","protected":false},"excerpt":{"rendered":"<p>Bang Leader 350K je vysokokapacitn\u00ed jednor\u00e1zov\u00e1 vape 8 v 1 ur\u010den\u00e1 pro n\u00e1ro\u010dn\u00e9 u\u017eivatele, milovn\u00edky chut\u00ed a velkoobchodn\u00ed odb\u011bratele. S v\u00fddr\u017e\u00ed a\u017e 350000 potah\u016f, dob\u00edjen\u00edm typu C, v\u00fdkonem s\u00ed\u0165ov\u00e9 spir\u00e1lky a 8 re\u017eimy p\u0159\u00edchut\u00ed v jednom za\u0159\u00edzen\u00ed je silnou volbou pro vape obchody a distributory.<\/p>","protected":false},"featured_media":114785,"comment_status":"open","ping_status":"closed","template":"","meta":[],"product_brand":[239],"product_cat":[37],"product_tag":[],"class_list":{"0":"post-114776","1":"product","2":"type-product","3":"status-publish","4":"has-post-thumbnail","6":"product_brand-bang","7":"product_cat-bang","9":"first","10":"instock","11":"shipping-taxable","12":"product-type-simple"},"jetpack_sharing_enabled":true,"tiered_pricing_type":"fixed","tiered_pricing_fixed_rules":[],"tiered_pricing_product_settings":{"layout":"default","base_unit_name":{"singular":null,"plural":null},"default_variation":null},"tiered_pricing_minimum_quantity":null,"tiered_pricing_roles_data":[],"tiered_pricing_percentage_rules":[],"tiered_pricing_maximum_quantity":null,"tiered_pricing_quantity_step":null,"_links":{"self":[{"href":"https:\/\/aiviouvapes.com\/cs\/wp-json\/wp\/v2\/product\/114776","targetHints":{"allow":["GET"]}}],"collection":[{"href":"https:\/\/aiviouvapes.com\/cs\/wp-json\/wp\/v2\/product"}],"about":[{"href":"https:\/\/aiviouvapes.com\/cs\/wp-json\/wp\/v2\/types\/product"}],"replies":[{"embeddable":true,"href":"https:\/\/aiviouvapes.com\/cs\/wp-json\/wp\/v2\/comments?post=114776"}],"wp:featuredmedia":[{"embeddable":true,"href":"https:\/\/aiviouvapes.com\/cs\/wp-json\/wp\/v2\/media\/114785"}],"wp:attachment":[{"href":"https:\/\/aiviouvapes.com\/cs\/wp-json\/wp\/v2\/media?parent=114776"}],"wp:term":[{"taxonomy":"product_brand","embeddable":true,"href":"https:\/\/aiviouvapes.com\/cs\/wp-json\/wp\/v2\/product_brand?post=114776"},{"taxonomy":"product_cat","embeddable":true,"href":"https:\/\/aiviouvapes.com\/cs\/wp-json\/wp\/v2\/product_cat?post=114776"},{"taxonomy":"product_tag","embeddable":true,"href":"https:\/\/aiviouvapes.com\/cs\/wp-json\/wp\/v2\/product_tag?post=114776"}],"curies":[{"name":"wp","href":"https:\/\/api.w.org\/{rel}","templated":true}]}}