{"id":114623,"date":"2026-03-12T11:10:04","date_gmt":"2026-03-12T03:10:04","guid":{"rendered":"https:\/\/aiviouvapes.com\/?post_type=product&#038;p=114623"},"modified":"2026-04-24T12:53:41","modified_gmt":"2026-04-24T04:53:41","slug":"waspe-bar-60k","status":"publish","type":"product","link":"https:\/\/aiviouvapes.com\/cs\/product\/waspe-bar-60k\/","title":{"rendered":"WASPE Bar 60K | 60000 \u0161luk\u016f, dlouh\u00e1 v\u00fddr\u017e, 16 mo\u017enost\u00ed p\u0159\u00edchut\u00ed, jednor\u00e1zov\u00fd vape ve velk\u00e9m balen\u00ed"},"content":{"rendered":"<p><img data-recalc-dims=\"1\" loading=\"lazy\" decoding=\"async\" class=\"alignnone size-full wp-image-114648\" src=\"https:\/\/i0.wp.com\/aiviouvapes.com\/wp-content\/uploads\/2026\/03\/WASPE-Bar-60K-Puffs-25.jpg?resize=1020%2C1192&#038;ssl=1\" alt=\"WASPE Bar 60K Puffs\" width=\"1020\" height=\"1192\" title=\"\" srcset=\"https:\/\/i0.wp.com\/aiviouvapes.com\/wp-content\/uploads\/2026\/03\/WASPE-Bar-60K-Puffs-25.jpg?w=1643&amp;ssl=1 1643w, https:\/\/i0.wp.com\/aiviouvapes.com\/wp-content\/uploads\/2026\/03\/WASPE-Bar-60K-Puffs-25.jpg?resize=257%2C300&amp;ssl=1 257w, https:\/\/i0.wp.com\/aiviouvapes.com\/wp-content\/uploads\/2026\/03\/WASPE-Bar-60K-Puffs-25.jpg?resize=876%2C1024&amp;ssl=1 876w, https:\/\/i0.wp.com\/aiviouvapes.com\/wp-content\/uploads\/2026\/03\/WASPE-Bar-60K-Puffs-25.jpg?resize=768%2C897&amp;ssl=1 768w, https:\/\/i0.wp.com\/aiviouvapes.com\/wp-content\/uploads\/2026\/03\/WASPE-Bar-60K-Puffs-25.jpg?resize=1314%2C1536&amp;ssl=1 1314w, https:\/\/i0.wp.com\/aiviouvapes.com\/wp-content\/uploads\/2026\/03\/WASPE-Bar-60K-Puffs-25.jpg?resize=10%2C12&amp;ssl=1 10w, https:\/\/i0.wp.com\/aiviouvapes.com\/wp-content\/uploads\/2026\/03\/WASPE-Bar-60K-Puffs-25.jpg?resize=800%2C935&amp;ssl=1 800w\" sizes=\"auto, (max-width: 1020px) 100vw, 1020px\" \/><\/p>\n<h3>Pro\u010d si vybrat WASPE Bar 60K?<\/h3>\n<ul>\n<li>\ud83d\udca8 <strong>A\u017e 60000 vdech\u016f<\/strong> pro dlouhodob\u00e9 pou\u017e\u00edv\u00e1n\u00ed a lep\u0161\u00ed hodnotu<\/li>\n<li>\ud83c\udf53 <strong>16 obl\u00edben\u00fdch ovocn\u00fdch a ledov\u00fdch p\u0159\u00edchut\u00ed<\/strong> p\u0159izp\u016fsobit se r\u016fzn\u00fdm vkus\u016fm z\u00e1kazn\u00edk\u016f<\/li>\n<li>\ud83e\uddca Hladk\u00e1 a p\u0159\u00edjemn\u00e1 chu\u0165 pro ka\u017edodenn\u00ed vaping<\/li>\n<li>\ud83d\udd0b Navr\u017eeno pro n\u00e1ro\u010dn\u00e9 u\u017eivatele, kte\u0159\u00ed cht\u011bj\u00ed jednor\u00e1zov\u00e9 za\u0159\u00edzen\u00ed na dlouhou dobu pou\u017e\u00edv\u00e1n\u00ed<\/li>\n<li>\ud83c\udf0d K dispozici v <strong>0%, 2% a 5% nikotinu<\/strong> pro r\u016fzn\u00e9 pot\u0159eby trhu<\/li>\n<li>\ud83d\udce6 <strong>160ks v kartonu<\/strong> a <strong>10ks v krabici<\/strong>, ide\u00e1ln\u00ed pro velkoobchodn\u00ed objedn\u00e1vky<\/li>\n<li>\ud83c\udfea Skv\u011bl\u00e9 pro vape obchody, distributory, dovozce a online prodejce vape produkt\u016f<\/li>\n<li>\ud83d\ude80 Siln\u00fd produkt s vysok\u00fdm obsahem pufru pro vytvo\u0159en\u00ed atraktivn\u00ed \u0159ady jednor\u00e1zov\u00fdch vape za\u0159\u00edzen\u00ed<\/li>\n<\/ul>\n<h3>WASPE Bar 60K Podrobnosti o jednor\u00e1zov\u00e9m vape<\/h3>\n<p>The <strong>WASPE Bar 60K Puffs jednor\u00e1zov\u00fd vape<\/strong> je velkokapacitn\u00ed za\u0159\u00edzen\u00ed ur\u010den\u00e9 pro z\u00e1kazn\u00edky, kte\u0159\u00ed cht\u011bj\u00ed v\u00edce \u0161luk\u016f, v\u00edce chuti a v\u00edce pohodl\u00ed v jednom v\u00fdrobku. Je to skv\u011bl\u00e1 volba pro trhy, kter\u00e9 vy\u017eaduj\u00ed jednor\u00e1zov\u00e9 vapery s dlouhou \u017eivotnost\u00ed, atraktivn\u00edmi p\u0159\u00edchut\u011bmi a flexibiln\u00ed silou nikotinu.<\/p>\n<p>Pro odb\u011bratele B2B je WASPE Bar 60K snadn\u00fdm produktem, kter\u00fd lze p\u0159idat do velkoobchodn\u00edho katalogu. Kapacita 60000 potah\u016f mu pom\u00e1h\u00e1 vyniknout na konkuren\u010dn\u00edm trhu jednor\u00e1zov\u00fdch vap\u016f, zat\u00edmco v\u00fdb\u011br p\u0159\u00edchut\u00ed zahrnuje ovocn\u00e9, ledov\u00e9, sladk\u00e9 a sm\u00ed\u0161en\u00e9 profily, kter\u00e9 jsou obl\u00edben\u00e9 u mnoha spot\u0159ebitel\u016f. D\u00edky tomu mohou distributo\u0159i a vape shopy sn\u00e1ze oslovit jak b\u011b\u017en\u00e9 vapery, tak z\u00e1kazn\u00edky, kte\u0159\u00ed hledaj\u00ed nov\u00e9 odv\u00e1\u017en\u00e9 p\u0159\u00edchut\u011b. \u2728<\/p>\n<h3>Specifikace WASPE Bar 60K<\/h3>\n<table>\n<tbody>\n<tr>\n<th>N\u00e1zev produktu<\/th>\n<td>WASPE Bar 60K Puffs<\/td>\n<\/tr>\n<tr>\n<th>Typ za\u0159\u00edzen\u00ed<\/th>\n<td>Jednor\u00e1zov\u00e9 za\u0159\u00edzen\u00ed Vape<\/td>\n<\/tr>\n<tr>\n<th>Po\u010det puf\u016f<\/th>\n<td>60000 puff\u016f<\/td>\n<\/tr>\n<tr>\n<th>S\u00edla nikotinu<\/th>\n<td>0% \/ 2% \/ 5%<\/td>\n<\/tr>\n<tr>\n<th>Mo\u017enosti p\u0159\u00edchut\u00ed<\/th>\n<td>16 p\u0159\u00edchut\u00ed<\/td>\n<\/tr>\n<tr>\n<th>Balen\u00ed<\/th>\n<td>10 ks\/krabice<\/td>\n<\/tr>\n<tr>\n<th>Mno\u017estv\u00ed v kartonu<\/th>\n<td>160ks\/ksn<\/td>\n<\/tr>\n<tr>\n<th>Hrub\u00e1 hmotnost<\/th>\n<td>20,8 kg<\/td>\n<\/tr>\n<tr>\n<th>C\u00edlov\u00ed kupuj\u00edc\u00ed<\/th>\n<td>Velkoobchodn\u00edci, distributo\u0159i, vape obchody, maloobchodn\u00edci<\/td>\n<\/tr>\n<\/tbody>\n<\/table>\n<h3>WASPE Bar 60K p\u0159\u00edchut\u00ed \ud83c\udf4d\ud83c\udf47\ud83c\udf49<\/h3>\n<p><strong>Melounov\u00fd led<\/strong> - \u0160\u0165avnat\u00e1 chu\u0165 melounu s chladiv\u00fdm ledov\u00fdm z\u00e1v\u011brem, sv\u011b\u017e\u00ed a snadno vychutnateln\u00e1.<\/p>\n<p><strong>Bor\u016fvkov\u00fd led<\/strong> - Sladk\u00e1 bor\u016fvkov\u00e1 p\u0159\u00edchu\u0165 se m\u00eds\u00ed se sv\u011b\u017e\u00edm chladiv\u00fdm n\u00e1dechem.<\/p>\n<p><strong>Hroznov\u00fd led<\/strong> - Bohat\u00e1 hroznov\u00e1 sladkost s osv\u011b\u017euj\u00edc\u00edm ledov\u00fdm n\u00e1dechem.<\/p>\n<p><strong>Citron Limetka<\/strong> - Jasn\u00e1 citrusov\u00e1 p\u0159\u00edchu\u0165 s pikantn\u00ed a \u017eivou chut\u00ed.<\/p>\n<p><strong>Jahodov\u00fd ban\u00e1n<\/strong> - Jemn\u00e1 a sladk\u00e1 ovocn\u00e1 sm\u011bs, kterou si obl\u00edbilo mnoho u\u017eivatel\u016f vape.<\/p>\n<p><strong>Sm\u00ed\u0161en\u00e9 bobule<\/strong> - Odv\u00e1\u017en\u00e1 sm\u011bs bobulovit\u00e9ho ovoce s vrstven\u00fdmi sladk\u00fdmi a trpk\u00fdmi t\u00f3ny.<\/p>\n<p><strong>Red Bull Led<\/strong> - Chu\u0165 inspirovan\u00e1 energetick\u00fdm drinkem s chladiv\u00fdm z\u00e1v\u011brem pro siln\u011bj\u0161\u00ed chu\u0165ov\u00fd n\u00e1boj.<\/p>\n<p><strong>Kiwi meloun<\/strong> - Vyv\u00e1\u017een\u00e1 sm\u011bs \u0161\u0165avnat\u00e9ho melounu a pikantn\u00edho kiwi.<\/p>\n<p><strong>Jahodov\u00fd meloun<\/strong> - Sladk\u00e1 a osv\u011b\u017euj\u00edc\u00ed kombinace ovoce s \u0161irok\u00fdm z\u00e1b\u011brem z\u00e1kazn\u00edk\u016f.<\/p>\n<p><strong>Bor\u016fvka Malina T\u0159e\u0161e\u0148<\/strong> - Bohat\u00fd trojit\u00fd jahodov\u00fd profil s hlubokou sladkost\u00ed a ovocnou komplexnost\u00ed.<\/p>\n<p><strong>Ostru\u017eina \u010cern\u00fd ryb\u00edz<\/strong> - Chu\u0165 tmav\u00e9ho bobulov\u00e9ho ovoce s v\u00fdrazn\u00fdm a lehce pikantn\u00edm z\u00e1v\u011brem.<\/p>\n<p><strong>Jahodov\u00fd led Black Dragon<\/strong> - Speci\u00e1ln\u00ed ovocn\u00e1 sm\u011bs se sladk\u00fdmi jahodami a chladiv\u00fdm exotick\u00fdm n\u00e1dechem.<\/p>\n<p><strong>Jahodov\u00e9 kiwi<\/strong> - Klasick\u00e1 kombinace ovoce se sladkou a pikantn\u00ed rovnov\u00e1hou.<\/p>\n<p><strong>Blue Cherry Cola<\/strong> - Z\u00e1bavn\u00e1 a jedine\u010dn\u00e1 sm\u011bs bobul\u00ed, t\u0159e\u0161n\u00ed a chuti inspirovan\u00e9 kolou.<\/p>\n<p><strong>Kiwi Meloun Ice<\/strong> - Sv\u011b\u017e\u00ed melounov\u00e1 sm\u011bs s jasem kiwi a ledovou jemnost\u00ed.<\/p>\n<p><strong>Broskev Mango Ananas<\/strong> - Sm\u011bs tropick\u00e9ho ovoce pln\u00e1 sladk\u00e9, \u0161\u0165avnat\u00e9 a slune\u010dn\u00e9 chuti. \ud83c\udf34<\/p>\n<p><img data-recalc-dims=\"1\" loading=\"lazy\" decoding=\"async\" class=\"alignnone size-full wp-image-114647\" src=\"https:\/\/i0.wp.com\/aiviouvapes.com\/wp-content\/uploads\/2026\/03\/WASPE-Bar-60K-Puffs-24.jpg?resize=1020%2C574&#038;ssl=1\" alt=\"WASPE Bar 60K Puffs\" width=\"1020\" height=\"574\" title=\"\" srcset=\"https:\/\/i0.wp.com\/aiviouvapes.com\/wp-content\/uploads\/2026\/03\/WASPE-Bar-60K-Puffs-24.jpg?w=1920&amp;ssl=1 1920w, https:\/\/i0.wp.com\/aiviouvapes.com\/wp-content\/uploads\/2026\/03\/WASPE-Bar-60K-Puffs-24.jpg?resize=300%2C169&amp;ssl=1 300w, https:\/\/i0.wp.com\/aiviouvapes.com\/wp-content\/uploads\/2026\/03\/WASPE-Bar-60K-Puffs-24.jpg?resize=1024%2C576&amp;ssl=1 1024w, https:\/\/i0.wp.com\/aiviouvapes.com\/wp-content\/uploads\/2026\/03\/WASPE-Bar-60K-Puffs-24.jpg?resize=768%2C432&amp;ssl=1 768w, https:\/\/i0.wp.com\/aiviouvapes.com\/wp-content\/uploads\/2026\/03\/WASPE-Bar-60K-Puffs-24.jpg?resize=1536%2C864&amp;ssl=1 1536w, https:\/\/i0.wp.com\/aiviouvapes.com\/wp-content\/uploads\/2026\/03\/WASPE-Bar-60K-Puffs-24.jpg?resize=18%2C10&amp;ssl=1 18w, https:\/\/i0.wp.com\/aiviouvapes.com\/wp-content\/uploads\/2026\/03\/WASPE-Bar-60K-Puffs-24.jpg?resize=800%2C450&amp;ssl=1 800w\" sizes=\"auto, (max-width: 1020px) 100vw, 1020px\" \/> <img data-recalc-dims=\"1\" loading=\"lazy\" decoding=\"async\" class=\"alignnone size-full wp-image-114646\" src=\"https:\/\/i0.wp.com\/aiviouvapes.com\/wp-content\/uploads\/2026\/03\/WASPE-Bar-60K-Puffs-23.jpg?resize=1020%2C574&#038;ssl=1\" alt=\"WASPE Bar 60K Puffs\" width=\"1020\" height=\"574\" title=\"\" srcset=\"https:\/\/i0.wp.com\/aiviouvapes.com\/wp-content\/uploads\/2026\/03\/WASPE-Bar-60K-Puffs-23.jpg?w=1920&amp;ssl=1 1920w, https:\/\/i0.wp.com\/aiviouvapes.com\/wp-content\/uploads\/2026\/03\/WASPE-Bar-60K-Puffs-23.jpg?resize=300%2C169&amp;ssl=1 300w, https:\/\/i0.wp.com\/aiviouvapes.com\/wp-content\/uploads\/2026\/03\/WASPE-Bar-60K-Puffs-23.jpg?resize=1024%2C576&amp;ssl=1 1024w, https:\/\/i0.wp.com\/aiviouvapes.com\/wp-content\/uploads\/2026\/03\/WASPE-Bar-60K-Puffs-23.jpg?resize=768%2C432&amp;ssl=1 768w, https:\/\/i0.wp.com\/aiviouvapes.com\/wp-content\/uploads\/2026\/03\/WASPE-Bar-60K-Puffs-23.jpg?resize=1536%2C864&amp;ssl=1 1536w, https:\/\/i0.wp.com\/aiviouvapes.com\/wp-content\/uploads\/2026\/03\/WASPE-Bar-60K-Puffs-23.jpg?resize=18%2C10&amp;ssl=1 18w, https:\/\/i0.wp.com\/aiviouvapes.com\/wp-content\/uploads\/2026\/03\/WASPE-Bar-60K-Puffs-23.jpg?resize=800%2C450&amp;ssl=1 800w\" sizes=\"auto, (max-width: 1020px) 100vw, 1020px\" \/><\/p>\n<h3>\u010casto kladen\u00e9 ot\u00e1zky o WASPE Bar 60K \u2753<\/h3>\n<h4>1. Kolik puf\u016f nab\u00edz\u00ed WASPE Bar 60K?<\/h4>\n<p>WASPE Bar 60K nab\u00edz\u00ed a\u017e <strong>60000 obl\u00e1\u010dk\u016f<\/strong>, co\u017e z n\u011bj \u010din\u00ed skv\u011blou volbu pro u\u017eivatele, kte\u0159\u00ed cht\u011bj\u00ed jednor\u00e1zovou vapku s dlouhou \u017eivotnost\u00ed.<\/p>\n<h4>2. Jak\u00e1 je s\u00edla nikotinu?<\/h4>\n<p>Toto za\u0159\u00edzen\u00ed je k dispozici v <strong>0%, 2% a 5% nikotinu<\/strong>, tak\u017ee m\u016f\u017ee vyhovovat r\u016fzn\u00fdm preferenc\u00edm z\u00e1kazn\u00edk\u016f a po\u017eadavk\u016fm trhu.<\/p>\n<h4>3. Kolik p\u0159\u00edchut\u00ed m\u00e1 tento model?<\/h4>\n<p>WASPE Bar 60K se dod\u00e1v\u00e1 v proveden\u00ed <strong>16 mo\u017enost\u00ed p\u0159\u00edchut\u00ed<\/strong>, v\u010detn\u011b ovocn\u00fdch, ledov\u00fdch, bobulov\u00fdch, tropick\u00fdch a n\u00e1pojov\u00fdch p\u0159\u00edchut\u00ed.<\/p>\n<h4>4. Je WASPE Bar 60K vhodn\u00fd pro velkoobchod?<\/h4>\n<p>Ano. S <strong>10ks v krabici<\/strong> a <strong>160ks v kartonu<\/strong>, je velmi vhodn\u00fd pro velkoobchodn\u00edky, distributory a vape obchody, kter\u00e9 hledaj\u00ed hromadn\u00e9 jednor\u00e1zov\u00e9 z\u00e1soby vape.<\/p>\n<h4>5. Pro koho je tento produkt nejvhodn\u011bj\u0161\u00ed?<\/h4>\n<p>Tento produkt je ide\u00e1ln\u00ed pro n\u00e1ro\u010dn\u00e9 u\u017eivatele, milovn\u00edky p\u0159\u00edchut\u00ed, prodejce jednor\u00e1zov\u00fdch vape za\u0159\u00edzen\u00ed a B2B z\u00e1kazn\u00edky, kte\u0159\u00ed cht\u011bj\u00ed model s vysok\u00fdm po\u010dtem \u0161luk\u016f a \u0161irok\u00fdm prodejn\u00edm potenci\u00e1lem.<\/p>\n<h4>6. Pro\u010d je WASPE Bar 60K atraktivn\u00ed pro vape obchody?<\/h4>\n<p>Kombinuje velmi vysok\u00fd po\u010det \u0161luk\u016f, flexibiln\u00ed v\u00fdb\u011br nikotinu a obl\u00edben\u00e9 p\u0159\u00edchut\u011b v jednom za\u0159\u00edzen\u00ed, co\u017e pom\u00e1h\u00e1 vape shop\u016fm nab\u00edzet konkurenceschopn\u011bj\u0161\u00ed a atraktivn\u011bj\u0161\u00ed sortiment.<\/p>\n<h3>WASPE Bar 60K p\u0159ehled<\/h3>\n<p><strong>WASPE Bar 60K jednor\u00e1zov\u00fd vape<\/strong> je silnou volbou pro <strong>n\u00e1ro\u010dn\u00ed u\u017eivatel\u00e9<\/strong> kte\u0159\u00ed cht\u011bj\u00ed del\u0161\u00ed pou\u017e\u00edv\u00e1n\u00ed, pro <strong>lovci chut\u00ed<\/strong> kte\u0159\u00ed maj\u00ed r\u00e1di ovocn\u00e9 a ledov\u00e9 sm\u011bsi, a pro ty. <strong>vape obchody a velkoobchodn\u00ed distributo\u0159i<\/strong> hled\u00e1te vysoce \u017e\u00e1dan\u00fd jednor\u00e1zov\u00fd vape produkt. Tento model s kapacitou a\u017e 60000 \u0161luk\u016f, flexibiln\u00ed hladinou nikotinu a velkoobchodn\u00edm balen\u00edm je vytvo\u0159en tak, aby podporoval jak \u00fasp\u011bch maloobchodu, tak r\u016fst velkodistribuce. \ud83d\udcc8<\/p>","protected":false},"excerpt":{"rendered":"<p>Vychutnejte si v\u00fdkonn\u00e9 <strong>WASPE Bar 60K jednor\u00e1zov\u00fd vape<\/strong> s a\u017e <strong>60000 obl\u00e1\u010dk\u016f<\/strong>, bohat\u00e9 ovocn\u00e9 a ledov\u00e9 p\u0159\u00edchut\u011b a flexibiln\u00ed <strong>0% \/ 2% \/ 5% nikotin<\/strong> mo\u017enosti. Chytr\u00e1 volba pro velkoobchodn\u00edky, distributory a n\u00e1ro\u010dn\u00e9 u\u017eivatele, kte\u0159\u00ed hledaj\u00ed jednor\u00e1zov\u00fd vape s vysok\u00fdm obsahem oxidu uhli\u010dit\u00e9ho a silnou tr\u017en\u00ed atraktivitou. \ud83d\ude80<\/p>","protected":false},"featured_media":114657,"comment_status":"open","ping_status":"closed","template":"","meta":[],"product_brand":[227],"product_cat":[19,242],"product_tag":[],"class_list":{"0":"post-114623","1":"product","2":"type-product","3":"status-publish","4":"has-post-thumbnail","6":"product_brand-waspe","7":"product_cat-waspe","8":"product_cat-60000-puffs-disposable-vape","10":"first","11":"instock","12":"shipping-taxable","13":"purchasable","14":"product-type-variable","15":"has-default-attributes"},"jetpack_sharing_enabled":true,"tiered_pricing_type":"fixed","tiered_pricing_fixed_rules":{"30":7.86000000000000031974423109204508364200592041015625,"50":6.5999999999999996447286321199499070644378662109375,"100":6.339999999999999857891452847979962825775146484375,"200":6.20999999999999996447286321199499070644378662109375,"400":5.75},"tiered_pricing_product_settings":{"layout":"default","base_unit_name":{"singular":null,"plural":null},"default_variation":null},"tiered_pricing_minimum_quantity":10,"tiered_pricing_roles_data":[],"tiered_pricing_percentage_rules":[],"tiered_pricing_maximum_quantity":null,"tiered_pricing_quantity_step":"10","_links":{"self":[{"href":"https:\/\/aiviouvapes.com\/cs\/wp-json\/wp\/v2\/product\/114623","targetHints":{"allow":["GET"]}}],"collection":[{"href":"https:\/\/aiviouvapes.com\/cs\/wp-json\/wp\/v2\/product"}],"about":[{"href":"https:\/\/aiviouvapes.com\/cs\/wp-json\/wp\/v2\/types\/product"}],"replies":[{"embeddable":true,"href":"https:\/\/aiviouvapes.com\/cs\/wp-json\/wp\/v2\/comments?post=114623"}],"wp:featuredmedia":[{"embeddable":true,"href":"https:\/\/aiviouvapes.com\/cs\/wp-json\/wp\/v2\/media\/114657"}],"wp:attachment":[{"href":"https:\/\/aiviouvapes.com\/cs\/wp-json\/wp\/v2\/media?parent=114623"}],"wp:term":[{"taxonomy":"product_brand","embeddable":true,"href":"https:\/\/aiviouvapes.com\/cs\/wp-json\/wp\/v2\/product_brand?post=114623"},{"taxonomy":"product_cat","embeddable":true,"href":"https:\/\/aiviouvapes.com\/cs\/wp-json\/wp\/v2\/product_cat?post=114623"},{"taxonomy":"product_tag","embeddable":true,"href":"https:\/\/aiviouvapes.com\/cs\/wp-json\/wp\/v2\/product_tag?post=114623"}],"curies":[{"name":"wp","href":"https:\/\/api.w.org\/{rel}","templated":true}]}}