{"id":111650,"date":"2026-02-28T10:30:51","date_gmt":"2026-02-28T02:30:51","guid":{"rendered":"https:\/\/aiviouvapes.com\/?post_type=product&#038;p=111650"},"modified":"2026-04-07T09:59:22","modified_gmt":"2026-04-07T01:59:22","slug":"bang-king-200k","status":"publish","type":"product","link":"https:\/\/aiviouvapes.com\/cs\/product\/bang-king-200k\/","title":{"rendered":"Bang King 200K | 8 v 1 200000 \u0161luk\u016f, \u010dty\u0159n\u00e1sobn\u00e1 n\u00e1dr\u017e, 8 p\u0159\u00edchut\u00ed, vysok\u00e1 kapacita, jednor\u00e1zov\u00e9 vapov\u00e1n\u00ed ve velk\u00e9m mno\u017estv\u00ed"},"content":{"rendered":"<h2>Bang King 200K | 8 v 1 200000 puffs mega kapacita quad coil jednor\u00e1zov\u00e9 vape<\/h2>\n<h3>\ud83d\udd25 Bang King 200K jednor\u00e1zov\u00e1 vape 8 v 1 - masivn\u00ed \u0161luky, masivn\u00ed p\u0159\u00edchut\u011b<\/h3>\n<p>The <strong>Bang King 200K 8-in-1 jednor\u00e1zov\u00fd vape<\/strong> je zkonstruov\u00e1n pro velk\u00fd v\u00fdkon. S neuv\u011b\u0159iteln\u00fdm <strong>Kapacita 200000 puf\u016f<\/strong>, \u010dty\u0159mi 16ml n\u00e1dr\u017ekami na e-liquid a 1,0\u03a9 spir\u00e1lkami je toto za\u0159\u00edzen\u00ed navr\u017eeno pro dlouhotrvaj\u00edc\u00ed chu\u0165 a silnou produkci p\u00e1ry. \ud83d\udca8<\/p>\n<p>A\u0165 u\u017e jste majitel vape shopu, distributor nebo n\u00e1ro\u010dn\u00fd u\u017eivatel, kter\u00fd chce prodlou\u017eit dobu vapov\u00e1n\u00ed, Bang King 200K nab\u00edz\u00ed v\u00fdkon, rozmanitost chut\u00ed a vynikaj\u00edc\u00ed velkoobchodn\u00ed hodnotu v jednom pr\u00e9miov\u00e9m za\u0159\u00edzen\u00ed.<\/p>\n<h3>\u2705 Pro\u010d si vybrat Bang King 200K?<\/h3>\n<ul>\n<li>\ud83d\udd25 A\u017e 200000 \u0161luk\u016f - Ultra vysokokapacitn\u00ed jednor\u00e1zov\u00e1 vape pro dlouhodob\u00e9 pou\u017e\u00edv\u00e1n\u00ed<\/li>\n<li>\ud83c\udfaf P\u0159ep\u00edn\u00e1n\u00ed p\u0159\u00edchut\u00ed 8 v 1 - v\u00edce kombinac\u00ed p\u0159\u00edchut\u00ed v jednom za\u0159\u00edzen\u00ed<\/li>\n<li>\ud83d\udca7 16ml x 4 n\u00e1dr\u017ee na e-liquid - celkem 64ml masivn\u00ed kapacity \u0161\u0165\u00e1vy<\/li>\n<li>\u26a1 650mAh vestav\u011bn\u00e1 baterie - stabiln\u00ed v\u00fdstup a plynul\u00fd v\u00fdkon<\/li>\n<li>\ud83c\udf00 1.0\u03a9 Quad Coil System - siln\u00e1 chu\u0165, hladk\u00fd z\u00e1sah do hrdla<\/li>\n<li>\ud83d\udce6 Velkoobjemov\u00e9 balen\u00ed - ur\u010deno pro velkoobchod a distribuci<\/li>\n<li>\ud83d\udcbc Vysok\u00e1 ziskov\u00e1 mar\u017ee - ide\u00e1ln\u00ed pro distributory vape a B2B odb\u011bratele<\/li>\n<\/ul>\n<h3>\ud83d\udcca Bang King 200K Specifikace<\/h3>\n<table>\n<tbody>\n<tr>\n<td><strong>Po\u010det puf\u016f<\/strong><\/td>\n<td>A\u017e 200000 puff\u016f<\/td>\n<\/tr>\n<tr>\n<td><strong>Kapacita e-liquidu<\/strong><\/td>\n<td>16 ml x 4 (celkem 64 ml)<\/td>\n<\/tr>\n<tr>\n<td><strong>Baterie<\/strong><\/td>\n<td>Vestav\u011bn\u00e1 baterie 650 mAh<\/td>\n<\/tr>\n<tr>\n<td><strong>Odolnost c\u00edvky<\/strong><\/td>\n<td>1,0\u03a9 x 4<\/td>\n<\/tr>\n<tr>\n<td><strong>Hmotnost za\u0159\u00edzen\u00ed<\/strong><\/td>\n<td>150 g (jedna jednotka)<\/td>\n<\/tr>\n<tr>\n<td><strong>Velikost krabice (6ks)<\/strong><\/td>\n<td>137 \u00d7 91 \u00d7 127,5 mm<\/td>\n<\/tr>\n<tr>\n<td><strong>Velikost kartonu<\/strong><\/td>\n<td>57 \u00d7 48 \u00d7 15 cm<\/td>\n<\/tr>\n<tr>\n<td><strong>Hmotnost kartonu<\/strong><\/td>\n<td>120 ks \/ 20 kg<\/td>\n<\/tr>\n<\/tbody>\n<\/table>\n<h3>\ud83c\udf53 Kombinace chut\u00ed - z\u00e1\u017eitek 8 v 1<\/h3>\n<p><strong>Modr\u00e1 Malina Led \/ Broskvov\u00fd Led \/ Hroznov\u00fd Led \/ Mangov\u00fd Led<\/strong> - Chladiv\u00e1 ovocn\u00e1 sm\u011bs s osv\u011b\u017euj\u00edc\u00edm ledov\u00fdm z\u00e1v\u011brem \u2744\ufe0f<\/p>\n<p><strong>Broskev Mango Meloun \/ Red Bull \/ Jahoda Red Bull \/ Jahoda Kiwi<\/strong> - Sladk\u00fd energetick\u00fd n\u00e1poj ve stylu tropick\u00e9ho ovoce \u26a1<\/p>\n<p><strong>Jahodov\u00e9 mango \/ Jahodov\u00e1 zmrzlina \/ Ban\u00e1nov\u00e1 zmrzlina \/ Jahodov\u00e9 li\u010di<\/strong> - Kolekce kr\u00e9mov\u00fdch a ovocn\u00fdch dezert\u016f \ud83c\udf68<\/p>\n<p><strong>Dvojit\u00e9 Jablko \/ Mango Broskev \/ Jahoda Meloun \/ Jahoda Vanilka Cola<\/strong> - Klasick\u00e9 ovoce se sodovkov\u00fdm n\u00e1dechem \ud83e\udd64<\/p>\n<p><strong>\u010cern\u00fd Drak Led \/ L\u00e1ska 66 \/ Pan Modr\u00fd \/ Jahodov\u00e1 Limon\u00e1da<\/strong> - Pr\u00e9miov\u00e1 sm\u011bs sm\u011bsi bobul\u00ed a citrus\u016f \ud83c\udf4b<\/p>\n<p><strong>Kiwi Passion Fruit Guava \/ Gumov\u00fd medv\u00eddek \/ Duhov\u00e9 bonb\u00f3ny \/ Cukrov\u00e1 vata<\/strong> - Exotick\u00e1 sladkost ve stylu bonb\u00f3n\u016f \ud83c\udf6c<\/p>\n<p><strong>Melounov\u00fd Led \/ Citron a M\u00e1ta \/ Jahodov\u00fd Led \/ Modr\u00e1 Malina T\u0159e\u0161e\u0148<\/strong> - Sv\u011b\u017e\u00ed a chladiv\u00e1 chu\u0165 po cel\u00fd den \ud83c\udf3f<\/p>\n<p><strong>Trojit\u00e9 bobule \/ Tropick\u00e9 ovoce \/ Jahodov\u00fd ban\u00e1n \/ R\u016f\u017eov\u00e1 limon\u00e1da<\/strong> - Vyv\u00e1\u017een\u00e1 sladkokysel\u00e1 sm\u011bs ovoce \ud83c\udf53<\/p>\n<p><strong>Trojit\u00fd meloun \/ bor\u016fvkov\u00fd led \/ t\u0159e\u0161\u0148ov\u00e1 bomba \/ ananasov\u00fd kokos<\/strong> - Odv\u00e1\u017en\u00e1 kombinace tropick\u00fdch a bobulovit\u00fdch plod\u016f \ud83c\udf34<\/p>\n<p><strong>Meloun \u017dv\u00fdka\u010dka \/ Bor\u016fvky Maliny \/ Maliny Meloun \/ Meloun Bor\u016fvky<\/strong> - Sladk\u00e1 exploze \u0161\u0165avnat\u00fdch bobul\u00ed \ud83d\udca5<\/p>\n<p><strong>Chladiv\u00e1 M\u00e1ta \/ Broskev T\u0159e\u0161e\u0148 \/ Broskev Bobule Citron \/ Kiwi Melounov\u00fd Led<\/strong> - Osv\u011b\u017euj\u00edc\u00ed a hladk\u00e9 chladiv\u00e9 hity \u2744\ufe0f<\/p>\n<p><strong>\u0160umiv\u00fd Citron a Limetka \/ Jable\u010dn\u00e9 Mojito \/ Ananasov\u00fd Led \/ Kolov\u00fd Led<\/strong> - Kolekce \u0161umiv\u00e9 limon\u00e1dy a ledov\u00fdch citrus\u016f \ud83e\uddca<\/p>\n<h3>\ud83d\ude80 Ide\u00e1ln\u00ed pro n\u00e1ro\u010dn\u00e9 u\u017eivatele a velkoobchodn\u00ed odb\u011bratele<\/h3>\n<p>Jednor\u00e1zov\u00e1 vape Bang King 200K je ide\u00e1ln\u00ed pro <strong>t\u011b\u017ec\u00ed vap\u00e9\u0159i<\/strong> kte\u0159\u00ed cht\u011bj\u00ed dlouhotrvaj\u00edc\u00ed v\u00fdkon bez \u010dast\u00e9 v\u00fdm\u011bny. Je tak\u00e9 ide\u00e1ln\u00ed pro <strong>lovci chut\u00ed<\/strong> kte\u0159\u00ed r\u00e1di p\u0159ep\u00ednaj\u00ed mezi r\u016fzn\u00fdmi chut\u011bmi v jednom za\u0159\u00edzen\u00ed.<\/p>\n<p>Pro <strong>vape obchody, distributo\u0159i a velkoobchodn\u00ed odb\u011bratel\u00e9<\/strong>, tento velkokapacitn\u00ed jednor\u00e1zov\u00fd vape nab\u00edz\u00ed silnou popt\u00e1vku na trhu, atraktivn\u00ed mar\u017ee a efektivitu hromadn\u00e9ho balen\u00ed. V\u00fdkonn\u00e1 volba pro roz\u0161\u00ed\u0159en\u00ed va\u0161\u00ed produktov\u00e9 \u0159ady jednor\u00e1zov\u00fdch vape.<\/p>\n<h3>\u2753 \u010casto kladen\u00e9 ot\u00e1zky - Bang King 200K jednor\u00e1zov\u00e9 Vape<\/h3>\n<p><strong>Ot\u00e1zka 1: Je Bang King 200K dob\u00edjec\u00ed?<\/strong><br \/>\nOdpov\u011b\u010f: Za\u0159\u00edzen\u00ed obsahuje vestav\u011bnou baterii s kapacitou 650 mAh, kter\u00e1 je navr\u017eena tak, aby podporovala del\u0161\u00ed pou\u017e\u00edv\u00e1n\u00ed d\u00edky sv\u00e9 vysok\u00e9 kapacit\u011b.<\/p>\n<p><strong>Ot\u00e1zka 2: Kolik p\u0159\u00edchut\u00ed je v jednom za\u0159\u00edzen\u00ed?<\/strong><br \/>\nOdpov\u011b\u010f: Ka\u017ed\u00e9 za\u0159\u00edzen\u00ed je vybaveno syst\u00e9mem p\u0159\u00edchut\u00ed 8 v 1, kter\u00fd u\u017eivatel\u016fm umo\u017e\u0148uje vychutnat si v\u00edce kombinac\u00ed p\u0159\u00edchut\u00ed v jedn\u00e9 vape.<\/p>\n<p><strong>Ot\u00e1zka 3: Je tento produkt vhodn\u00fd pro velkoobchodn\u00ed objedn\u00e1vky?<\/strong><br \/>\nOdpov\u011b\u010f: Ano. Model Bang King 200K je balen pro hromadnou distribuci, 120 kus\u016f v kartonu, tak\u017ee je ide\u00e1ln\u00ed pro B2B odb\u011bratele a distributory.<\/p>\n<p><strong>Ot\u00e1zka 4: Pro koho je toto za\u0159\u00edzen\u00ed nejvhodn\u011bj\u0161\u00ed?<\/strong><br \/>\nOdpov\u011b\u010f: Je vhodn\u00fd pro n\u00e1ro\u010dn\u00e9 u\u017eivatele, vapery s dlouh\u00fdmi sezen\u00edmi, milovn\u00edky p\u0159\u00edchut\u00ed, maloobchodn\u00edky a velkoobchodn\u00ed distributory, kte\u0159\u00ed hledaj\u00ed vysokokapacitn\u00ed jednor\u00e1zov\u00e1 za\u0159\u00edzen\u00ed.<\/p>\n<p><strong>Ot\u00e1zka 5: \u010c\u00edm se li\u0161\u00ed od standardn\u00edch jednor\u00e1zov\u00fdch vap\u016f?<\/strong><br \/>\nOdpov\u011b\u010f: D\u00edky mimo\u0159\u00e1dn\u011b vysok\u00e9mu po\u010dtu \u0161luk\u016f, \u010dty\u0159em n\u00e1dr\u017ek\u00e1m na e-liquid a syst\u00e9mu p\u0159ep\u00edn\u00e1n\u00ed p\u0159\u00edchut\u00ed 8 v 1 vynik\u00e1 na trhu velkokapacitn\u00edch jednor\u00e1zov\u00fdch vap\u016f.<\/p>","protected":false},"excerpt":{"rendered":"<p>Bang King 200K 8 v 1 jednor\u00e1zov\u00fd vape poskytuje a\u017e 200000 potah\u016f se \u010dty\u0159mi 16ml tanky, 650mAh bateri\u00ed a 1,0\u03a9 mesh spir\u00e1lkami. Perfektn\u00ed velkokapacitn\u00ed jednor\u00e1zov\u00fd vape pro distributory a n\u00e1ro\u010dn\u00e9 u\u017eivatele.<\/p>","protected":false},"featured_media":111677,"comment_status":"open","ping_status":"closed","template":"","meta":[],"product_brand":[239],"product_cat":[37,336],"product_tag":[519,500,463,478,520],"class_list":{"0":"post-111650","1":"product","2":"type-product","3":"status-publish","4":"has-post-thumbnail","6":"product_brand-bang","7":"product_cat-bang","8":"product_cat-100k-puffs-disposable-vape","9":"product_tag-200k-disposable-vape","10":"product_tag-8-in-1-disposable-vape","11":"product_tag-bulk-disposable-vape-wholesale","12":"product_tag-high-puff-disposable-vape","13":"product_tag-quad-tank-vape-device","15":"first","16":"instock","17":"shipping-taxable","18":"purchasable","19":"product-type-variable","20":"has-default-attributes"},"jetpack_sharing_enabled":true,"tiered_pricing_type":"fixed","tiered_pricing_fixed_rules":{"30":9.589999999999999857891452847979962825775146484375,"50":8.1699999999999999289457264239899814128875732421875,"100":7.519999999999999573674358543939888477325439453125,"200":6.9900000000000002131628207280300557613372802734375,"400":6.480000000000000426325641456060111522674560546875},"tiered_pricing_product_settings":{"layout":"default","base_unit_name":{"singular":null,"plural":null},"default_variation":null},"tiered_pricing_minimum_quantity":10,"tiered_pricing_roles_data":[],"tiered_pricing_percentage_rules":[],"tiered_pricing_maximum_quantity":null,"tiered_pricing_quantity_step":"10","_links":{"self":[{"href":"https:\/\/aiviouvapes.com\/cs\/wp-json\/wp\/v2\/product\/111650","targetHints":{"allow":["GET"]}}],"collection":[{"href":"https:\/\/aiviouvapes.com\/cs\/wp-json\/wp\/v2\/product"}],"about":[{"href":"https:\/\/aiviouvapes.com\/cs\/wp-json\/wp\/v2\/types\/product"}],"replies":[{"embeddable":true,"href":"https:\/\/aiviouvapes.com\/cs\/wp-json\/wp\/v2\/comments?post=111650"}],"wp:featuredmedia":[{"embeddable":true,"href":"https:\/\/aiviouvapes.com\/cs\/wp-json\/wp\/v2\/media\/111677"}],"wp:attachment":[{"href":"https:\/\/aiviouvapes.com\/cs\/wp-json\/wp\/v2\/media?parent=111650"}],"wp:term":[{"taxonomy":"product_brand","embeddable":true,"href":"https:\/\/aiviouvapes.com\/cs\/wp-json\/wp\/v2\/product_brand?post=111650"},{"taxonomy":"product_cat","embeddable":true,"href":"https:\/\/aiviouvapes.com\/cs\/wp-json\/wp\/v2\/product_cat?post=111650"},{"taxonomy":"product_tag","embeddable":true,"href":"https:\/\/aiviouvapes.com\/cs\/wp-json\/wp\/v2\/product_tag?post=111650"}],"curies":[{"name":"wp","href":"https:\/\/api.w.org\/{rel}","templated":true}]}}