{"id":111052,"date":"2026-02-27T00:02:11","date_gmt":"2026-02-26T16:02:11","guid":{"rendered":"https:\/\/aiviouvapes.com\/?post_type=product&#038;p=111052"},"modified":"2026-03-17T11:19:06","modified_gmt":"2026-03-17T03:19:06","slug":"fihp-90k","status":"publish","type":"product","link":"https:\/\/aiviouvapes.com\/cs\/product\/fihp-90k\/","title":{"rendered":"FIHP 90K 3 v 1 | 90 000 \u0161luk\u016f, 42 ml, trojit\u00e1 p\u0159\u00edchu\u0165, LED displej, jednor\u00e1zov\u00fd vape"},"content":{"rendered":"<p><!-- Short SEO Description --><\/p>\n<h2>FIHP 90000 3 v 1 90 000 puff\u016f | trojit\u00e1 p\u0159\u00edchu\u0165 LED obrazovka dob\u00edjec\u00ed jednor\u00e1zov\u00e9 vape<\/h2>\n<p>\ud83d\udd25 <strong>Trojit\u00e1 s\u00edla chuti. Masivn\u00ed v\u00fdkon 90K. Inteligentn\u00ed LED ovl\u00e1d\u00e1n\u00ed.<\/strong> \ud83d\udd25<\/p>\n<p><strong>FIHP 90000 90K puffs jednor\u00e1zov\u00e9 vape<\/strong> je navr\u017een pro seri\u00f3zn\u00ed vapery, kte\u0159\u00ed vy\u017eaduj\u00ed extr\u00e9mn\u00ed v\u00fddr\u017e, v\u00fdrazn\u00e9 pod\u00e1n\u00ed chuti a chytr\u00e9 pou\u017eit\u00ed. D\u00edky inovativn\u00edmu <strong>Trojit\u00fd syst\u00e9m p\u0159\u00edchut\u00ed 3 v 1<\/strong>, toto za\u0159\u00edzen\u00ed spojuje t\u0159i pr\u00e9miov\u00e9 p\u0159\u00edchut\u011b do jedn\u00e9 v\u00fdkonn\u00e9 jednotky s masivn\u00edm <strong>Kapacita 42 ml e-liquidu<\/strong>.<\/p>\n<p>Je ur\u010den pro n\u00e1ro\u010dn\u00e9 u\u017eivatele a velkoobchodn\u00ed trhy a poskytuje a\u017e <strong>90 000 vdech\u016f<\/strong> p\u0159i zachov\u00e1n\u00ed plynul\u00e9 a konzistentn\u00ed p\u00e1ry od prvn\u00edho po posledn\u00ed pota\u017een\u00ed. Vybaveno <strong>0,9\u03a9 dvojit\u00e1 s\u00ed\u0165ov\u00e1 c\u00edvka<\/strong> a <strong>Nab\u00edjec\u00ed baterie s kapacitou 650 mAh<\/strong> s rychl\u00fdm nab\u00edjen\u00edm typu C zaji\u0161\u0165uje toto pokro\u010dil\u00e9 jednor\u00e1zov\u00e9 za\u0159\u00edzen\u00ed poka\u017ed\u00e9 hust\u00e9 mraky a vynikaj\u00edc\u00ed \u010distotu chuti.<\/p>\n<h3>FIHP 90K p\u0159ehled a funkce<\/h3>\n<p>- A\u017e 90 000 v\u00fddech\u016f p\u0159i mimo\u0159\u00e1dn\u011b dlouh\u00e9m v\u00fdkonu<br \/>\n- Syst\u00e9m 3 v 1 s trojitou p\u0159\u00edchut\u00ed (celkov\u00e1 kapacita 42 ml)<br \/>\n- 0,9\u03a9 Dual Mesh Coil pro vy\u0161\u0161\u00ed hustotu p\u00e1ry<br \/>\n- Nab\u00edjec\u00ed baterie s kapacitou 650 mAh<br \/>\n- Podpora rychl\u00e9ho nab\u00edjen\u00ed typu C<br \/>\n- Chytr\u00fd LED displej s procenty baterie v re\u00e1ln\u00e9m \u010dase<br \/>\n- K dispozici v sil\u00e1ch nikotinu 2% a 5%<br \/>\n- 10 pr\u00e9miov\u00fdch kombinac\u00ed chut\u00ed<br \/>\n- 10 ks v krabici - velkoobchodn\u00ed balen\u00ed<\/p>\n<h3>Specifikace FIHP 90K<\/h3>\n<table>\n<tbody>\n<tr>\n<th>Funkce<\/th>\n<th>Podrobnosti<\/th>\n<\/tr>\n<tr>\n<td>Po\u010det puf\u016f<\/td>\n<td>A\u017e 90 000 puf\u016f<\/td>\n<\/tr>\n<tr>\n<td>Kapacita e-liquidu<\/td>\n<td>42 ml (syst\u00e9m trojit\u00e9 p\u0159\u00edchuti)<\/td>\n<\/tr>\n<tr>\n<td>C\u00edvka<\/td>\n<td>0,9\u03a9 Dual Mesh Coil<\/td>\n<\/tr>\n<tr>\n<td>Baterie<\/td>\n<td>Dob\u00edjec\u00ed baterie 650 mAh<\/td>\n<\/tr>\n<tr>\n<td>Nab\u00edjen\u00ed<\/td>\n<td>Rychl\u00e9 nab\u00edjen\u00ed typu C<\/td>\n<\/tr>\n<tr>\n<td>Displej<\/td>\n<td>Chytr\u00e1 LED dioda (baterie re\u00e1ln\u00e9ho \u010dasu %)<\/td>\n<\/tr>\n<tr>\n<td>S\u00edla nikotinu<\/td>\n<td>2% \/ 5%<\/td>\n<\/tr>\n<tr>\n<td>Balen\u00ed<\/td>\n<td>10 kus\u016f v krabici<\/td>\n<\/tr>\n<\/tbody>\n<\/table>\n<h3>FIHP 90K kombinac\u00ed p\u0159\u00edchut\u00ed (syst\u00e9m 3 v 1)<\/h3>\n<table>\n<tbody>\n<tr>\n<th>Kombinace p\u0159\u00edchut\u00ed<\/th>\n<th>Trojit\u00e1 sm\u011bs<\/th>\n<\/tr>\n<tr>\n<td>Kombinace 1<\/td>\n<td>Fizzy Cherry | Lady Killer | Gumov\u00fd medv\u00eddek<\/td>\n<\/tr>\n<tr>\n<td>Kombinace 2<\/td>\n<td>Bor\u016fvka malina | Love 666 | Broskvov\u00fd led<\/td>\n<\/tr>\n<tr>\n<td>Kombinace 3<\/td>\n<td>Malinov\u00fd meloun | Sm\u00ed\u0161en\u00e9 bobule | Mango Peach<\/td>\n<\/tr>\n<tr>\n<td>Kombinace 4<\/td>\n<td>Blue Razz Lemonade | Strawberry Raspberry | Rainbow Candy<\/td>\n<\/tr>\n<tr>\n<td>Kombinace 5<\/td>\n<td>Melounov\u00e1 \u017ev\u00fdka\u010dka | Hroznov\u00fd led | \u010cern\u00fd dra\u010d\u00ed led<\/td>\n<\/tr>\n<tr>\n<td>Kombinace 6<\/td>\n<td>Ananasov\u00fd kokos | Sm\u00ed\u0161en\u00e9 ovoce | Citronov\u00e1 broskev<\/td>\n<\/tr>\n<tr>\n<td>Kombinace 7<\/td>\n<td>Dvojit\u00e9 jablko | Jahoda Ban\u00e1n | Malina Meloun<\/td>\n<\/tr>\n<tr>\n<td>Kombinace 8<\/td>\n<td>Melounov\u00e1 zmrzlina | Red Bull | Jahodov\u00e9 kiwi<\/td>\n<\/tr>\n<tr>\n<td>Kombinace 9<\/td>\n<td>Bor\u016fvkov\u00fd led | Jahodov\u00fd meloun | Citronov\u00e1 limetka<\/td>\n<\/tr>\n<tr>\n<td>Kombinace 10<\/td>\n<td>Peach Berry | Triple Melon | Watermelon Ice<\/td>\n<\/tr>\n<\/tbody>\n<\/table>\n<h3>FIHP 90K dostupn\u00fdch p\u0159\u00edchut\u00ed<\/h3>\n<p>Fizzy T\u0159e\u0161e\u0148 &amp; Lady Killer &amp; Gumov\u00fd medv\u00eddek<br \/>\nBor\u016fvka malina &amp; Love 666 &amp; broskvov\u00fd led<br \/>\nMalinov\u00fd meloun a sm\u00ed\u0161en\u00e9 bobule a mango broskev<br \/>\nBlue Razz Lemonade &amp; Strawberry Raspberry &amp; Rainbow Candy<br \/>\nMelounov\u00e1 \u017ev\u00fdka\u010dka a hroznov\u00fd led a led z \u010dern\u00e9ho draka<br \/>\nAnanasov\u00fd kokos a sm\u011bs ovoce a citronov\u00e1 broskev<br \/>\nDvojit\u00e9 jablko a jahoda Ban\u00e1n a malina Meloun<br \/>\nMelounov\u00fd led &amp; Red Bull &amp; jahodov\u00e9 kiwi<br \/>\nBor\u016fvkov\u00fd led a jahoda Meloun a citronov\u00e1 limetka<br \/>\nBroskvov\u00e9 bobule a trojit\u00fd meloun a melounov\u00fd led<\/p>\n<h3>Pro\u010d si vybrat FIHP 90000 3 v 1 90K?<\/h3>\n<ul>\n<li>\ud83d\ude80 Extr\u00e9mn\u00ed kapacita 90 000 v\u00fddech\u016f sni\u017euje frekvenci v\u00fdm\u011bny<\/li>\n<li>\ud83c\udf53 Troj\u00ed p\u0159ep\u00edn\u00e1n\u00ed p\u0159\u00edchut\u00ed pro v\u011bt\u0161\u00ed rozmanitost<\/li>\n<li>\ud83d\udca8 Dvojit\u00e1 s\u00ed\u0165ov\u00e1 c\u00edvka pro masivn\u00ed mraky a bohatou chu\u0165<\/li>\n<li>\ud83d\udd0b Dob\u00edjec\u00ed s LED monitorov\u00e1n\u00edm baterie<\/li>\n<li>\u26a1 Rychl\u00e9 nab\u00edjen\u00ed typu C<\/li>\n<li>\ud83d\udce6 Velkoobchodn\u00ed balen\u00ed 10 ks\/krabice<\/li>\n<li>\ud83c\udfea Ide\u00e1ln\u00ed pro vape obchody, distributory a velkoodb\u011bratele<\/li>\n<\/ul>\n<p><strong>FIHP 90000 jednor\u00e1zov\u00fd vape 3 v 1<\/strong> je ur\u010den pro n\u00e1ro\u010dn\u00e9 u\u017eivatele, lovce chut\u00ed a velkoobchodn\u00ed distributory, kte\u0159\u00ed hledaj\u00ed vysokokapacitn\u00ed za\u0159\u00edzen\u00ed s prvot\u0159\u00eddn\u00edm v\u00fdkonem. D\u00edky trojn\u00e1sobn\u00e9 inovaci p\u0159\u00edchut\u00ed, masivn\u00edmu v\u00fdkonu \u0161lukov\u00e1n\u00ed a chytr\u00e9mu LED ovl\u00e1d\u00e1n\u00ed je v\u00fdkonn\u00fdm dopl\u0148kem invent\u00e1\u0159e ka\u017ed\u00e9ho vape shopu nebo velkodistribu\u010dn\u00edho portfolia.<\/p>\n<h3>FIHP 90K \u010cASTO KLADEN\u00c9 OT\u00c1ZKY<\/h3>\n<p><strong>Ot\u00e1zka 1: Jak dlouho vydr\u017e\u00ed FIHP 90000?<\/strong><br \/>\nOdpov\u011b\u010f: V z\u00e1vislosti na zp\u016fsobu pou\u017e\u00edv\u00e1n\u00ed vydr\u017e\u00ed a\u017e 90 000 potah\u016f, co\u017e v\u00fdrazn\u011b sni\u017euje \u010detnost v\u00fdm\u011bny.<\/p>\n<p><strong>Ot\u00e1zka 2: Lze za\u0159\u00edzen\u00ed dob\u00edjet?<\/strong><br \/>\nOdpov\u011b\u010f: Ano, je vybaven 650mAh dob\u00edjec\u00ed bateri\u00ed s rychl\u00fdm nab\u00edjen\u00edm typu C.<\/p>\n<p><strong>Ot\u00e1zka 3: Mohou u\u017eivatel\u00e9 p\u0159ep\u00ednat mezi p\u0159\u00edchut\u011bmi?<\/strong><br \/>\nOdpov\u011b\u010f: Ano, syst\u00e9m 3 v 1 spojuje t\u0159i p\u0159\u00edchut\u011b do jednoho za\u0159\u00edzen\u00ed a umo\u017e\u0148uje dynamick\u00fd vapingov\u00fd z\u00e1\u017eitek.<\/p>\n<p><strong>Ot\u00e1zka 4: Jak\u00e1 s\u00edla nikotinu je k dispozici?<\/strong><br \/>\nOdpov\u011b\u010f: Je k dispozici v nikotinov\u00fdch variant\u00e1ch 2% a 5%.<\/p>\n<p><strong>Ot\u00e1zka 5: Je tento produkt vhodn\u00fd pro velkoobchod?<\/strong><br \/>\nOdpov\u011b\u010f: Ur\u010dit\u011b. Dod\u00e1v\u00e1 se po 10 kusech v krabi\u010dce, tak\u017ee je ide\u00e1ln\u00ed pro vape obchody a hromadnou distribuci.<\/p>","protected":false},"excerpt":{"rendered":"<p><strong>FIHP 90000 jednor\u00e1zov\u00fd vape 3 v 1<\/strong> poskytuje a\u017e 90 000 potah\u016f s trojit\u00fdmi p\u0159\u00edchut\u011bmi, 42 ml e-liquidu, LED obrazovka a dob\u00edjec\u00ed zdroj, dvojit\u00e1 s\u00ed\u0165ov\u00e1 spir\u00e1lka, masivn\u00ed mraky, velkoobchodn\u00ed balen\u00ed.<\/p>","protected":false},"featured_media":111131,"comment_status":"open","ping_status":"closed","template":"","meta":[],"product_brand":[236],"product_cat":[18],"product_tag":[513,516,512,349,330,511,515,331,514,497],"class_list":{"0":"post-111052","1":"product","2":"type-product","3":"status-publish","4":"has-post-thumbnail","6":"product_brand-fihp","7":"product_cat-fihp","8":"product_tag-3-in-1-vape","9":"product_tag-90000-puffs-vape","10":"product_tag-90k-disposable-vape","11":"product_tag-bulk-disposable-vape","12":"product_tag-dual-mesh-coil-vape","13":"product_tag-fihp-90000","14":"product_tag-led-screen-disposable-vape","15":"product_tag-rechargeable-disposable-vape","16":"product_tag-triple-flavor-vape","17":"product_tag-wholesale-vape-supplier","19":"first","20":"instock","21":"shipping-taxable","22":"purchasable","23":"product-type-variable","24":"has-default-attributes"},"jetpack_sharing_enabled":true,"tiered_pricing_type":"fixed","tiered_pricing_fixed_rules":{"30":9.589999999999999857891452847979962825775146484375,"50":7.910000000000000142108547152020037174224853515625,"100":7.38999999999999968025576890795491635799407958984375,"200":6.7400000000000002131628207280300557613372802734375,"400":6.21999999999999975131004248396493494510650634765625},"tiered_pricing_product_settings":{"layout":"default","base_unit_name":{"singular":null,"plural":null},"default_variation":null},"tiered_pricing_minimum_quantity":10,"tiered_pricing_roles_data":[],"tiered_pricing_percentage_rules":[],"tiered_pricing_maximum_quantity":null,"tiered_pricing_quantity_step":"10","_links":{"self":[{"href":"https:\/\/aiviouvapes.com\/cs\/wp-json\/wp\/v2\/product\/111052","targetHints":{"allow":["GET"]}}],"collection":[{"href":"https:\/\/aiviouvapes.com\/cs\/wp-json\/wp\/v2\/product"}],"about":[{"href":"https:\/\/aiviouvapes.com\/cs\/wp-json\/wp\/v2\/types\/product"}],"replies":[{"embeddable":true,"href":"https:\/\/aiviouvapes.com\/cs\/wp-json\/wp\/v2\/comments?post=111052"}],"wp:featuredmedia":[{"embeddable":true,"href":"https:\/\/aiviouvapes.com\/cs\/wp-json\/wp\/v2\/media\/111131"}],"wp:attachment":[{"href":"https:\/\/aiviouvapes.com\/cs\/wp-json\/wp\/v2\/media?parent=111052"}],"wp:term":[{"taxonomy":"product_brand","embeddable":true,"href":"https:\/\/aiviouvapes.com\/cs\/wp-json\/wp\/v2\/product_brand?post=111052"},{"taxonomy":"product_cat","embeddable":true,"href":"https:\/\/aiviouvapes.com\/cs\/wp-json\/wp\/v2\/product_cat?post=111052"},{"taxonomy":"product_tag","embeddable":true,"href":"https:\/\/aiviouvapes.com\/cs\/wp-json\/wp\/v2\/product_tag?post=111052"}],"curies":[{"name":"wp","href":"https:\/\/api.w.org\/{rel}","templated":true}]}}