{"id":110979,"date":"2026-02-26T23:47:30","date_gmt":"2026-02-26T15:47:30","guid":{"rendered":"https:\/\/aiviouvapes.com\/?post_type=product&#038;p=110979"},"modified":"2026-04-07T09:59:54","modified_gmt":"2026-04-07T01:59:54","slug":"bang-box-50k","status":"publish","type":"product","link":"https:\/\/aiviouvapes.com\/cs\/product\/bang-box-50k\/","title":{"rendered":"Bang Box 50K | 50ml 50000 puff\u016f, du\u00e1ln\u00ed p\u0159\u00edchu\u0165, LCD displej, 850mAh dob\u00edjec\u00ed, velkoobchodn\u00ed jednor\u00e1zov\u00fd vape"},"content":{"rendered":"<h3>\ud83d\udd25Bang Box 50K 50000 puffs | dual flavor bulk jednor\u00e1zov\u00e1 vape s LCD displejem<\/h3>\n<p><strong>Bang Box 50K jednor\u00e1zov\u00fd vape<\/strong> je navr\u017een pro seri\u00f3zn\u00ed vapery a z\u00e1kazn\u00edky, kte\u0159\u00ed vy\u017eaduj\u00ed v\u00fdkon, dlouhou \u017eivotnost a chu\u0165ov\u00e9 inovace. Poskytuje a\u017e <strong>50 000 vdech\u016f<\/strong>, tento velkokapacitn\u00ed p\u0159\u00edstroj se dv\u011bma p\u0159\u00edchut\u011bmi kombinuje v\u00fdkon a pohodl\u00ed v jednom elegantn\u00edm za\u0159\u00edzen\u00ed.<\/p>\n<p>Vybaveno <strong>C\u00edvka s oky 1,0\u03a9<\/strong>, <strong>50ml pr\u00e9miov\u00e9ho e-liquidu<\/strong>a <strong>dob\u00edjec\u00ed baterie 850mAh<\/strong>, Bang Box 50K zaji\u0161\u0165uje plynulou produkci p\u00e1ry a konzistentn\u00ed v\u00fdstup chuti od prvn\u00edho potahu a\u017e po ten posledn\u00ed. Vestav\u011bn\u00fd <strong>digit\u00e1ln\u00ed LCD displej<\/strong> jasn\u011b zobrazuje stav baterie a e-liquidu, tak\u017ee u\u017eivatel\u00e9 maj\u00ed v\u0161e pod kontrolou.<\/p>\n<p>S <strong>nastaviteln\u00e9 proud\u011bn\u00ed vzduchu<\/strong> a n\u011bkolik sil nikotinu (0%, 2%, 3%, 5%), uspokoj\u00ed jak milovn\u00edky mrak\u016f, tak u\u017eivatele nikotinu. Ide\u00e1ln\u00ed pro maloobchodn\u00ed reg\u00e1ly, vape shopy a velkoobchodn\u00ed distribu\u010dn\u00ed kan\u00e1ly.<\/p>\n<h3>\u2699 Bang Box 50K Specifikace<\/h3>\n<table>\n<tbody>\n<tr>\n<th>Funkce<\/th>\n<th>Podrobnosti<\/th>\n<\/tr>\n<tr>\n<td>Po\u010det puf\u016f<\/td>\n<td>A\u017e 50 000 puf\u016f<\/td>\n<\/tr>\n<tr>\n<td>Kapacita e-kapaliny<\/td>\n<td>50 ml<\/td>\n<\/tr>\n<tr>\n<td>Baterie<\/td>\n<td>850mAh dob\u00edjec\u00ed<\/td>\n<\/tr>\n<tr>\n<td>C\u00edvka<\/td>\n<td>1,0\u03a9 s\u00ed\u0165ov\u00e1 c\u00edvka<\/td>\n<\/tr>\n<tr>\n<td>S\u00edla nikotinu<\/td>\n<td>0% \/ 2% \/ 3% \/ 5%<\/td>\n<\/tr>\n<tr>\n<td>Displej<\/td>\n<td>LCD displej (baterie + indik\u00e1tor kapaliny)<\/td>\n<\/tr>\n<tr>\n<td>Proud\u011bn\u00ed vzduchu<\/td>\n<td>Nastaviteln\u00e9<\/td>\n<\/tr>\n<tr>\n<td>Mo\u017enosti p\u0159\u00edchut\u00ed<\/td>\n<td>12 kombinac\u00ed du\u00e1ln\u00edch p\u0159\u00edchut\u00ed<\/td>\n<\/tr>\n<\/tbody>\n<\/table>\n<h3>\ud83c\udf53 Bang Box 50K Kombinace p\u0159\u00edchut\u00ed (du\u00e1ln\u00ed chu\u0165)<\/h3>\n<table>\n<tbody>\n<tr>\n<th>P\u0159\u00edchu\u0165 A<\/th>\n<th>P\u0159\u00edchu\u0165 B<\/th>\n<\/tr>\n<tr>\n<td>Jahodov\u00e9 kiwi<\/td>\n<td>Double Grape<\/td>\n<\/tr>\n<tr>\n<td>Broskvov\u00fd d\u017eus<\/td>\n<td>Limon\u00e1da Blue Razz<\/td>\n<\/tr>\n<tr>\n<td>Ananas Mango Broskev<\/td>\n<td>Jahodov\u00e1 t\u0159e\u0161e\u0148<\/td>\n<\/tr>\n<tr>\n<td>Bor\u016fvkov\u011b kysel\u00fd malinov\u00fd led<\/td>\n<td>Sm\u00ed\u0161en\u00e9 ovoce<\/td>\n<\/tr>\n<tr>\n<td>Bor\u016fvkov\u00fd led<\/td>\n<td>Citronov\u00e1 soda Cola<\/td>\n<\/tr>\n<tr>\n<td>Jahodovo-malinov\u00e9 bonbony<\/td>\n<td>Love 666<\/td>\n<\/tr>\n<tr>\n<td>Jahodov\u00e1 zmrzlina<\/td>\n<td>Mu\u010denka<\/td>\n<\/tr>\n<tr>\n<td>Melounov\u00e1 \u017ev\u00fdka\u010dka<\/td>\n<td>Jahodov\u00fd meloun<\/td>\n<\/tr>\n<tr>\n<td>Ledov\u00fd \u010cern\u00fd Drak<\/td>\n<td>Mango broskev meloun<\/td>\n<\/tr>\n<tr>\n<td>Jablko hru\u0161ka<\/td>\n<td>Kiwi Mu\u010denka Ovoce Guava<\/td>\n<\/tr>\n<tr>\n<td>Blue Razz Led<\/td>\n<td>Citron Limetka<\/td>\n<\/tr>\n<tr>\n<td>Red Bull<\/td>\n<td>Melounov\u00fd led<\/td>\n<\/tr>\n<\/tbody>\n<\/table>\n<h3>\ud83c\udf08 Bang Box 50K Dostupn\u00e9 p\u0159\u00edchut\u011b<\/h3>\n<p>Jahodov\u00e9 kiwi a dvojit\u00fd hrozen | Broskvov\u00fd d\u017eus a limon\u00e1da Blue Razz | Ananasov\u00e1 broskev a mango a jahodov\u00e1 t\u0159e\u0161e\u0148 | Bor\u016fvkov\u00fd led a sm\u00ed\u0161en\u00e9 ovoce | Bor\u016fvkov\u00fd led a citronov\u00e1 limon\u00e1da | Jahodovo-malinov\u00e9 bonbony a l\u00e1ska 666 | Jahodov\u00fd led &amp; mu\u010denka | Melounov\u00e1 \u017ev\u00fdka\u010dka &amp; jahodov\u00fd meloun | \u010cern\u00fd drak led &amp; broskvov\u00fd meloun s mangem | Jable\u010dn\u00e1 hru\u0161ka &amp; kiwi s mu\u010denkou | Blue Razz led &amp; citronov\u00e1 limetka | Red Bull &amp; melounov\u00fd led<\/p>\n<h3>\ud83d\ude80 Pro\u010d si vybrat Bang Box 50K?<\/h3>\n<ul>\n<li>\u2714 Obrovsk\u00e1 kapacita 50 000 puf\u016f pro dlouhodob\u00e9 pou\u017eit\u00ed<\/li>\n<li>\u2714 Du\u00e1ln\u00ed p\u0159ep\u00edn\u00e1n\u00ed p\u0159\u00edchut\u00ed pro dynamick\u00fd z\u00e1\u017eitek z vapingu<\/li>\n<li>\u2714 LCD displej pro inteligentn\u00ed monitorov\u00e1n\u00ed baterie a kapaliny<\/li>\n<li>\u2714 Nastaviteln\u00fd pr\u016ftok vzduchu pro p\u0159izp\u016fsobiteln\u00e9 \u010derp\u00e1n\u00ed<\/li>\n<li>\u2714 C\u00edvka Mesh pro hlad\u0161\u00ed a bohat\u0161\u00ed p\u00e1ru<\/li>\n<li>\u2714 V\u00edce sil nikotinu pro r\u016fzn\u00e9 trhy<\/li>\n<li>\u2714 Ide\u00e1ln\u00ed pro velkoobchody, distributory a vape obchody<\/li>\n<\/ul>\n<p>A\u0165 u\u017e jste <strong>n\u00e1ro\u010dn\u00fd u\u017eivatel, kter\u00fd hled\u00e1 roz\u0161\u00ed\u0159en\u00fd v\u00fdkon<\/strong>, a <strong>lovci chut\u00ed, kte\u0159\u00ed cht\u011bj\u00ed rozmanitost<\/strong>nebo <strong>vape shop sourcing bestseller\u016f s vysokou mar\u017e\u00ed<\/strong>, Bang Box 50K poskytuje prvot\u0159\u00eddn\u00ed kvalitu, vysokou atraktivitu na pultech a spolehlivou velkoobchodn\u00ed hodnotu. Je stvo\u0159en pro velkoobjemov\u00fd prodej a st\u00e1l\u00e9 z\u00e1kazn\u00edky.<\/p>\n<h3>\u2753 Bang Box 50K FAQ<\/h3>\n<p><strong>Ot\u00e1zka 1: Je Bang Box 50K dob\u00edjec\u00ed?<\/strong><br \/>\nAno, je vybaven dob\u00edjec\u00ed bateri\u00ed s kapacitou 850 mAh, kter\u00e1 zaji\u0161\u0165uje pln\u00e9 vyu\u017eit\u00ed 50 ml e-liquidu.<\/p>\n<p><strong>Ot\u00e1zka 2: Jak u\u017eivatel\u00e9 poznaj\u00ed, kdy maj\u00ed dob\u00edt baterii?<\/strong><br \/>\nDigit\u00e1ln\u00ed displej LCD p\u0159ehledn\u011b zobrazuje procenta baterie a hladinu e-liquidu.<\/p>\n<p><strong>Ot\u00e1zka 3: Mohou z\u00e1kazn\u00edci p\u0159ep\u00ednat mezi p\u0159\u00edchut\u011bmi?<\/strong><br \/>\nAno, jedn\u00e1 se o jednor\u00e1zovou vapku se dv\u011bma p\u0159\u00edchut\u011bmi, kter\u00e1 u\u017eivatel\u016fm umo\u017e\u0148uje vychutnat si dv\u011b p\u0159\u00edchut\u011b v jednom za\u0159\u00edzen\u00ed.<\/p>\n<p><strong>Ot\u00e1zka 4: Jak\u00e1 s\u00edla nikotinu je k dispozici?<\/strong><br \/>\nPro r\u016fzn\u00e9 po\u017eadavky trhu jsou k dispozici nikotinov\u00e9 varianty 0%, 2%, 3% a 5%.<\/p>\n<p><strong>Q5: Je tento produkt vhodn\u00fd pro velkoobchodn\u00ed objedn\u00e1vky?<\/strong><br \/>\nRozhodn\u011b. Vysok\u00fd po\u010det \u0161luk\u016f, dvoj\u00ed p\u0159\u00edchu\u0165 a siln\u00e1 maloobchodn\u00ed p\u0159ita\u017elivost jsou ide\u00e1ln\u00ed pro hromadn\u00fd n\u00e1kup a distribuci.<\/p>","protected":false},"excerpt":{"rendered":"<p>Bang Box 50000 \u0161luk\u016f du\u00e1ln\u00ed p\u0159\u00edchu\u0165 jednor\u00e1zov\u00e9 vape s 50ml e-liquidu, LCD displej, 850mAh dob\u00edjec\u00ed baterie, nastaviteln\u00fd airflow, p\u0159ipraveno pro velkoobchod.<\/p>","protected":false},"featured_media":110981,"comment_status":"open","ping_status":"closed","template":"","meta":[],"product_brand":[239],"product_cat":[37],"product_tag":[508,510,394,509],"class_list":{"0":"post-110979","1":"product","2":"type-product","3":"status-publish","4":"has-post-thumbnail","6":"product_brand-bang","7":"product_cat-bang","8":"product_tag-50ml-rechargeable-vape-850mah","9":"product_tag-bulk-wholesale-disposable-vape","10":"product_tag-dual-flavor-disposable-vape","11":"product_tag-lcd-screen-disposable-vape","13":"first","14":"instock","15":"shipping-taxable","16":"purchasable","17":"product-type-variable","18":"has-default-attributes"},"jetpack_sharing_enabled":true,"tiered_pricing_type":"fixed","tiered_pricing_fixed_rules":{"30":8.8100000000000004973799150320701301097869873046875,"50":7.2599999999999997868371792719699442386627197265625,"100":6.7400000000000002131628207280300557613372802734375,"200":6.089999999999999857891452847979962825775146484375,"400":5.57000000000000028421709430404007434844970703125},"tiered_pricing_product_settings":{"layout":"default","base_unit_name":{"singular":null,"plural":null},"default_variation":null},"tiered_pricing_minimum_quantity":10,"tiered_pricing_roles_data":[],"tiered_pricing_percentage_rules":[],"tiered_pricing_maximum_quantity":null,"tiered_pricing_quantity_step":"10","_links":{"self":[{"href":"https:\/\/aiviouvapes.com\/cs\/wp-json\/wp\/v2\/product\/110979","targetHints":{"allow":["GET"]}}],"collection":[{"href":"https:\/\/aiviouvapes.com\/cs\/wp-json\/wp\/v2\/product"}],"about":[{"href":"https:\/\/aiviouvapes.com\/cs\/wp-json\/wp\/v2\/types\/product"}],"replies":[{"embeddable":true,"href":"https:\/\/aiviouvapes.com\/cs\/wp-json\/wp\/v2\/comments?post=110979"}],"wp:featuredmedia":[{"embeddable":true,"href":"https:\/\/aiviouvapes.com\/cs\/wp-json\/wp\/v2\/media\/110981"}],"wp:attachment":[{"href":"https:\/\/aiviouvapes.com\/cs\/wp-json\/wp\/v2\/media?parent=110979"}],"wp:term":[{"taxonomy":"product_brand","embeddable":true,"href":"https:\/\/aiviouvapes.com\/cs\/wp-json\/wp\/v2\/product_brand?post=110979"},{"taxonomy":"product_cat","embeddable":true,"href":"https:\/\/aiviouvapes.com\/cs\/wp-json\/wp\/v2\/product_cat?post=110979"},{"taxonomy":"product_tag","embeddable":true,"href":"https:\/\/aiviouvapes.com\/cs\/wp-json\/wp\/v2\/product_tag?post=110979"}],"curies":[{"name":"wp","href":"https:\/\/api.w.org\/{rel}","templated":true}]}}