{"id":102955,"date":"2026-01-24T14:06:41","date_gmt":"2026-01-24T06:06:41","guid":{"rendered":"https:\/\/aiviouvapes.com\/?post_type=product&#038;p=102955"},"modified":"2026-04-19T03:39:14","modified_gmt":"2026-04-18T19:39:14","slug":"waspe-crystal-180k","status":"publish","type":"product","link":"https:\/\/aiviouvapes.com\/cs\/product\/waspe-crystal-180k\/","title":{"rendered":"WASPE Crystal 180K | p\u0159ep\u00edna\u010d p\u0159\u00edchut\u00ed 8 v 1, 180000 \u0161luk\u016f, LED displej, jednor\u00e1zov\u00e1 vape pro hromadn\u00e9 pou\u017eit\u00ed"},"content":{"rendered":"<h2>Seznamte se s WASPE Crystal 8-in-1 180K\ud83d\udc8e<\/h2>\n<p>Chcete jednor\u00e1zov\u00fd v\u00fdrobek, kter\u00fd v\u00e1m v ruce bude p\u0159ipadat jako \u201cmini chu\u0165ov\u00e1 ty\u010dinka\u201d? Na . <strong>WASPE Crystal 8-in-1 180K<\/strong> je ur\u010den pro dlouhotrvaj\u00edc\u00ed sezen\u00ed a milovn\u00edky rozmanitosti. S <strong>a\u017e 180000 vdech\u016f<\/strong>, velk\u00fd <strong>68 ml<\/strong> Kapacita e-liquidu a snadn\u00fd syst\u00e9m p\u0159ep\u00edn\u00e1n\u00ed p\u0159\u00edchut\u00ed, je to siln\u00e1 volba pro n\u00e1ro\u010dn\u00e9 u\u017eivatele a chytr\u00e1 SKU pro obchody a velkoobchody.<\/p>\n<h2>Pro\u010d si vybrat WASPE Crystal 180K? \u2705<\/h2>\n<ul>\n<li><strong>P\u0159ep\u00edna\u010d p\u0159\u00edchut\u00ed 8 v 1<\/strong> design - jedno za\u0159\u00edzen\u00ed, v\u00edce mo\u017enost\u00ed v\u00fdb\u011bru chut\u00ed \ud83d\ude0b<\/li>\n<li><strong>A\u017e 180000 vdech\u016f<\/strong> pro dlouh\u00e9 pou\u017e\u00edv\u00e1n\u00ed a m\u00e9n\u011b v\u00fdm\u011bn \ud83d\udd25<\/li>\n<li><strong>68ml e-liquidu<\/strong> kapacita pro del\u0161\u00ed dobu vapov\u00e1n\u00ed<\/li>\n<li><strong>Nastaven\u00ed c\u00edvky se \u010dty\u0159mi oky<\/strong> (1,0\u03a9 x 4) pro v\u00fdraznou chu\u0165 a hladkou p\u00e1ru \u2601\ufe0f<\/li>\n<li><strong>LED displej<\/strong> pom\u00e1h\u00e1 u\u017eivatel\u016fm snadno kontrolovat stav \ud83d\udc40<\/li>\n<li><strong>Dob\u00edjec\u00ed typ C<\/strong> 650mAh baterie pro pohodln\u00e9 ka\u017edodenn\u00ed pou\u017e\u00edv\u00e1n\u00ed \u26a1<\/li>\n<li><strong>V\u00edce mo\u017enost\u00ed nikotinu<\/strong> (0% \/ 2% \/ 5%) pro r\u016fzn\u00e9 trhy a pot\u0159eby z\u00e1kazn\u00edk\u016f<\/li>\n<li><strong>Skv\u011bl\u00e9 pro obchody a velkoobchod<\/strong>-vysoce \u017e\u00e1dan\u00e1 kategorie \u201cvelk\u00fd puch + v\u00edce p\u0159\u00edchut\u00ed\u201d \ud83d\udce6<\/li>\n<\/ul>\n<h2>WASPE Crystal 8-in-1 180K Specifikace \ud83d\udccc<\/h2>\n<table>\n<tbody>\n<tr>\n<td><strong>N\u00e1zev produktu<\/strong><\/td>\n<td>WASPE Crystal 8-in-1 180K Vape na jedno pou\u017eit\u00ed<\/td>\n<\/tr>\n<tr>\n<td><strong>Max Puffs<\/strong><\/td>\n<td>A\u017e 180000 vdech\u016f<\/td>\n<\/tr>\n<tr>\n<td><strong>Kapacita e-liquidu<\/strong><\/td>\n<td>68 ml<\/td>\n<\/tr>\n<tr>\n<td><strong>C\u00edvka<\/strong><\/td>\n<td>S\u00ed\u0165ov\u00e1 c\u00edvka 1,0\u03a9 x 4<\/td>\n<\/tr>\n<tr>\n<td><strong>S\u00edla nikotinu<\/strong><\/td>\n<td>0% \/ 2% \/ 5%<\/td>\n<\/tr>\n<tr>\n<td><strong>Baterie<\/strong><\/td>\n<td>650 mAh<\/td>\n<\/tr>\n<tr>\n<td><strong>Nab\u00edjen\u00ed<\/strong><\/td>\n<td>Dob\u00edjen\u00ed p\u0159es USB typu C<\/td>\n<\/tr>\n<tr>\n<td><strong>Displej<\/strong><\/td>\n<td>LED displej<\/td>\n<\/tr>\n<tr>\n<td><strong>Velikost produktu<\/strong><\/td>\n<td>53 \u00d7 46 \u00d7 138 mm<\/td>\n<\/tr>\n<tr>\n<td><strong>Hmotnost v\u00fdrobku<\/strong><\/td>\n<td>150 g \/ ks<\/td>\n<\/tr>\n<\/tbody>\n<\/table>\n<h2>Sady p\u0159\u00edchut\u00ed 8 v 1 (ka\u017ed\u00e9 za\u0159\u00edzen\u00ed obsahuje 4 p\u0159\u00edchut\u011b) \ud83c\udf53\ud83c\udf49\ud83e\uddca<\/h2>\n<p>Ka\u017ed\u00e1 sada p\u0159\u00edchut\u00ed je navr\u017eena tak, aby pokryla obl\u00edben\u00e9 profily, jako je ledov\u00e9 ovoce, cukrovinky, limon\u00e1dy a tropick\u00e9 sm\u011bsi. Skv\u011bl\u00e9 pro z\u00e1kazn\u00edky, kte\u0159\u00ed se snadno nud\u00ed a cht\u011bj\u00ed rozmanitost!<\/p>\n<h3>Sada p\u0159\u00edchut\u00ed 1<\/h3>\n<ul>\n<li><strong>Melounov\u00fd led<\/strong> - sladk\u00fd meloun s ledov\u00fdm z\u00e1v\u011brem \ud83c\udf49\u2744\ufe0f<\/li>\n<li><strong>Citron Limetka<\/strong> - z\u00e1\u0159iv\u00e9 citrusy, \u010dist\u00e9 a pikantn\u00ed \ud83c\udf4b<\/li>\n<li><strong>Kysel\u00fd mangov\u00fd led<\/strong> - pikantn\u00ed mango s chladiv\u00fdm n\u00e1dechem \ud83e\udd6d\ud83e\uddca<\/li>\n<li><strong>Kiwi Meloun Ice<\/strong> - \u010derstv\u00e9 kiwi + meloun, chlazen\u00e9 a hladk\u00e9 \ud83e\udd5d\ud83c\udf48<\/li>\n<\/ul>\n<h3>Sada p\u0159\u00edchut\u00ed 2<\/h3>\n<ul>\n<li><strong>Bor\u016fvkov\u00fd led<\/strong> - \u0161\u0165avnat\u00e9 bor\u016fvky s mraziv\u00fdmi t\u00f3ny \ud83e\uded0\u2744\ufe0f<\/li>\n<li><strong>Cherry Cola<\/strong> - klasick\u00e1 cola s t\u0159e\u0161\u0148ov\u00fdm popem \ud83e\udd64\ud83c\udf52<\/li>\n<li><strong>Jahodov\u00e1 vanilka<\/strong> - kr\u00e9mov\u00fd jahodov\u00fd dezert \ud83c\udf53\ud83c\udf66<\/li>\n<li><strong>Citronov\u00e1 t\u0159e\u0161e\u0148<\/strong> - sladk\u00e1 t\u0159e\u0161e\u0148 s citrusov\u00fdm n\u00e1dechem \ud83c\udf52\ud83c\udf4b<\/li>\n<\/ul>\n<h3>Sada p\u0159\u00edchut\u00ed 3<\/h3>\n<ul>\n<li><strong>Red Bull Led<\/strong> - styl energetick\u00e9ho n\u00e1poje s chladic\u00ed \u00fapravou \u26a1\ud83e\uddca<\/li>\n<li><strong>Jahodov\u00e1 zmrzlina<\/strong> - k\u0159ehk\u00e9 jahody, extra osv\u011b\u017euj\u00edc\u00ed \ud83c\udf53\u2744\ufe0f<\/li>\n<li><strong>Sour Fcuking Fab<\/strong> - odv\u00e1\u017en\u00e1 sm\u011bs ve stylu kysel\u00fdch bonb\u00f3n\u016f \ud83c\udf6c\ud83d\ude2e<\/li>\n<li><strong>Cola Led<\/strong> - \u0161umiv\u00e1 kolov\u00e1 chu\u0165 s ledov\u00fdm chladem \ud83e\udd64\u2744\ufe0f<\/li>\n<\/ul>\n<h3>Sada p\u0159\u00edchut\u00ed 4<\/h3>\n<ul>\n<li><strong>Hroznov\u00fd led<\/strong> - bohat\u00e1 hroznov\u00e1 sladkost, chladiv\u00e1 a \u010dist\u00e1 \ud83c\udf47\ud83e\uddca<\/li>\n<li><strong>Jahodov\u00e9 kiwi<\/strong> - klasick\u00e9 ovocn\u00e9 duo, vyv\u00e1\u017een\u00e9 a jasn\u00e9 \ud83c\udf53\ud83e\udd5d<\/li>\n<li><strong>Melounov\u00fd led<\/strong> - sladk\u00fd a ledov\u00fd meloun opakovan\u011b obl\u00edben\u00fd \ud83c\udf49\u2744\ufe0f<\/li>\n<li><strong>Modr\u00fd ran\u010der<\/strong> - p\u0159\u00edchu\u0165 ve stylu modr\u00fdch bonb\u00f3n\u016f, z\u00e1bavn\u00e1 a v\u00fdrazn\u00e1 \ud83d\udc99\ud83c\udf6c<\/li>\n<\/ul>\n<h3>Sada p\u0159\u00edchut\u00ed 5<\/h3>\n<ul>\n<li><strong>Meloun mu\u010denka<\/strong> - meloun s tropickou marakujou \ud83c\udf48\ud83e\udd6d<\/li>\n<li><strong>Kysel\u00e9 mango ananas<\/strong> - pikantn\u00ed kousek manga a ananasu \ud83e\udd6d\ud83c\udf4d<\/li>\n<li><strong>Ban\u00e1nov\u00e9 karamelov\u00e9 bonb\u00f3ny<\/strong> - sladk\u00e9 ban\u00e1nov\u00e9 bonb\u00f3ny s karamelov\u00fdmi t\u00f3ny \ud83c\udf4c\ud83c\udf6c<\/li>\n<li><strong>Jahodov\u00e9 bobule<\/strong> - jahodov\u00e1 sm\u011bs s jahodovou p\u0159edn\u00ed \u010d\u00e1st\u00ed \ud83c\udf53\ud83e\uded0<\/li>\n<\/ul>\n<h3>Sada p\u0159\u00edchut\u00ed 6<\/h3>\n<ul>\n<li><strong>Jahodov\u00fd meloun<\/strong> - \u0161\u0165avnat\u00e1 ovocn\u00e1 kombinace pro celodenn\u00ed pou\u017eit\u00ed \ud83c\udf53\ud83c\udf49<\/li>\n<li><strong>Sv\u011b\u017e\u00ed M\u00e1ta<\/strong> - \u010dist\u00fd m\u00e1tov\u00fd chill, super osv\u011b\u017euj\u00edc\u00ed \ud83c\udf3f\ud83e\uddca<\/li>\n<li><strong>Blue Razz Led<\/strong> - modr\u00e9 malinov\u00e9 bonbony s ledovou \u00fapravou \ud83d\udc99\u2744\ufe0f<\/li>\n<li><strong>Led z \u010dern\u00e9ho ryb\u00edzu<\/strong> - hlubok\u00e1 bobulov\u00e1 chu\u0165, chladiv\u00e1 a siln\u00e1 \ud83d\udda4\ud83e\uded0<\/li>\n<\/ul>\n<h3>Sada p\u0159\u00edchut\u00ed 7<\/h3>\n<ul>\n<li><strong>Ostru\u017einov\u00fd led<\/strong> - sladkost tmav\u00fdch bobul\u00ed s chladiv\u00fdm n\u00e1dechem \u2744\ufe0f\ud83e\uded0<\/li>\n<li><strong>Dvojit\u00e9 jablko<\/strong> - klasick\u00e1 jable\u010dn\u00e1 sm\u011bs, sladk\u00e1 a v\u00fdrazn\u00e1 \ud83c\udf4f\ud83c\udf4e<\/li>\n<li><strong>Ledov\u00fd \u010cern\u00fd Drak<\/strong> - tajemn\u00e1 ledov\u00e1 sm\u011bs s tmav\u00fdm ovocem, siln\u00e1 atmosf\u00e9ra \ud83d\udc09\ud83e\uddca<\/li>\n<li><strong>Jahodov\u00e9 kiwi<\/strong> - hladk\u00e1 ovocn\u00e1 rovnov\u00e1ha \ud83c\udf53\ud83e\udd5d<\/li>\n<\/ul>\n<h3>Sada p\u0159\u00edchut\u00ed 8<\/h3>\n<ul>\n<li><strong>Jahodov\u00fd Red Bull<\/strong> - mix bobul\u00ed + energy style \u26a1\ud83c\udf53<\/li>\n<li><strong>Cherry Cola<\/strong> - soda classic s t\u0159e\u0161\u0148ov\u00fdm n\u00e1dechem \ud83e\udd64\ud83c\udf52<\/li>\n<li><strong>T\u0159e\u0161\u0148ov\u00fd citron<\/strong> - sladkokysel\u00fd vi\u0161\u0148ov\u00fd citrus \ud83c\udf52\ud83c\udf4b<\/li>\n<li><strong>Tropick\u00e9 ovoce<\/strong> - sm\u00ed\u0161en\u00e1 tropick\u00e1 sm\u011bs, pr\u00e1zdninov\u00e1 atmosf\u00e9ra \ud83c\udf34\ud83e\udd6d<\/li>\n<\/ul>\n<h3>Sada p\u0159\u00edchut\u00ed 9<\/h3>\n<ul>\n<li><strong>Sm\u00ed\u0161en\u00e9 bobule<\/strong> - vrstven\u00e1 bobulov\u00e1 sm\u011bs, \u0161\u0165avnat\u00e1 a jemn\u00e1 \ud83e\uded0\ud83c\udf53<\/li>\n<li><strong>Citron Limetka<\/strong> - pikantn\u00ed citrusov\u00e9 osv\u011b\u017een\u00ed \ud83c\udf4b<\/li>\n<li><strong>Bor\u016fvka malina<\/strong> - sladk\u00e1 bor\u016fvka + trpk\u00e1 malina \ud83e\uded0\u2764\ufe0f<\/li>\n<li><strong>Zelen\u00e9 jablko<\/strong> - k\u0159upav\u00e9, lehce nakysl\u00e9 jablko \ud83c\udf4f<\/li>\n<\/ul>\n<h3>Sada p\u0159\u00edchut\u00ed 10<\/h3>\n<ul>\n<li><strong>Jahoda malina t\u0159e\u0161e\u0148<\/strong> - trojit\u00fd bobulovo-vi\u0161\u0148ov\u00fd pun\u010d \ud83c\udf53\ud83c\udf52<\/li>\n<li><strong>Jahodov\u00fd meloun<\/strong> - jemn\u00e1 ovocn\u00e1 varianta na cel\u00fd den \ud83c\udf53\ud83c\udf49<\/li>\n<li><strong>Kiwi meloun<\/strong> - \u0161\u0165avnat\u00fd meloun s kiwi \ud83e\udd5d\ud83c\udf49<\/li>\n<li><strong>Citron Limetka<\/strong> - \u010dist\u00fd citrusov\u00fd reset mezi p\u0159\u00edchut\u011bmi \ud83c\udf4b<\/li>\n<\/ul>\n<h3>Sada p\u0159\u00edchut\u00ed 11<\/h3>\n<ul>\n<li><strong>Jahodov\u00fd ban\u00e1n<\/strong> - kr\u00e9mov\u00e9 ovocn\u00e9 smoothie \ud83c\udf53\ud83c\udf4c<\/li>\n<li><strong>Mango Broskev<\/strong> - sladk\u00e9 tropick\u00e9 mango s jemnou broskv\u00ed \ud83e\udd6d\ud83c\udf51<\/li>\n<li><strong>Trojit\u00e9 bobule<\/strong> - sm\u011bs bohat\u00fdch bobul\u00ed, odv\u00e1\u017en\u00e1 a sladk\u00e1 \ud83e\uded0\ud83c\udf53<\/li>\n<li><strong>Jahodov\u00fd ananas<\/strong> - sladk\u00e1 jahoda + tropick\u00fd ananas \ud83c\udf53\ud83c\udf4d<\/li>\n<\/ul>\n<h3>Sada p\u0159\u00edchut\u00ed 12<\/h3>\n<ul>\n<li><strong>Limon\u00e1da Blue Razz<\/strong> - modr\u00e9 bonb\u00f3ny + limon\u00e1dov\u00fd st\u0159ik \ud83d\udc99\ud83c\udf4b<\/li>\n<li><strong>T\u0159e\u0161\u0148ov\u00fd citron<\/strong> - sladk\u00e1 t\u0159e\u0161e\u0148 citrusov\u00e1 jiskra \ud83c\udf52\ud83c\udf4b<\/li>\n<li><strong>Bor\u016fvkov\u00fd led<\/strong> - chladiv\u00e9 bor\u016fvkov\u00e9 osv\u011b\u017een\u00ed \ud83e\uded0\u2744\ufe0f<\/li>\n<li><strong>Vodn\u00ed meloun Broskev<\/strong> - \u0161\u0165avnat\u00fd meloun s broskvovou sladkost\u00ed \ud83c\udf49\ud83c\udf51<\/li>\n<\/ul>\n<h2>Jak zm\u011bnit p\u0159\u00edchu\u0165 \ud83d\udd04<\/h2>\n<p><strong>Vyt\u00e1hn\u011bte n\u00e1ustek nahoru a ot\u00e1\u010dejte<\/strong> zm\u011bnit p\u0159\u00edchu\u0165. Jednoduch\u00e9, rychl\u00e9 a z\u00e1bavn\u00e9 - ide\u00e1ln\u00ed pro z\u00e1kazn\u00edky, kte\u0159\u00ed r\u00e1di kdykoli m\u011bn\u00ed chu\u0165.<\/p>\n<h2>Vyrobeno pro maloobchodn\u00ed a velkoobchodn\u00ed \u00fasp\u011bch \ud83c\udfea\ud83d\udce6<\/h2>\n<p><strong>WASPE Crystal 8-in-1 180K<\/strong> se skv\u011ble hod\u00ed pro <strong>n\u00e1ro\u010dn\u00ed u\u017eivatel\u00e9<\/strong> kte\u0159\u00ed cht\u011bj\u00ed dlouhodob\u00fd v\u00fdkon, <strong>lovci chut\u00ed<\/strong> kte\u0159\u00ed r\u00e1di m\u011bn\u00ed chut\u011b, a <strong>vape obchody<\/strong> kter\u00e9 cht\u011bj\u00ed m\u00edt na pultech v\u00fdrazn\u00fd \u201cwow\u201d produkt. Pro <strong>distributo\u0159i a velkoobchodn\u00edci<\/strong>, je to snadn\u00fd v\u00edt\u011bz kategorie: velk\u00fd po\u010det puf\u016f, funkce v\u00edce p\u0159\u00edchut\u00ed a obl\u00edben\u00e9 profily, kter\u00e9 se rychle roz\u0161i\u0159uj\u00ed.<\/p>\n<h2>WASPE Crystal 180K FAQ \u2753<\/h2>\n<h3>Jak mohu zm\u011bnit p\u0159\u00edchut\u011b?<\/h3>\n<p>Vyt\u00e1hn\u011bte n\u00e1ustek nahoru a ot\u00e1\u010den\u00edm p\u0159ep\u00ednejte p\u0159\u00edchut\u011b. \ud83d\udd04<\/p>\n<h3>Je toto za\u0159\u00edzen\u00ed dob\u00edjec\u00ed?<\/h3>\n<p>Ano, m\u00e1 <strong>650 mAh<\/strong> baterie a podporuje <strong>USB Type-C<\/strong> nab\u00edjen\u00ed. \u26a1<\/p>\n<h3>Jak\u00e1 je s\u00edla nikotinu?<\/h3>\n<p>Podporuje <strong>0%<\/strong>, <strong>2%<\/strong>a <strong>5%<\/strong> nikotinu, v z\u00e1vislosti na va\u0161ich pot\u0159eb\u00e1ch na trhu.<\/p>\n<h3>Kolik c\u00edvek pou\u017e\u00edv\u00e1?<\/h3>\n<p>Pou\u017e\u00edv\u00e1 <strong>s\u00ed\u0165ov\u00e1 c\u00edvka 1,0\u03a9 x 4<\/strong>, kter\u00e9 jsou konstruov\u00e1ny pro hladk\u00e9 \u0161luky a silnou chu\u0165. \u2601\ufe0f<\/p>\n<h3>Kolik e-liquidu je uvnit\u0159?<\/h3>\n<p>Dod\u00e1v\u00e1 se s <strong>68 ml<\/strong> kapacita e-liquidu pro del\u0161\u00ed pou\u017e\u00edv\u00e1n\u00ed.<\/p>\n<h3>Je to dobr\u00e9 pro vape obchody a velkoobchodn\u00ed objedn\u00e1vky?<\/h3>\n<p>Ano. Funkce 8 v 1 a mimo\u0159\u00e1dn\u011b vysok\u00fd po\u010det puf\u016f jsou obl\u00edben\u00e9 na mnoha trz\u00edch, tak\u017ee je to dobr\u00e1 volba pro. <strong>maloobchodn\u00ed reg\u00e1ly<\/strong> a <strong>hromadn\u00e1 distribuce<\/strong>. \ud83d\udce6<\/p>\n<h3>Jak\u00e1 je velikost a hmotnost za\u0159\u00edzen\u00ed?<\/h3>\n<p>Velikost: <strong>53 \u00d7 46 \u00d7 138 mm<\/strong>. Hmotnost: <strong>150 g na kus<\/strong>.<\/p>\n<p><img data-recalc-dims=\"1\" loading=\"lazy\" decoding=\"async\" class=\"alignnone size-full wp-image-102961\" src=\"https:\/\/i0.wp.com\/aiviouvapes.com\/wp-content\/uploads\/2026\/01\/Waspe-Crystal-8-in-1-180K-puff6.jpg?resize=1020%2C1531&#038;ssl=1\" alt=\",\" width=\"1020\" height=\"1531\" title=\"\" srcset=\"https:\/\/i0.wp.com\/aiviouvapes.com\/wp-content\/uploads\/2026\/01\/Waspe-Crystal-8-in-1-180K-puff6.jpg?w=1279&amp;ssl=1 1279w, https:\/\/i0.wp.com\/aiviouvapes.com\/wp-content\/uploads\/2026\/01\/Waspe-Crystal-8-in-1-180K-puff6.jpg?resize=200%2C300&amp;ssl=1 200w, https:\/\/i0.wp.com\/aiviouvapes.com\/wp-content\/uploads\/2026\/01\/Waspe-Crystal-8-in-1-180K-puff6.jpg?resize=682%2C1024&amp;ssl=1 682w, https:\/\/i0.wp.com\/aiviouvapes.com\/wp-content\/uploads\/2026\/01\/Waspe-Crystal-8-in-1-180K-puff6.jpg?resize=768%2C1153&amp;ssl=1 768w, https:\/\/i0.wp.com\/aiviouvapes.com\/wp-content\/uploads\/2026\/01\/Waspe-Crystal-8-in-1-180K-puff6.jpg?resize=1023%2C1536&amp;ssl=1 1023w, https:\/\/i0.wp.com\/aiviouvapes.com\/wp-content\/uploads\/2026\/01\/Waspe-Crystal-8-in-1-180K-puff6.jpg?resize=8%2C12&amp;ssl=1 8w, https:\/\/i0.wp.com\/aiviouvapes.com\/wp-content\/uploads\/2026\/01\/Waspe-Crystal-8-in-1-180K-puff6.jpg?resize=800%2C1201&amp;ssl=1 800w\" sizes=\"auto, (max-width: 1020px) 100vw, 1020px\" \/><\/p>","protected":false},"excerpt":{"rendered":"<p>WASPE Crystal 8-in-1 180K jednor\u00e1zov\u00fd vape s LED displejem, dob\u00edjen\u00edm Type-C a 8 p\u0159\u00edchut\u011bmi v jednom za\u0159\u00edzen\u00ed. Obrovsk\u00fd objem 68 ml e-liquidu + \u010dtve\u0159ice s\u00ed\u0165ov\u00fdch spir\u00e1lek - ide\u00e1ln\u00ed pro maloobchodn\u00ed a velkoobchodn\u00ed odb\u011bratele. \u2728<\/p>\n<h3>\ud83d\udc49Tento produkt je skladem v na\u0161em skladu v EU!<\/h3>\n<h4>\ud83c\udf89Zkr\u00e1\u0165te \u010dek\u00e1n\u00ed:\u00a0<strong>5-7denn\u00ed dod\u00e1n\u00ed z na\u0161\u00ed evropsk\u00e9 pobo\u010dky<\/strong> sklad (pro v\u00fdchoz\u00ed <strong>S\u00edla nikotinu 2%<\/strong> pouze verze).<\/h4>\n<p><span style=\"font-size: 75%;\"><em>\ud83d\udd39 V\u011bt\u0161ina objedn\u00e1vek se odes\u00edl\u00e1 z na\u0161eho evropsk\u00e9ho skladu, pokud je k dispozici. P\u0159\u00edle\u017eitostn\u011b, pokud nen\u00ed skladem, zas\u00edl\u00e1me m\u00edsto toho z \u010c\u00edny.<\/em><\/span><\/p>","protected":false},"featured_media":102960,"comment_status":"open","ping_status":"closed","template":"","meta":[],"product_brand":[227],"product_cat":[19,336,505],"product_tag":[499,500,349,331,498],"class_list":{"0":"post-102955","1":"product","2":"type-product","3":"status-publish","4":"has-post-thumbnail","6":"product_brand-waspe","7":"product_cat-waspe","8":"product_cat-100k-puffs-disposable-vape","9":"product_cat-in-stock-at-eu-warehouse","10":"product_tag-180000-puffs-vape","11":"product_tag-8-in-1-disposable-vape","12":"product_tag-bulk-disposable-vape","13":"product_tag-rechargeable-disposable-vape","14":"product_tag-waspe-disposable-vape","16":"first","17":"instock","18":"shipping-taxable","19":"purchasable","20":"product-type-variable","21":"has-default-attributes"},"jetpack_sharing_enabled":true,"tiered_pricing_type":"fixed","tiered_pricing_fixed_rules":{"30":10.17999999999999971578290569595992565155029296875,"50":8.75,"100":7.96999999999999975131004248396493494510650634765625,"200":7.5800000000000000710542735760100185871124267578125,"400":7.0999999999999996447286321199499070644378662109375},"tiered_pricing_product_settings":{"layout":"default","base_unit_name":{"singular":null,"plural":null},"default_variation":null},"tiered_pricing_minimum_quantity":10,"tiered_pricing_roles_data":[],"tiered_pricing_percentage_rules":[],"tiered_pricing_maximum_quantity":null,"tiered_pricing_quantity_step":"10","_links":{"self":[{"href":"https:\/\/aiviouvapes.com\/cs\/wp-json\/wp\/v2\/product\/102955","targetHints":{"allow":["GET"]}}],"collection":[{"href":"https:\/\/aiviouvapes.com\/cs\/wp-json\/wp\/v2\/product"}],"about":[{"href":"https:\/\/aiviouvapes.com\/cs\/wp-json\/wp\/v2\/types\/product"}],"replies":[{"embeddable":true,"href":"https:\/\/aiviouvapes.com\/cs\/wp-json\/wp\/v2\/comments?post=102955"}],"wp:featuredmedia":[{"embeddable":true,"href":"https:\/\/aiviouvapes.com\/cs\/wp-json\/wp\/v2\/media\/102960"}],"wp:attachment":[{"href":"https:\/\/aiviouvapes.com\/cs\/wp-json\/wp\/v2\/media?parent=102955"}],"wp:term":[{"taxonomy":"product_brand","embeddable":true,"href":"https:\/\/aiviouvapes.com\/cs\/wp-json\/wp\/v2\/product_brand?post=102955"},{"taxonomy":"product_cat","embeddable":true,"href":"https:\/\/aiviouvapes.com\/cs\/wp-json\/wp\/v2\/product_cat?post=102955"},{"taxonomy":"product_tag","embeddable":true,"href":"https:\/\/aiviouvapes.com\/cs\/wp-json\/wp\/v2\/product_tag?post=102955"}],"curies":[{"name":"wp","href":"https:\/\/api.w.org\/{rel}","templated":true}]}}