{"id":102610,"date":"2026-01-23T12:13:48","date_gmt":"2026-01-23T04:13:48","guid":{"rendered":"https:\/\/aiviouvapes.com\/?post_type=product&#038;p=102610"},"modified":"2026-03-03T10:03:16","modified_gmt":"2026-03-03T02:03:16","slug":"fumot-eco-50k","status":"publish","type":"product","link":"https:\/\/aiviouvapes.com\/cs\/product\/fumot-eco-50k\/","title":{"rendered":"FUMOT ECO 50K | 2 v 1 du\u00e1ln\u00ed p\u0159\u00edchu\u0165 50000 puff\u016f, chytr\u00fd displej, velkoobchodn\u00ed jednor\u00e1zov\u00fd vape"},"content":{"rendered":"<p><!-- Short SEO Description --><\/p>\n<p>Seznamte se s <strong>FUMOT ECO 2 v 1 50K Vape na jedno pou\u017eit\u00ed<\/strong> - nov\u00e1 generace jednor\u00e1zov\u00fdch \u0161lukovek s vysok\u00fdm obsahem oxidu uhli\u010dit\u00e9ho navr\u017een\u00e1 pro u\u017eivatele, kte\u0159\u00ed cht\u011bj\u00ed v\u00edce chuti, v\u011bt\u0161\u00ed kontrolu a vy\u0161\u0161\u00ed hodnotu.<br \/>\nS <strong>p\u0159ep\u00edn\u00e1n\u00ed dvou chut\u00ed<\/strong>, a <strong>chytr\u00fd displej<\/strong>, a poutav\u00e9 <strong>duhov\u00e9 osv\u011btlen\u00ed<\/strong>, toto za\u0159\u00edzen\u00ed poskytuje a\u017e <strong>50 000 hladk\u00fdch obl\u00e1\u010dk\u016f<\/strong> v jedn\u00e9 v\u00fdkonn\u00e9 jednotce.<br \/>\nIde\u00e1ln\u00ed pro <strong>vape obchody, velkoobchody a velkoodb\u011bratel\u00e9<\/strong> hled\u00e1te pr\u00e9miov\u00fd, rychle se rozv\u00edjej\u00edc\u00ed produkt. \u2728<\/p>\n<p><!-- Why Choose --><\/p>\n<h2>Pro\u010d si vybrat FUMOT ECO 2 v 1 50K?<\/h2>\n<ul>\n<li>\ud83d\udd25 <strong>Syst\u00e9m 2 v 1 s dvojitou p\u0159\u00edchut\u00ed<\/strong> - P\u0159ep\u00edn\u00e1n\u00ed mezi dv\u011bma p\u0159\u00edchut\u011bmi kdykoli v jednom za\u0159\u00edzen\u00ed<\/li>\n<li>\ud83d\udca8 <strong>A\u017e 50 000 puf\u016f<\/strong> - Mimo\u0159\u00e1dn\u011b dlouh\u00e1 \u017eivotnost pro n\u00e1ro\u010dn\u00e9 u\u017eivatele a opakovan\u00fd prodej<\/li>\n<li>\ud83d\udcca <strong>Chytr\u00e1 obrazovka<\/strong> - P\u0159ehled o stavu baterie a e-liquidu v re\u00e1ln\u00e9m \u010dase<\/li>\n<li>\ud83c\udf08 <strong>Duhov\u00e9 sv\u011btlo<\/strong> - Pr\u00e9miov\u00fd vzhled, kter\u00fd vynikne na prodejn\u00edch pultech<\/li>\n<li>\ud83d\udd0b <strong>950mAh dob\u00edjec\u00ed baterie<\/strong> - Stabiln\u00ed nap\u00e1jen\u00ed s rychl\u00fdm nab\u00edjen\u00edm Type-C<\/li>\n<li>\ud83e\udde0 <strong>0,9\u03a9 Mesh Coil<\/strong> - Hladk\u00fd tah, siln\u00e1 chu\u0165 a konzistentn\u00ed p\u00e1ra<\/li>\n<li>\ud83d\udce6 <strong>Velkoobchodn\u011b p\u0159ipraven\u00e9 obaly<\/strong> - Ur\u010deno pro hromadn\u00e9 objedn\u00e1vky a v\u00fdstavn\u00ed boxy<\/li>\n<\/ul>\n<p><!-- Specifications Table --><\/p>\n<h2>FUMOT ECO 2 v 1 50K Specifikace<\/h2>\n<table>\n<tbody>\n<tr>\n<th>Funkce<\/th>\n<th>Podrobnosti<\/th>\n<\/tr>\n<tr>\n<td>Celkov\u00fd po\u010det obl\u00e1\u010dk\u016f<\/td>\n<td>A\u017e 50 000 vdech\u016f<\/td>\n<\/tr>\n<tr>\n<td>Kapacita e-liquidu<\/td>\n<td>10ml + 10ml (celkem 20ml, dv\u011b p\u0159\u00edchut\u011b)<\/td>\n<\/tr>\n<tr>\n<td>Kapacita baterie<\/td>\n<td>950mAh dob\u00edjec\u00ed<\/td>\n<\/tr>\n<tr>\n<td>Nab\u00edjec\u00ed port<\/td>\n<td>Rychl\u00e9 nab\u00edjen\u00ed typu C<\/td>\n<\/tr>\n<tr>\n<td>Typ c\u00edvky<\/td>\n<td>0,9\u03a9 Mesh Coil<\/td>\n<\/tr>\n<tr>\n<td>S\u00edla nikotinu<\/td>\n<td>2% \/ 3% \/ 5%<\/td>\n<\/tr>\n<tr>\n<td>Displej<\/td>\n<td>Chytr\u00e1 obrazovka (baterie a kapacita)<\/td>\n<\/tr>\n<tr>\n<td>Sv\u011bteln\u00fd efekt<\/td>\n<td>Duhov\u00e9 sv\u011btlo<\/td>\n<\/tr>\n<tr>\n<td>Balen\u00ed<\/td>\n<td>5 kus\u016f v krabici \/ 100 kus\u016f v kartonu<\/td>\n<\/tr>\n<\/tbody>\n<\/table>\n<p><!-- Flavors --><\/p>\n<h2>FUMOT ECO 2 v 1 50K Dvojit\u00e9 mo\u017enosti ochucen\u00ed \ud83c\udf08<\/h2>\n<p>Ka\u017ed\u00fd FUMOT ECO 50K se dod\u00e1v\u00e1 se dv\u011bma dokonale slad\u011bn\u00fdmi p\u0159\u00edchut\u011bmi, co\u017e u\u017eivatel\u016fm poskytuje rozmanitost bez nutnosti m\u011bnit za\u0159\u00edzen\u00ed:<\/p>\n<ul>\n<li>Black Mamba &amp; Mr Blue - Odv\u00e1\u017en\u00e1, ovocn\u00e1 a osv\u011b\u017euj\u00edc\u00ed chu\u0165<\/li>\n<li>Black Ice &amp; Grape Ice - Chladiv\u00fd mentol se sladk\u00fdm hroznem<\/li>\n<li>Peach Ice &amp; White Mamba - Hladk\u00e1 broskev s ledov\u00fdm z\u00e1v\u011brem<\/li>\n<li>Lady Killer &amp; Love 66 - obl\u00edben\u00e1 sm\u011bs milovn\u00edk\u016f exotick\u00e9ho ovoce<\/li>\n<li>Bor\u016fvkov\u00e1 Hubba Bubba a melounov\u00e1 Hubba Bubba - sladkost ve stylu bonb\u00f3n\u016f<\/li>\n<li>Hroznov\u00fd gumov\u00fd medv\u00eddek a jahodov\u00fd gumov\u00fd medv\u00eddek - z\u00e1bavn\u00fd a nostalgick\u00fd<\/li>\n<li>Kysel\u00e9 jablko a \u0161\u0165avnat\u00e1 broskev - sladkokysel\u00e1 rovnov\u00e1ha<\/li>\n<li>Fanta &amp; Cola Ice - Fizzy p\u0159\u00edchut\u011b inspirovan\u00e9 n\u00e1poji<\/li>\n<li>Cool Mint &amp; Watermelon Ice - \u010dist\u00e1 a osv\u011b\u017euj\u00edc\u00ed kombinace<\/li>\n<li>Jahodov\u00e9 kiwi a bor\u016fvkov\u00e1 kysel\u00e1 malina - klasick\u00fd davov\u00fd l\u00e1kadlo<\/li>\n<\/ul>\n<p>A mnoho dal\u0161\u00edch mo\u017enost\u00ed pro hromadn\u00e9 objedn\u00e1vky.<\/p>\n<p><!-- Conclusion --><\/p>\n<h2>Ide\u00e1ln\u00ed pro maloobchod a velkoobchod \ud83d\ude80<\/h2>\n<p>The <strong>FUMOT ECO 2 v 1 50K Vape na jedno pou\u017eit\u00ed<\/strong> je vynikaj\u00edc\u00ed volbou pro <strong>n\u00e1ro\u010dn\u00ed u\u017eivatel\u00e9<\/strong> kte\u0159\u00ed cht\u011bj\u00ed dlouhodob\u00fd v\u00fdkon,<br \/>\n<strong>lovci chut\u00ed<\/strong> kte\u0159\u00ed r\u00e1di m\u011bn\u00ed chut\u011b a <strong>vape obchody nebo velkoobchody<\/strong> hledaj\u00ed pr\u00e9miov\u00fd produkt s vysokou popt\u00e1vkou.<br \/>\nD\u00edky v\u00fdrazn\u00e9 vizu\u00e1ln\u00ed p\u0159ita\u017elivosti, pokro\u010dil\u00fdm funkc\u00edm a balen\u00ed vhodn\u00e9mu pro hromadn\u00e9 pou\u017eit\u00ed je navr\u017een tak, aby se rychle prod\u00e1val a \u010dasto se objedn\u00e1val.<\/p>\n<p><!-- FAQ --><\/p>\n<h2>\u010casto kladen\u00e9 ot\u00e1zky (FAQ)<\/h2>\n<h3>Jak funguje syst\u00e9m dvou p\u0159\u00edchut\u00ed 2 v 1?<\/h3>\n<p>Za\u0159\u00edzen\u00ed umo\u017e\u0148uje u\u017eivatel\u016fm snadno p\u0159ep\u00ednat mezi dv\u011bma vestav\u011bn\u00fdmi p\u0159\u00edchut\u011bmi, co\u017e p\u0159in\u00e1\u0161\u00ed v\u011bt\u0161\u00ed rozmanitost bez nutnosti nosit s sebou v\u00edce vap\u016f.<\/p>\n<h3>Obsahuje za\u0159\u00edzen\u00ed nab\u00edjec\u00ed kabel?<\/h3>\n<p>Kabel nen\u00ed sou\u010d\u00e1st\u00ed balen\u00ed, ale podporuje standardn\u00ed nab\u00edjen\u00ed typu C, kter\u00e9 je kompatibiln\u00ed s v\u011bt\u0161inou nab\u00edje\u010dek telefon\u016f.<\/p>\n<h3>Je tento produkt vhodn\u00fd pro velkoobchodn\u00ed a hromadn\u00fd n\u00e1kup?<\/h3>\n<p>Ano, FUMOT ECO 50K je ur\u010den pro velkoobchodn\u00ed distribuci, p\u0159i\u010dem\u017e pro vape obchody a distributory jsou k dispozici v\u00fdstavn\u00ed krabi\u010dky a pln\u00e9 kartony.<\/p>\n<h3>Jak\u00e1 je s\u00edla nikotinu?<\/h3>\n<p>K dispozici jsou varianty s nikotinem 2%, 3% a 5%, kter\u00e9 spl\u0148uj\u00ed r\u016fzn\u00e9 pot\u0159eby trhu.<\/p>\n<h3>Pro koho je tento vaporiz\u00e9r nejvhodn\u011bj\u0161\u00ed?<\/h3>\n<p>Je ide\u00e1ln\u00ed pro zku\u0161en\u00e9 vapery, z\u00e1kazn\u00edky s vysokou spot\u0159ebou, milovn\u00edky p\u0159\u00edchut\u00ed a firmy, kter\u00e9 hledaj\u00ed pr\u00e9miov\u00fd jednor\u00e1zov\u00fd vape se silnou tr\u017en\u00ed atraktivitou.<\/p>","protected":false},"excerpt":{"rendered":"<p>FUMOT ECO 50K 2 v 1 jednor\u00e1zov\u00fd vape s dv\u011bma p\u0159\u00edchut\u011bmi, chytr\u00fdm displejem, duhov\u00fdm sv\u011btlem a 50 000 potahy. Ide\u00e1ln\u00ed pro velkoobchody, velkoodb\u011bratele a distributory vape.<\/p>","protected":false},"featured_media":102709,"comment_status":"open","ping_status":"closed","template":"","meta":[],"product_brand":[495],"product_cat":[35,219,242],"product_tag":[436,349,456,496,497],"class_list":{"0":"post-102610","1":"product","2":"type-product","3":"status-publish","4":"has-post-thumbnail","6":"product_brand-fumot","7":"product_cat-randm","8":"product_cat-40000-puffs-disposable-vape","9":"product_cat-60000-puffs-disposable-vape","10":"product_tag-50000-puffs-vape","11":"product_tag-bulk-disposable-vape","12":"product_tag-disposable-vape","13":"product_tag-dual-flavor-vape","14":"product_tag-wholesale-vape-supplier","16":"first","17":"instock","18":"shipping-taxable","19":"purchasable","20":"product-type-variable","21":"has-default-attributes"},"jetpack_sharing_enabled":true,"tiered_pricing_type":"fixed","tiered_pricing_fixed_rules":{"30":10.5600000000000004973799150320701301097869873046875,"50":9.0099999999999997868371792719699442386627197265625,"100":8.4900000000000002131628207280300557613372802734375,"200":7.839999999999999857891452847979962825775146484375,"400":7.32000000000000028421709430404007434844970703125},"tiered_pricing_product_settings":{"layout":"default","base_unit_name":{"singular":null,"plural":null},"default_variation":null},"tiered_pricing_minimum_quantity":10,"tiered_pricing_roles_data":[],"tiered_pricing_percentage_rules":[],"tiered_pricing_maximum_quantity":null,"tiered_pricing_quantity_step":"10","_links":{"self":[{"href":"https:\/\/aiviouvapes.com\/cs\/wp-json\/wp\/v2\/product\/102610","targetHints":{"allow":["GET"]}}],"collection":[{"href":"https:\/\/aiviouvapes.com\/cs\/wp-json\/wp\/v2\/product"}],"about":[{"href":"https:\/\/aiviouvapes.com\/cs\/wp-json\/wp\/v2\/types\/product"}],"replies":[{"embeddable":true,"href":"https:\/\/aiviouvapes.com\/cs\/wp-json\/wp\/v2\/comments?post=102610"}],"wp:featuredmedia":[{"embeddable":true,"href":"https:\/\/aiviouvapes.com\/cs\/wp-json\/wp\/v2\/media\/102709"}],"wp:attachment":[{"href":"https:\/\/aiviouvapes.com\/cs\/wp-json\/wp\/v2\/media?parent=102610"}],"wp:term":[{"taxonomy":"product_brand","embeddable":true,"href":"https:\/\/aiviouvapes.com\/cs\/wp-json\/wp\/v2\/product_brand?post=102610"},{"taxonomy":"product_cat","embeddable":true,"href":"https:\/\/aiviouvapes.com\/cs\/wp-json\/wp\/v2\/product_cat?post=102610"},{"taxonomy":"product_tag","embeddable":true,"href":"https:\/\/aiviouvapes.com\/cs\/wp-json\/wp\/v2\/product_tag?post=102610"}],"curies":[{"name":"wp","href":"https:\/\/api.w.org\/{rel}","templated":true}]}}