{"id":102365,"date":"2026-01-23T12:09:52","date_gmt":"2026-01-23T04:09:52","guid":{"rendered":"https:\/\/aiviouvapes.com\/?post_type=product&#038;p=102365"},"modified":"2026-04-17T22:14:01","modified_gmt":"2026-04-17T14:14:01","slug":"bang-box-200k","status":"publish","type":"product","link":"https:\/\/aiviouvapes.com\/cs\/product\/bang-box-200k\/","title":{"rendered":"BANG BOX 200K | 8 v 1, 200000 \u0161luk\u016f, \u010dty\u0159c\u00edvka, ukazatel v\u00fdkonu, jednor\u00e1zov\u00fd vape pro hromadn\u00e9 pou\u017eit\u00ed"},"content":{"rendered":"<p>Seznamte se s <strong>BANG BOX 200K<\/strong> - skute\u010dn\u00fd gigant na trhu s jednor\u00e1zov\u00fdmi vape za\u0159\u00edzen\u00edmi. Toto za\u0159\u00edzen\u00ed je navr\u017eeno s ohledem na v\u00fddr\u017e, rozmanitost chut\u00ed a profesion\u00e1ln\u00ed distribuci. <strong>200 000 vdech\u016f<\/strong> v jedn\u00e9 v\u00fdkonn\u00e9 jednotce. S pokro\u010dil\u00fdmi <strong>technologie \u010dty\u0159 c\u00edvek<\/strong>, a <strong>chytr\u00fd displej nap\u00e1jen\u00ed<\/strong>, a jedine\u010dn\u00fd <strong>Syst\u00e9m p\u0159\u00edchut\u00ed 8 v 1<\/strong>, je ide\u00e1ln\u00ed pro u\u017eivatele, kte\u0159\u00ed cht\u011bj\u00ed v\u00edce, a pro firmy, kter\u00e9 vy\u017eaduj\u00ed spolehlivost a hodnotu \ud83d\udce6<\/p>\n<h2>Pro\u010d si vybrat BANG BOX 200K?<\/h2>\n<ul>\n<li>\ud83d\udd25 Masivn\u00ed a\u017e <strong>200 000 vdech\u016f<\/strong> - jeden p\u0159\u00edstroj vydr\u017e\u00ed n\u011bkolik t\u00fddn\u016f<\/li>\n<li>\ud83c\udfa8 <strong>Design s p\u0159\u00edchut\u00ed 8 v 1<\/strong> - v\u00edce chut\u00ed na jedno pou\u017eit\u00ed<\/li>\n<li>\u26a1 <strong>Syst\u00e9m c\u00edvek se \u010dty\u0159mi oky<\/strong> pro jemnou p\u00e1ru a bohatou chu\u0165<\/li>\n<li>\ud83d\udcfa <strong>Chytr\u00e1 obrazovka nap\u00e1jen\u00ed<\/strong> jasn\u011b zobrazuje stav baterie a e-liquidu<\/li>\n<li>\ud83d\udd0b Vysok\u00e1 kvalita <strong>Dob\u00edjec\u00ed baterie s kapacitou 850 mAh z \u010dist\u00e9ho kobaltu<\/strong><\/li>\n<li>\ud83d\udca7 Obrovsk\u00fd <strong>Celkov\u00e1 kapacita 100 ml<\/strong> (4 \u00d7 25ml komory)<\/li>\n<li>\ud83d\ude9a Ide\u00e1ln\u00ed pro <strong>hromadn\u00e9 objedn\u00e1vky, vape obchody a velkoobchody.<\/strong><\/li>\n<\/ul>\n<h2>BANG BOX 200K Specifikace<\/h2>\n<table>\n<tbody>\n<tr>\n<th>Funkce<\/th>\n<th>Podrobnosti<\/th>\n<\/tr>\n<tr>\n<td>Po\u010det puf\u016f<\/td>\n<td>A\u017e 200 000 vdech\u016f<\/td>\n<\/tr>\n<tr>\n<td>Syst\u00e9m p\u0159\u00edchut\u00ed<\/td>\n<td>Jednor\u00e1zov\u00e9 balen\u00ed 8 v 1 s v\u00edce p\u0159\u00edchut\u011bmi<\/td>\n<\/tr>\n<tr>\n<td>Baterie<\/td>\n<td>850mAh \u010dist\u00fd kobalt (dob\u00edjec\u00ed)<\/td>\n<\/tr>\n<tr>\n<td>Celkov\u00e1 kapacita e-liquidu<\/td>\n<td>100 ml (4 \u00d7 25 ml)<\/td>\n<\/tr>\n<tr>\n<td>Technologie c\u00edvek<\/td>\n<td>C\u00edvka Quad Mesh<\/td>\n<\/tr>\n<tr>\n<td>Nab\u00edjec\u00ed port<\/td>\n<td>Rychl\u00e9 nab\u00edjen\u00ed typu C<\/td>\n<\/tr>\n<tr>\n<td>S\u00edla nikotinu<\/td>\n<td>Vlastn\u00ed mo\u017enosti k dispozici pro velkoobchod<\/td>\n<\/tr>\n<\/tbody>\n<\/table>\n<figure class=\"wp-block-videopress-video wp-block-jetpack-videopress jetpack-videopress-player\"><div class=\"jetpack-videopress-player__wrapper\"><iframe title=\"VideoPress Video p\u0159ehr\u00e1va\u010d\" aria-label=\"VideoPress Video p\u0159ehr\u00e1va\u010d\" src=\"https:\/\/videopress.com\/embed\/Szf0xBf7?at=0&#038;controls=1&#038;preloadContent=metadata\" width=\"640\"height=\"360\" frameborder=\"0\" allowfullscreen data-resize-to-parent=\"true\" allow=\"clipboard-write\"><\/iframe><\/div><\/figure>\n<h2><img data-recalc-dims=\"1\" loading=\"lazy\" decoding=\"async\" class=\"alignnone size-full wp-image-102369\" src=\"https:\/\/i0.wp.com\/aiviouvapes.com\/wp-content\/uploads\/2026\/01\/BANG-BOX-200K-1.jpg?resize=1020%2C572&#038;ssl=1\" alt=\"BANG BOX 200K\" width=\"1020\" height=\"572\" title=\"\" srcset=\"https:\/\/i0.wp.com\/aiviouvapes.com\/wp-content\/uploads\/2026\/01\/BANG-BOX-200K-1.jpg?w=1600&amp;ssl=1 1600w, https:\/\/i0.wp.com\/aiviouvapes.com\/wp-content\/uploads\/2026\/01\/BANG-BOX-200K-1.jpg?resize=300%2C168&amp;ssl=1 300w, https:\/\/i0.wp.com\/aiviouvapes.com\/wp-content\/uploads\/2026\/01\/BANG-BOX-200K-1.jpg?resize=1024%2C574&amp;ssl=1 1024w, https:\/\/i0.wp.com\/aiviouvapes.com\/wp-content\/uploads\/2026\/01\/BANG-BOX-200K-1.jpg?resize=768%2C431&amp;ssl=1 768w, https:\/\/i0.wp.com\/aiviouvapes.com\/wp-content\/uploads\/2026\/01\/BANG-BOX-200K-1.jpg?resize=1536%2C861&amp;ssl=1 1536w, https:\/\/i0.wp.com\/aiviouvapes.com\/wp-content\/uploads\/2026\/01\/BANG-BOX-200K-1.jpg?resize=18%2C10&amp;ssl=1 18w, https:\/\/i0.wp.com\/aiviouvapes.com\/wp-content\/uploads\/2026\/01\/BANG-BOX-200K-1.jpg?resize=800%2C449&amp;ssl=1 800w\" sizes=\"auto, (max-width: 1020px) 100vw, 1020px\" \/><\/h2>\n<h2>Dostupn\u00e9 kombinace chut\u00ed<\/h2>\n<p>Ka\u017ed\u00fd <a href=\"https:\/\/aiviouvapes.com\/cs\/kategorie-produktu\/bang\/\">BANG BOX<\/a> 200K nab\u00edz\u00ed vzru\u0161uj\u00edc\u00ed chu\u0165ov\u00e9 kombinace, d\u00edky kter\u00fdm bude ka\u017ed\u00fd \u0161luk sv\u011b\u017e\u00ed a z\u00e1bavn\u00fd \ud83d\ude0b<\/p>\n<ul>\n<li><strong>\u0158ada Blueberry:<\/strong> Bor\u016fvkov\u00fd led, bor\u016fvkov\u00fd meloun, malina, citronov\u00e1 limetka<\/li>\n<li><strong>Meloun a cukrovinky:<\/strong> Melounov\u00fd led, \u017ev\u00fdka\u010dkov\u00fd led, t\u0159e\u0161\u0148ov\u00fd led<\/li>\n<li><strong>Led a m\u00e1ta:<\/strong> M\u00e1tov\u00fd led, bor\u016fvkov\u00fd malinov\u00fd led, hroznov\u00fd led, Nerdz Candy<\/li>\n<li><strong>Exotick\u00e9 ovoce:<\/strong> Mu\u010denka, ananasov\u00fd kokosov\u00fd led, LOVE 66, trojit\u00e1 medov\u00e1 rosa<\/li>\n<li><strong>Jablko a bobule:<\/strong> Dvojit\u00e9 jablko, Kysel\u00e9 jablko s malinami, Ostru\u017einov\u00fd led<\/li>\n<li><strong>Jahodov\u00e1 sm\u011bs:<\/strong> Jahodov\u00fd led, jahodov\u00e9 kiwi, r\u016f\u017eov\u00e1 limon\u00e1da<\/li>\n<li><strong>Cola a citrusy:<\/strong> T\u0159e\u0161\u0148ov\u00e1 cola, brusinka, jahoda malina<\/li>\n<li><strong>Tropick\u00e9 mango:<\/strong> Triple Mango, Mango Passion Fruit, Ananas Ice<\/li>\n<\/ul>\n<p>Od ledov\u00e9 sv\u011b\u017eesti a\u017e po sladk\u00e9 bonb\u00f3ny a tropick\u00e9 sm\u011bsi, \u0159ada p\u0159\u00edchut\u00ed je navr\u017eena tak, aby uspokojila jak p\u0159\u00edle\u017eitostn\u00e9 u\u017eivatele, tak i v\u00e1\u017en\u00e9 z\u00e1jemce o chut\u011b \ud83c\udf08<\/p>\n<h2>Ide\u00e1ln\u00ed pro u\u017eivatele a firmy<\/h2>\n<p>The <strong>BANG BOX 200K<\/strong> je vynikaj\u00edc\u00ed volbou pro <strong>n\u00e1ro\u010dn\u00ed u\u017eivatel\u00e9<\/strong> kte\u0159\u00ed cht\u011bj\u00ed m\u00e9n\u011b v\u00fdm\u011bn, <strong>milovn\u00edci chut\u00ed<\/strong> kte\u0159\u00ed maj\u00ed r\u00e1di rozmanitost a <strong>obchody s elektronick\u00fdmi cigaretami nebo distributo\u0159i<\/strong> hled\u00e1te vysoce hodnotn\u00fd a poutav\u00fd produkt. D\u00edky dlouh\u00e9 \u017eivotnosti, prvot\u0159\u00eddn\u00edmu proveden\u00ed a designu vhodn\u00e9mu pro velkoobchodn\u00ed prodej a dal\u0161\u00ed prodej po cel\u00e9m sv\u011bt\u011b.<\/p>\n<h2>\u010casto kladen\u00e9 ot\u00e1zky (FAQ)<\/h2>\n<p><strong>Ot\u00e1zka: Lze BANG BOX 200K dob\u00edjet?<\/strong><br \/>\nOdpov\u011b\u010f: Ano \ud83d\udc4d Je vybavena nab\u00edjec\u00edm portem typu C, tak\u017ee m\u016f\u017eete baterii dob\u00edjet, dokud se v\u0161echen e-liquid pln\u011b nevy\u010derp\u00e1.<\/p>\n<p><strong>Ot\u00e1zka: Jak pozn\u00e1m, \u017ee je baterie nebo kapalina vybit\u00e1?<\/strong><br \/>\nOdpov\u011b\u010f: Inteligentn\u00ed displej nap\u00e1jen\u00ed jasn\u011b zobrazuje zb\u00fdvaj\u00edc\u00ed \u00farove\u0148 nabit\u00ed baterie a stav pou\u017e\u00edv\u00e1n\u00ed.<\/p>\n<p><strong>Ot\u00e1zka: Je tento produkt vhodn\u00fd pro velkoobchodn\u00ed nebo hromadn\u00fd n\u00e1kup?<\/strong><br \/>\nOdpov\u011b\u010f: Ur\u010dit\u011b. Tento model je ur\u010den pro hromadn\u00fd n\u00e1kup a je velmi obl\u00edben\u00fd u distributor\u016f a maloobchodn\u00edch prodejen.<\/p>\n<p><strong>Ot\u00e1zka: M\u00e1 \u010dty\u0159n\u00e1sobn\u00e1 c\u00edvka opravdu n\u011bjak\u00fd v\u00fdznam?<\/strong><br \/>\nOdpov\u011b\u010f: Ano! Technologie Quad Coil zaji\u0161\u0165uje rovnom\u011brn\u011bj\u0161\u00ed zah\u0159\u00edv\u00e1n\u00ed, siln\u011bj\u0161\u00ed chu\u0165 a hlad\u0161\u00ed p\u00e1ru s men\u0161\u00ed chut\u00ed sp\u00e1leniny.<\/p>\n<p><strong>Ot\u00e1zka: Je vhodn\u00fd pro za\u010d\u00e1te\u010dn\u00edky?<\/strong><br \/>\nOdpov\u011b\u010f: Ano \ud83d\ude0a \u017d\u00e1dn\u00e1 tla\u010d\u00edtka, \u017e\u00e1dn\u00e9 dopl\u0148ov\u00e1n\u00ed, \u017e\u00e1dn\u00e9 nastavov\u00e1n\u00ed. Sta\u010d\u00ed inhalovat a u\u017e\u00edvat si.<\/p>","protected":false},"excerpt":{"rendered":"<p>Prod\u00e1m mega 200 000 \u0161luk\u016f BANG BOX 200K jednor\u00e1zov\u00fd vape se syst\u00e9mem 8 v 1 s v\u00edce p\u0159\u00edchut\u011bmi, v\u00fdkonem \u010dty\u0159 spir\u00e1lek a chytr\u00fdm displejem. Vytvo\u0159eno pro n\u00e1ro\u010dn\u00e9 u\u017eivatele, vape shopy a velkoobchodn\u00ed odb\u011bratele, kte\u0159\u00ed hledaj\u00ed dlouhotrvaj\u00edc\u00ed v\u00fdkon \ud83d\udca8.<\/p>","protected":false},"featured_media":102374,"comment_status":"open","ping_status":"closed","template":"","meta":[],"product_brand":[239],"product_cat":[37,129],"product_tag":[490,349,456,331,459],"class_list":{"0":"post-102365","1":"product","2":"type-product","3":"status-publish","4":"has-post-thumbnail","6":"product_brand-bang","7":"product_cat-bang","8":"product_cat-20000-puffs-disposable-vape","9":"product_tag-200000-puffs-vape","10":"product_tag-bulk-disposable-vape","11":"product_tag-disposable-vape","12":"product_tag-rechargeable-disposable-vape","13":"product_tag-wholesale-vape-device","15":"first","16":"instock","17":"shipping-taxable","18":"purchasable","19":"product-type-variable","20":"has-default-attributes"},"jetpack_sharing_enabled":true,"tiered_pricing_type":"fixed","tiered_pricing_fixed_rules":{"30":10.2400000000000002131628207280300557613372802734375,"50":8.8100000000000004973799150320701301097869873046875,"100":8.03999999999999914734871708787977695465087890625,"200":7.6500000000000003552713678800500929355621337890625,"400":7.12999999999999989341858963598497211933135986328125},"tiered_pricing_product_settings":{"layout":"default","base_unit_name":{"singular":null,"plural":null},"default_variation":null},"tiered_pricing_minimum_quantity":10,"tiered_pricing_roles_data":[],"tiered_pricing_percentage_rules":[],"tiered_pricing_maximum_quantity":null,"tiered_pricing_quantity_step":"10","_links":{"self":[{"href":"https:\/\/aiviouvapes.com\/cs\/wp-json\/wp\/v2\/product\/102365","targetHints":{"allow":["GET"]}}],"collection":[{"href":"https:\/\/aiviouvapes.com\/cs\/wp-json\/wp\/v2\/product"}],"about":[{"href":"https:\/\/aiviouvapes.com\/cs\/wp-json\/wp\/v2\/types\/product"}],"replies":[{"embeddable":true,"href":"https:\/\/aiviouvapes.com\/cs\/wp-json\/wp\/v2\/comments?post=102365"}],"wp:featuredmedia":[{"embeddable":true,"href":"https:\/\/aiviouvapes.com\/cs\/wp-json\/wp\/v2\/media\/102374"}],"wp:attachment":[{"href":"https:\/\/aiviouvapes.com\/cs\/wp-json\/wp\/v2\/media?parent=102365"}],"wp:term":[{"taxonomy":"product_brand","embeddable":true,"href":"https:\/\/aiviouvapes.com\/cs\/wp-json\/wp\/v2\/product_brand?post=102365"},{"taxonomy":"product_cat","embeddable":true,"href":"https:\/\/aiviouvapes.com\/cs\/wp-json\/wp\/v2\/product_cat?post=102365"},{"taxonomy":"product_tag","embeddable":true,"href":"https:\/\/aiviouvapes.com\/cs\/wp-json\/wp\/v2\/product_tag?post=102365"}],"curies":[{"name":"wp","href":"https:\/\/api.w.org\/{rel}","templated":true}]}}