{"id":9135,"date":"2024-08-21T10:54:29","date_gmt":"2024-08-21T10:54:29","guid":{"rendered":"https:\/\/aiviouvapes.com\/?page_id=9135"},"modified":"2024-12-02T02:32:31","modified_gmt":"2024-12-01T18:32:31","slug":"buy-vapes-in-belgium-with-bancontact","status":"publish","type":"page","link":"https:\/\/aiviouvapes.com\/cs\/buy-vapes-in-belgium-with-bancontact\/","title":{"rendered":"Koupit Vapes v Belgii s Bancontact"},"content":{"rendered":"<p>Bancontact je popul\u00e1rn\u00ed elektronick\u00fd platebn\u00ed syst\u00e9m v Belgii, kter\u00fd poskytuje bezpe\u010dnou, efektivn\u00ed a u\u017eivatelsky p\u0159\u00edv\u011btivou metodu pro prov\u00e1d\u011bn\u00ed transakc\u00ed online i offline. Jako celost\u00e1tn\u011b uzn\u00e1van\u00e1 platebn\u00ed mo\u017enost umo\u017e\u0148uje Bancontact bezprobl\u00e9mov\u00e9 a spolehliv\u00e9 transakce belgick\u00fdm spot\u0159ebitel\u016fm i podnik\u016fm. Syst\u00e9m podporuje \u0161irokou \u0161k\u00e1lu platebn\u00edch sc\u00e9n\u00e1\u0159\u016f, od bezkontaktn\u00edch a mobiln\u00edch plateb a\u017e po online n\u00e1kupy, co\u017e z n\u011bj \u010din\u00ed v\u0161estrannou a pohodlnou volbu pro ka\u017edodenn\u00ed pou\u017eit\u00ed.<\/p>\n<h3>Pro\u010d zvolit Bancontact?<\/h3>\n<p><strong>1. Jednoduch\u00e9 a flexibiln\u00ed platby pro v\u0161echny \u010d\u00e1stky<\/strong><br \/>\nBancontact je navr\u017een tak, aby vyhovoval transakc\u00edm jak\u00e9koli velikosti, a\u0165 u\u017e prov\u00e1d\u00edte mal\u00fd n\u00e1kup nebo v\u011bt\u0161\u00ed platbu. S Bancontact mohou u\u017eivatel\u00e9 s jistotou pou\u017e\u00edvat svou kartu pro jakoukoli \u010d\u00e1stku, co\u017e z n\u00ed \u010din\u00ed pohodlnou volbu pro v\u0161echny typy v\u00fddaj\u016f, od potravin po polo\u017eky s velk\u00fdmi vstupenkami.<\/p>\n<p><strong>2. Rychl\u00e9 bezkontaktn\u00ed platby<\/strong><br \/>\nPro ty, kte\u0159\u00ed oce\u0148uj\u00ed rychlost a pohodl\u00ed, nab\u00edz\u00ed Bancontact mo\u017enosti bezkontaktn\u00edch plateb. Sta\u010d\u00ed podr\u017eet kartu Bancontact pobl\u00ed\u017e bezkontaktn\u00edho termin\u00e1lu a platba bude okam\u017eit\u011b dokon\u010dena. Tato funkce je ide\u00e1ln\u00ed pro rychl\u00e9 n\u00e1kupy, d\u00edky \u010demu\u017e jsou pokladn\u00ed linky rychlej\u0161\u00ed a efektivn\u011bj\u0161\u00ed.<\/p>\n<p><strong>3. Bezpe\u010dn\u00e9 online nakupov\u00e1n\u00ed<\/strong><br \/>\nBancontact je \u0161iroce p\u0159ij\u00edm\u00e1n online maloobchodn\u00edky a umo\u017e\u0148uje belgick\u00fdm spot\u0159ebitel\u016fm snadno nakupovat z r\u016fzn\u00fdch internetov\u00fdch obchod\u016f. Bezprobl\u00e9mov\u00e1 integrace Bancontact do platforem elektronick\u00e9ho obchodu nab\u00edz\u00ed bezpe\u010dnou a efektivn\u00ed platebn\u00ed metodu pro online nakupov\u00e1n\u00ed, kter\u00e1 spot\u0159ebitel\u016fm umo\u017e\u0148uje nakupovat s jistotou z domova.<\/p>\n<p><strong>4. Snadn\u00e9 mobiln\u00ed platby<\/strong><br \/>\nProst\u0159ednictv\u00edm aplikace Payconiq by Bancontact mohou u\u017eivatel\u00e9 prov\u00e1d\u011bt mobiln\u00ed platby v obchodech, online a dokonce i v restaurac\u00edch. Tato aplikace d\u00e1le roz\u0161i\u0159uje pou\u017eitelnost Bancontact a umo\u017e\u0148uje spot\u0159ebitel\u016fm prov\u00e1d\u011bt platby na cest\u00e1ch pomoc\u00ed sv\u00fdch mobiln\u00edch za\u0159\u00edzen\u00ed, kdekoli je akceptov\u00e1no Bancontact nebo Payconiq.<\/p>\n<p><strong>5. Pohodln\u00e9 v\u00fdb\u011bry hotovosti<\/strong><br \/>\nBancontact tak\u00e9 umo\u017e\u0148uje u\u017eivatel\u016fm bezpe\u010dn\u011b a snadno vyb\u00edrat hotovost, co\u017e jim umo\u017e\u0148uje kdykoli p\u0159\u00edstup ke sv\u00fdm prost\u0159edk\u016fm. Tato flexibilita je v\u00fdhodn\u00e1 zejm\u00e9na pro ty, kte\u0159\u00ed up\u0159ednost\u0148uj\u00ed m\u00edt k dispozici hotovost na ur\u010dit\u00e9 n\u00e1kupy.<\/p>\n<hr \/>\n<h2>Kupte si jednor\u00e1zov\u00e9 vapes s Bancontact na AiviouVapes<\/h2>\n<p>AiviouVapes s pot\u011b\u0161en\u00edm oznamuje, \u017ee nyn\u00ed p\u0159ij\u00edm\u00e1me Bancontact jako platebn\u00ed metodu pro n\u00e1kup jednor\u00e1zov\u00fdch v\u00fdpar\u016f. Tento nov\u00fd p\u0159\u00edr\u016fstek je v souladu s na\u0161\u00edm z\u00e1vazkem poskytovat na\u0161im belgick\u00fdm z\u00e1kazn\u00edk\u016fm flexibiln\u00ed a pohodln\u00e9 platebn\u00ed mo\u017enosti. Zde je d\u016fvod, pro\u010d je Bancontact vynikaj\u00edc\u00ed volbou pro n\u00e1kup jednor\u00e1zov\u00fdch vap\u016f od AiviouVapes:<\/p>\n<p><strong>1. Bezprobl\u00e9mov\u00e9 transakce<\/strong><br \/>\nPou\u017eit\u00ed Bancontact na AiviouVapes zaji\u0161\u0165uje hladk\u00fd a efektivn\u00ed n\u00e1kup. A\u0165 u\u017e si koup\u00edte jeden vape nebo se z\u00e1sob\u00edte sv\u00fdmi obl\u00edben\u00fdmi p\u0159\u00edchut\u011bmi, Bancontact zvl\u00e1d\u00e1 platby bezpe\u010dn\u011b a rychle.<\/p>\n<p><strong>2. Bezpe\u010dn\u00e9 a spolehliv\u00e9 platby<\/strong><br \/>\nBancontact vyu\u017e\u00edv\u00e1 pokro\u010dil\u00e1 bezpe\u010dnostn\u00ed opat\u0159en\u00ed, chr\u00e1n\u00ed finan\u010dn\u00ed informace u\u017eivatel\u016f a chr\u00e1n\u00ed transakce p\u0159ed podvody. Tento klid umo\u017e\u0148uje na\u0161im z\u00e1kazn\u00edk\u016fm s jistotou nakupovat na na\u0161ich str\u00e1nk\u00e1ch.<\/p>\n<p><strong>3. Okam\u017eit\u00e9 potvrzen\u00ed platby<\/strong><br \/>\nTransakce Bancontact jsou zpracov\u00e1ny okam\u017eit\u011b, co\u017e zajist\u00ed, \u017ee va\u0161e objedn\u00e1vka bude potvrzena a p\u0159ipravena k odesl\u00e1n\u00ed bez prodlen\u00ed. Toto okam\u017eit\u00e9 potvrzen\u00ed je ide\u00e1ln\u00ed pro z\u00e1kazn\u00edky, kte\u0159\u00ed cht\u011bj\u00ed sv\u00e9 v\u00fdpary rychle doru\u010dit.<\/p>\n<hr \/>\n<h3>Jak pou\u017e\u00edvat Bancontact na AiviouVapes<\/h3>\n<p><strong>Podrobn\u00fd pr\u016fvodce placen\u00edm pomoc\u00ed Bancontact:<\/strong><\/p>\n<ol>\n<li><strong>P\u0159idat produkty do ko\u0161\u00edku:<\/strong>\n<ul>\n<li>Prohl\u00e9dn\u011bte si na\u0161i nab\u00eddku jednor\u00e1zov\u00fdch v\u00fdpar\u016f a vyberte si produkty, kter\u00e9 si chcete zakoupit.<\/li>\n<\/ul>\n<\/li>\n<li><strong>P\u0159ejd\u011bte k pokladn\u011b:<\/strong>\n<ul>\n<li>Jakmile si vyberete polo\u017eky, p\u0159ejd\u011bte na str\u00e1nku pokladny.<\/li>\n<\/ul>\n<\/li>\n<li><strong>Zvolte Bancontact:<\/strong>\n<ul>\n<li>V mo\u017enostech platby zvolte Bancontact jako preferovan\u00fd zp\u016fsob.<\/li>\n<\/ul>\n<\/li>\n<li><strong>Zadejte platebn\u00ed \u00fadaje:<\/strong>\n<ul>\n<li>Postupujte podle pokyn\u016f a zadejte informace o sv\u00e9 kart\u011b Bancontact nebo pou\u017eijte aplikaci Payconiq by Bancontact pro mobiln\u00ed platbu.<\/li>\n<\/ul>\n<\/li>\n<li><strong>Potvr\u010fte svou platbu:<\/strong>\n<ul>\n<li>Dokon\u010dete platbu a dokon\u010dete transakci. Okam\u017eit\u011b obdr\u017e\u00edte potvrzen\u00ed va\u0161\u00ed objedn\u00e1vky.<\/li>\n<\/ul>\n<\/li>\n<li><strong>Zpracov\u00e1n\u00ed objedn\u00e1vek:<\/strong>\n<ul>\n<li>Va\u0161e objedn\u00e1vka bude zpracov\u00e1na a odesl\u00e1na na v\u00e1mi zvolenou adresu. U\u017eijte si sv\u00e9 jednor\u00e1zov\u00e9 vapy AiviouVapes!<\/li>\n<\/ul>\n<\/li>\n<\/ol>\n<p>Pod\u00edvejte se na vapy zde:<\/p>\n<p><a href=\"https:\/\/aiviouvapes.com\/cs\/shop\/\">https:\/\/aiviouvapes.com\/shop\/<\/a><\/p>","protected":false},"excerpt":{"rendered":"<p>Bancontact is a popular electronic payment system in Belgium, providing a secure, efficient, and user-friendly method for completing transactions both online and offline. As a nationally recognized payment option, Bancontact enables seamless and reliable transactions for Belgian consumers and businesses alike. The system supports a wide range of payment scenarios, from contactless and mobile payments [&#8230;]\n","protected":false},"author":1,"featured_media":0,"parent":0,"menu_order":0,"comment_status":"closed","ping_status":"closed","template":"page-blank-title-center.php","meta":{"footnotes":""},"class_list":["post-9135","page","type-page","status-publish","hentry"],"jetpack_sharing_enabled":true,"_links":{"self":[{"href":"https:\/\/aiviouvapes.com\/cs\/wp-json\/wp\/v2\/pages\/9135","targetHints":{"allow":["GET"]}}],"collection":[{"href":"https:\/\/aiviouvapes.com\/cs\/wp-json\/wp\/v2\/pages"}],"about":[{"href":"https:\/\/aiviouvapes.com\/cs\/wp-json\/wp\/v2\/types\/page"}],"author":[{"embeddable":true,"href":"https:\/\/aiviouvapes.com\/cs\/wp-json\/wp\/v2\/users\/1"}],"replies":[{"embeddable":true,"href":"https:\/\/aiviouvapes.com\/cs\/wp-json\/wp\/v2\/comments?post=9135"}],"version-history":[{"count":0,"href":"https:\/\/aiviouvapes.com\/cs\/wp-json\/wp\/v2\/pages\/9135\/revisions"}],"wp:attachment":[{"href":"https:\/\/aiviouvapes.com\/cs\/wp-json\/wp\/v2\/media?parent=9135"}],"curies":[{"name":"wp","href":"https:\/\/api.w.org\/{rel}","templated":true}]}}