{"id":9132,"date":"2024-08-21T10:53:56","date_gmt":"2024-08-21T10:53:56","guid":{"rendered":"https:\/\/aiviouvapes.com\/?page_id=9132"},"modified":"2024-12-03T13:01:14","modified_gmt":"2024-12-03T05:01:14","slug":"buy-vapes-in-netherlands-with-ideal","status":"publish","type":"page","link":"https:\/\/aiviouvapes.com\/cs\/buy-vapes-in-netherlands-with-ideal\/","title":{"rendered":"Koupit Vapes v Nizozemsku pomoc\u00ed iDEAL"},"content":{"rendered":"<p><strong>iDEAL: Preferovan\u00fd zp\u016fsob platby v Nizozemsku pro bezpe\u010dn\u00e9 a rychl\u00e9 transakce<\/strong><\/p>\n<p>iDEAL je v Nizozemsku velmi popul\u00e1rn\u00ed online platebn\u00ed metoda, kter\u00e1 spot\u0159ebitel\u016fm umo\u017e\u0148uje prov\u00e1d\u011bt bezpe\u010dn\u00e9 platby v re\u00e1ln\u00e9m \u010dase p\u0159\u00edmo prost\u0159ednictv\u00edm jejich vlastn\u00ed banky. Syst\u00e9m iDEAL, kter\u00fd je hladce integrov\u00e1n s prost\u0159ed\u00edm online bankovnictv\u00ed nizozemsk\u00fdch bank, nab\u00edz\u00ed zjednodu\u0161en\u00fd zp\u016fsob p\u0159evodu prost\u0159edk\u016f z \u00fa\u010dtu spot\u0159ebitele na \u00fa\u010det obchodn\u00edka. Zde je pohled na to, pro\u010d je iDEAL tak \u00fa\u010dinn\u00fd:<\/p>\n<ol>\n<li><strong>Snadn\u00e9 pou\u017e\u00edv\u00e1n\u00ed<\/strong>: Platby se prov\u00e1d\u011bj\u00ed prost\u0159ednictv\u00edm aplikace mobiln\u00edho bankovnictv\u00ed nebo webu internetov\u00e9ho bankovnictv\u00ed spot\u0159ebitelsk\u00e9 banky, co\u017e je zn\u00e1m\u00fd a p\u0159\u00edmo\u010dar\u00fd proces.<\/li>\n<li><strong>Potvrzen\u00ed v re\u00e1ln\u00e9m \u010dase<\/strong>: Spot\u0159ebitel\u00e9 obdr\u017e\u00ed okam\u017eit\u00e9 potvrzen\u00ed o platb\u011b, co\u017e zvy\u0161uje d\u016fv\u011bru a zrychluje dobu transakc\u00ed.<\/li>\n<li><strong>Neodvolateln\u00e9 platby<\/strong>: Jakmile je transakce iDEAL schv\u00e1lena, nelze ji vr\u00e1tit zp\u011bt, co\u017e zaji\u0161\u0165uje, \u017ee finan\u010dn\u00ed prost\u0159edky jsou bezpe\u010dn\u011b p\u0159evedeny a okam\u017eit\u011b zpracov\u00e1ny.<\/li>\n<li><strong>V\u0161estrannost<\/strong>: iDEAL podporuje r\u016fzn\u00e9 platebn\u00ed sc\u00e9n\u00e1\u0159e, v\u010detn\u011b p\u0159\u00edm\u00fdch online plateb, plateb prost\u0159ednictv\u00edm odkaz\u016f v e-mailech nebo zpr\u00e1v\u00e1ch a dokonce i transakc\u00ed prost\u0159ednictv\u00edm iDEAL QR k\u00f3d\u016f pro fyzick\u00e9 a digit\u00e1ln\u00ed prost\u0159ed\u00ed.<\/li>\n<\/ol>\n<p>D\u00edky sv\u00e9 zabezpe\u010den\u00e9 infrastruktu\u0159e a pohodl\u00ed se iDEAL stal nejd\u016fv\u011bryhodn\u011bj\u0161\u00ed platebn\u00ed metodou pro nizozemsk\u00e9 spot\u0159ebitele, kterou podporuj\u00ed p\u0159edn\u00ed spot\u0159ebitelsk\u00e9 banky v zemi.<\/p>\n<hr \/>\n<h2>V\u00fdhody pou\u017eit\u00ed iDEAL k n\u00e1kupu jednor\u00e1zov\u00fdch vaporiz\u00e9r\u016f na AiviouVapes<\/h2>\n<p>N\u00e1kup jednor\u00e1zov\u00fdch v\u00fdpar\u016f v Nizozemsku pomoc\u00ed iDEAL p\u0159in\u00e1\u0161\u00ed n\u011bkolik v\u00fdhod, kter\u00e9 zvy\u0161uj\u00ed bezpe\u010dnost i pohodl\u00ed pro na\u0161e z\u00e1kazn\u00edky:<\/p>\n<ol>\n<li><strong>Vylep\u0161en\u00e9 zabezpe\u010den\u00ed<\/strong>: iDEAL vyu\u017e\u00edv\u00e1 vysok\u00e9 bezpe\u010dnostn\u00ed standardy internetov\u00e9ho a mobiln\u00edho bankovnictv\u00ed a zaji\u0161\u0165uje, \u017ee va\u0161e transakce je chr\u00e1n\u011bna p\u0159ed podvody a neopr\u00e1vn\u011bn\u00fdm p\u0159\u00edstupem.<\/li>\n<li><strong>Pohodl\u00ed<\/strong>: iDEAL umo\u017e\u0148uje p\u0159\u00edm\u00e9 bankovn\u00ed p\u0159evody, \u010d\u00edm\u017e odpad\u00e1 pot\u0159eba kreditn\u00edch karet nebo platebn\u00edch slu\u017eeb t\u0159et\u00edch stran. V\u0161e, co pot\u0159ebujete, je p\u0159\u00edstup do va\u0161eho online bankovnictv\u00ed.<\/li>\n<li><strong>Okam\u017eit\u00e9 zpracov\u00e1n\u00ed<\/strong>: Platby jsou zpracov\u00e1v\u00e1ny okam\u017eit\u011b, tak\u017ee nen\u00ed t\u0159eba \u010dekat na vy\u00fa\u010dtov\u00e1n\u00ed prost\u0159edk\u016f. To znamen\u00e1, \u017ee va\u0161e vape produkty jsou rychle p\u0159ipraveny k odesl\u00e1n\u00ed.<\/li>\n<li><strong>\u0160irok\u00e9 p\u0159ijet\u00ed<\/strong>: iDEAL je p\u0159ij\u00edm\u00e1n v\u011bt\u0161inou nizozemsk\u00fdch platforem elektronick\u00e9ho obchodu, v\u010detn\u011b AiviouVapes, co\u017e z n\u011bj \u010din\u00ed v Nizozemsku v\u0161eobecn\u011b uzn\u00e1vanou platebn\u00ed metodu.<\/li>\n<\/ol>\n<hr \/>\n<h3>Podrobn\u00fd pr\u016fvodce n\u00e1kupem jednor\u00e1zov\u00fdch vaporiz\u00e9r\u016f s iDEAL<\/h3>\n<p><strong>Jak dokon\u010dit n\u00e1kup s iDEAL:<\/strong><\/p>\n<ol>\n<li><strong>Vyberte si sv\u00e9 produkty<\/strong>: Prohl\u00e9dn\u011bte si na\u0161i \u0161irokou nab\u00eddku jednor\u00e1zov\u00fdch vap\u016f a vyberte polo\u017eky, kter\u00e9 si p\u0159ejete zakoupit.<\/li>\n<li><strong>P\u0159ej\u00edt k pokladn\u011b<\/strong>: Po dokon\u010den\u00ed v\u00fdb\u011bru p\u0159ejd\u011bte na str\u00e1nku pokladny.<\/li>\n<li><strong>Jako zp\u016fsob platby vyberte iDEAL<\/strong>: Na str\u00e1nce platebn\u00edch mo\u017enost\u00ed zvolte iDEAL.<\/li>\n<li><strong>Vyberte svou banku<\/strong>: Budete p\u0159esm\u011brov\u00e1ni na platebn\u00ed port\u00e1l iDEAL, kde si m\u016f\u017eete vybrat svou banku ze seznamu z\u00fa\u010dastn\u011bn\u00fdch nizozemsk\u00fdch bank.<\/li>\n<li><strong>Dokon\u010den\u00ed platby<\/strong>: Budete p\u0159esm\u011brov\u00e1ni do prost\u0159ed\u00ed online bankovnictv\u00ed va\u0161\u00ed banky. P\u0159ihlaste se, potvr\u010fte platbu a \u010d\u00e1stka bude str\u017eena p\u0159\u00edmo z va\u0161eho \u00fa\u010dtu s okam\u017eit\u00fdm potvrzen\u00edm.<\/li>\n<li><strong>Potvrzen\u00ed objedn\u00e1vky<\/strong>: Jakmile je platba dokon\u010dena, obdr\u017e\u00edte potvrzen\u00ed objedn\u00e1vky od AiviouVapes a va\u0161e jednor\u00e1zov\u00e9 vapes budou p\u0159ipraveny k odesl\u00e1n\u00ed.<\/li>\n<\/ol>\n<p>Volbou iDEAL se rozhodnete pro bezpe\u010dn\u00e9, spolehliv\u00e9 a efektivn\u00ed transakce.<\/p>\n<hr \/>\n<h3>Pro\u010d kupovat Vapes od AiviouVapes?<\/h3>\n<p>V AiviouVapes jsme odhodl\u00e1ni nab\u00edzet vysoce kvalitn\u00ed produkty a bezprobl\u00e9mov\u00e9 nakupov\u00e1n\u00ed. Zde je d\u016fvod, pro\u010d jsme nejlep\u0161\u00ed volbou pro n\u00e1kupy vape v Nizozemsku:<\/p>\n<ul>\n<li><strong>Rozs\u00e1hl\u00fd v\u00fdb\u011br<\/strong>: Nab\u00edz\u00edme pestrou \u0161k\u00e1lu pr\u00e9miov\u00fdch jednor\u00e1zov\u00fdch vap\u016f, kter\u00e9 vyhovuj\u00ed ka\u017ed\u00e9mu vkusu.<\/li>\n<li><strong>Bezpe\u010dn\u00e9 zpracov\u00e1n\u00ed plateb<\/strong>: Na\u0161e integrace s iDEAL zaji\u0161\u0165uje, \u017ee va\u0161e platebn\u00ed \u00fadaje jsou bezpe\u010dn\u00e9 a chr\u00e1n\u011bn\u00e9.<\/li>\n<li><strong>V\u00fdjime\u010dn\u00e1 z\u00e1kaznick\u00e1 podpora<\/strong>: N\u00e1\u0161 p\u0159\u00e1telsk\u00fd t\u00fdm podpory je zde, aby v\u00e1m pomohl s jak\u00fdmikoli dotazy nebo probl\u00e9my b\u011bhem va\u0161eho nakupov\u00e1n\u00ed.<\/li>\n<li><strong>Transparentn\u00ed informace<\/strong>: Poskytujeme jasn\u00e9 podrobnosti o platebn\u00edch metod\u00e1ch, doprav\u011b a dan\u00edch, tak\u017ee m\u00e1te v\u0161e, co pot\u0159ebujete pro informovan\u00fd n\u00e1kup.<\/li>\n<\/ul>\n<p>Prozkoumejte na\u0161i sb\u00edrku a u\u017eijte si pohodl\u00ed n\u00e1kupu va\u0161ich obl\u00edben\u00fdch jednor\u00e1zov\u00fdch vaper s iDEAL, d\u016fv\u011bryhodnou platebn\u00ed metodou v cel\u00e9m Nizozemsku.<\/p>\n<p>Pod\u00edvejte se na vapy zde:<\/p>\n<p><a href=\"https:\/\/aiviouvapes.com\/cs\/shop\/\">https:\/\/aiviouvapes.com\/shop\/<\/a><\/p>","protected":false},"excerpt":{"rendered":"<p>iDEAL: The Preferred Payment Method in the Netherlands for Secure and Quick Transactions iDEAL is a highly popular online payment method in the Netherlands, allowing consumers to make secure, real-time payments directly through their own bank. Seamlessly integrated with the online banking environment of Dutch banks, iDEAL offers a streamlined experience, transferring funds from the [&#8230;]\n","protected":false},"author":1,"featured_media":0,"parent":0,"menu_order":0,"comment_status":"closed","ping_status":"closed","template":"page-blank-title-center.php","meta":{"footnotes":""},"class_list":["post-9132","page","type-page","status-publish","hentry"],"jetpack_sharing_enabled":true,"_links":{"self":[{"href":"https:\/\/aiviouvapes.com\/cs\/wp-json\/wp\/v2\/pages\/9132","targetHints":{"allow":["GET"]}}],"collection":[{"href":"https:\/\/aiviouvapes.com\/cs\/wp-json\/wp\/v2\/pages"}],"about":[{"href":"https:\/\/aiviouvapes.com\/cs\/wp-json\/wp\/v2\/types\/page"}],"author":[{"embeddable":true,"href":"https:\/\/aiviouvapes.com\/cs\/wp-json\/wp\/v2\/users\/1"}],"replies":[{"embeddable":true,"href":"https:\/\/aiviouvapes.com\/cs\/wp-json\/wp\/v2\/comments?post=9132"}],"version-history":[{"count":0,"href":"https:\/\/aiviouvapes.com\/cs\/wp-json\/wp\/v2\/pages\/9132\/revisions"}],"wp:attachment":[{"href":"https:\/\/aiviouvapes.com\/cs\/wp-json\/wp\/v2\/media?parent=9132"}],"curies":[{"name":"wp","href":"https:\/\/api.w.org\/{rel}","templated":true}]}}