{"id":9129,"date":"2024-08-21T10:53:20","date_gmt":"2024-08-21T10:53:20","guid":{"rendered":"https:\/\/aiviouvapes.com\/?page_id=9129"},"modified":"2024-12-18T18:35:29","modified_gmt":"2024-12-18T10:35:29","slug":"buy-vapes-with-credit-card","status":"publish","type":"page","link":"https:\/\/aiviouvapes.com\/cs\/buy-vapes-with-credit-card\/","title":{"rendered":"Koupit Vapes s kreditn\u00ed kartou"},"content":{"rendered":"<p>V\u00edtejte v Aiviou Vape, va\u0161\u00ed d\u016fv\u011bryhodn\u00e9 destinaci pro produkty \u0161pi\u010dkov\u00e9 kvality. S pot\u011b\u0161en\u00edm oznamujeme, \u017ee nyn\u00ed p\u0159ij\u00edm\u00e1me platby kreditn\u00edmi kartami, tak\u017ee nakupov\u00e1n\u00ed v\u0161ech nezbytnost\u00ed pro vaping je snaz\u0161\u00ed ne\u017e kdy p\u0159edt\u00edm!<\/p>\n<p><strong>Zabezpe\u010den\u00e9 transakce:<\/strong> Nakupujte s klidem \u2013 na\u0161e str\u00e1nky vyu\u017e\u00edvaj\u00ed k ochran\u011b va\u0161ich informac\u00ed pokro\u010dilou platebn\u00ed technologii 3D Secure. Zav\u00e1zali jsme se chr\u00e1nit va\u0161e soukrom\u00ed a zajistit, aby byla ka\u017ed\u00e1 transakce pln\u011b bezpe\u010dn\u00e1.<\/p>\n<p><strong>Mo\u017enosti platby:<\/strong> P\u0159ij\u00edm\u00e1me \u0161irokou \u0161k\u00e1lu hlavn\u00edch kreditn\u00edch karet, v\u010detn\u011b Visa, MasterCard a Maestro, d\u00edky \u010demu\u017e je placen\u00ed pro na\u0161e z\u00e1kazn\u00edky rychl\u00e9 a snadn\u00e9.<\/p>\n<p><strong>D\u016fle\u017eit\u00e9 informace:<\/strong> Vezm\u011bte pros\u00edm na v\u011bdom\u00ed, \u017ee kv\u016fli p\u0159edpis\u016fm EU o DPH budou platby kreditn\u00ed kartou zahrnovat dodate\u010dn\u00fd poplatek 20% DPH. Aby byla dodr\u017eena tato na\u0159\u00edzen\u00ed, celkov\u00e1 hodnota jak\u00e9koli jednotliv\u00e9 objedn\u00e1vky zaplacen\u00e9 kreditn\u00ed kartou nesm\u00ed p\u0159ekro\u010dit $600 USD nebo 600 EUR.<\/p>\n<p><strong>Alternativn\u00ed zp\u016fsoby platby:<\/strong> Pokud se chcete vyhnout placen\u00ed DPH nebo omezen\u00edm objedn\u00e1vek u plateb kreditn\u00ed kartou, doporu\u010dujeme zv\u00e1\u017eit p\u0159evody SEPA, p\u0159evody IBAN nebo platby v kryptom\u011bn\u00e1ch. Tyto mo\u017enosti nab\u00edzej\u00ed v\u011bt\u0161\u00ed flexibilitu, zejm\u00e9na u v\u011bt\u0161\u00edch transakc\u00ed.<\/p>\n<p>V AiviouVape jsme odhodl\u00e1ni poskytovat v\u0161em na\u0161im z\u00e1kazn\u00edk\u016fm bezprobl\u00e9mov\u00e9 a bezpe\u010dn\u00e9 nakupov\u00e1n\u00ed. Prohl\u00e9dn\u011bte si na\u0161i \u0161irokou \u0161k\u00e1lu produkt\u016f pro vaping a nakupujte s d\u016fv\u011brou!<\/p>\n<p>Pokud m\u00e1te n\u011bjak\u00e9 dotazy nebo pot\u0159ebujete podporu, n\u00e1\u0161 t\u00fdm z\u00e1kaznick\u00fdch slu\u017eeb je zde, aby v\u00e1m pomohl. Nev\u00e1hejte oslovit!<\/p>\n<p><img data-recalc-dims=\"1\" loading=\"lazy\" decoding=\"async\" title=\"Koupit Vapes s kreditn\u00ed kartou\" class=\"alignnone wp-image-9208 size-full\" src=\"https:\/\/i0.wp.com\/aiviouvapes.com\/wp-content\/uploads\/2024\/08\/card.jpeg?resize=272%2C185&#038;ssl=1\" alt=\"Koupit Vapes s kreditn\u00ed kartou\" width=\"272\" height=\"185\" srcset=\"https:\/\/i0.wp.com\/aiviouvapes.com\/wp-content\/uploads\/2024\/08\/card.jpeg?w=272&amp;ssl=1 272w, https:\/\/i0.wp.com\/aiviouvapes.com\/wp-content\/uploads\/2024\/08\/card.jpeg?resize=18%2C12&amp;ssl=1 18w\" sizes=\"auto, (max-width: 272px) 100vw, 272px\" \/><\/p>\n<div class=\"row align-middle\"  id=\"row-484520175\">\n\n\t<div id=\"col-463553616\" class=\"col small-12 large-12\"  >\n\t\t\t\t<div class=\"col-inner text-center\"  >\n\t\t\t\n\t\t\t\n<a href=\"https:\/\/aiviouvapes.com\/cs\/shop\/\" class=\"button primary is-shade is-larger box-shadow-4 box-shadow-5-hover\" style=\"border-radius:10px;\">\n\t\t<span>Nakupujte nyn\u00ed<\/span>\n\t<\/a>\n\n\t\t<\/div>\n\t\t\t\t\n<style>\n#col-463553616 > .col-inner {\n  padding: 20px 0px 0px 0px;\n}\n<\/style>\n\t<\/div>\n\n\t\n<\/div>","protected":false},"excerpt":{"rendered":"<p>Welcome to Aiviou Vape, your trusted destination for top-quality vaping products. We\u2019re pleased to announce that we now accept credit card payments, making it easier than ever to shop for all your vaping essentials! Secure Transactions: Shop with peace of mind\u2014our site uses advanced 3D Secure payment technology to protect your information. We are committed [&#8230;]\n","protected":false},"author":1,"featured_media":0,"parent":0,"menu_order":0,"comment_status":"closed","ping_status":"closed","template":"page-blank-title-center.php","meta":{"footnotes":""},"class_list":["post-9129","page","type-page","status-publish","hentry"],"jetpack_sharing_enabled":true,"_links":{"self":[{"href":"https:\/\/aiviouvapes.com\/cs\/wp-json\/wp\/v2\/pages\/9129","targetHints":{"allow":["GET"]}}],"collection":[{"href":"https:\/\/aiviouvapes.com\/cs\/wp-json\/wp\/v2\/pages"}],"about":[{"href":"https:\/\/aiviouvapes.com\/cs\/wp-json\/wp\/v2\/types\/page"}],"author":[{"embeddable":true,"href":"https:\/\/aiviouvapes.com\/cs\/wp-json\/wp\/v2\/users\/1"}],"replies":[{"embeddable":true,"href":"https:\/\/aiviouvapes.com\/cs\/wp-json\/wp\/v2\/comments?post=9129"}],"version-history":[{"count":0,"href":"https:\/\/aiviouvapes.com\/cs\/wp-json\/wp\/v2\/pages\/9129\/revisions"}],"wp:attachment":[{"href":"https:\/\/aiviouvapes.com\/cs\/wp-json\/wp\/v2\/media?parent=9129"}],"curies":[{"name":"wp","href":"https:\/\/api.w.org\/{rel}","templated":true}]}}