{"id":9127,"date":"2024-08-21T10:52:51","date_gmt":"2024-08-21T10:52:51","guid":{"rendered":"https:\/\/aiviouvapes.com\/?page_id=9127"},"modified":"2024-12-18T18:35:26","modified_gmt":"2024-12-18T10:35:26","slug":"buy-vapes-with-sepa-qr-code","status":"publish","type":"page","link":"https:\/\/aiviouvapes.com\/cs\/buy-vapes-with-sepa-qr-code\/","title":{"rendered":"Koupit Vapes s QR k\u00f3dem SEPA"},"content":{"rendered":"<h2>Jak pou\u017e\u00edvat k\u00f3d SEPA QR k placen\u00ed pomoc\u00ed bankovn\u00ed aplikace p\u0159i n\u00e1kupech vape?<\/h2>\n<p>Platba pomoc\u00ed SEPA QR k\u00f3du je rychl\u00fd a pohodln\u00fd zp\u016fsob p\u0159evodu finan\u010dn\u00edch prost\u0159edk\u016f v r\u00e1mci jednotn\u00e9 oblasti pro platby v eurech (SEPA). Zde je pr\u016fvodce krok za krokem, kter\u00fd v\u00e1m pom\u016f\u017ee pou\u017e\u00edvat bankovn\u00ed aplikaci ke skenov\u00e1n\u00ed a prov\u00e1d\u011bn\u00ed plateb prost\u0159ednictv\u00edm SEPA QR k\u00f3du.<\/p>\n<h3>Pr\u016fvodce krok za krokem<\/h3>\n<ol>\n<li><strong>Otev\u0159en\u00ed bankovn\u00ed aplikace<\/strong>\n<ul>\n<li>Otev\u0159ete aplikaci mobiln\u00edho bankovnictv\u00ed ve sv\u00e9m chytr\u00e9m telefonu a ujist\u011bte se, \u017ee jste p\u0159ihl\u00e1\u0161eni ke sv\u00e9mu \u00fa\u010dtu.<\/li>\n<\/ul>\n<\/li>\n<li><strong>P\u0159ejd\u011bte do sekce P\u0159evod nebo platby<\/strong>\n<ul>\n<li>Najd\u011bte odd\u00edl pro prov\u00e1d\u011bn\u00ed plateb nebo p\u0159evod\u016f - m\u016f\u017ee b\u00fdt ozna\u010den jako \"P\u0159evod\", \"Platby\" nebo podobn\u011b.<\/li>\n<\/ul>\n<\/li>\n<li><strong>Vyhled\u00e1n\u00ed skeneru QR k\u00f3d\u016f<\/strong>\n<ul>\n<li>V \u010d\u00e1sti pro platby najd\u011bte mo\u017enost skeneru QR k\u00f3d\u016f, kter\u00e1 se \u010dasto zobrazuje jako ikona fotoapar\u00e1tu nebo QR k\u00f3du.<\/li>\n<li>N\u011bkter\u00e9 bankovn\u00ed aplikace maj\u00ed na domovsk\u00e9 obrazovce nebo v sekci plateb snadno dostupn\u00e9 tla\u010d\u00edtko \"Skenovat\" pro rychl\u00fd p\u0159\u00edstup.<\/li>\n<\/ul>\n<\/li>\n<li><strong>Naskenujte QR k\u00f3d SEPA<\/strong>\n<ul>\n<li>P\u0159ilo\u017ete fotoapar\u00e1t telefonu ke k\u00f3du SEPA QR na str\u00e1nce faktury nebo platby.<\/li>\n<li>Zarovnejte k\u00f3d QR do r\u00e1me\u010dku, abyste p\u0159esn\u011b zachytili detaily.<\/li>\n<\/ul>\n<\/li>\n<li><strong>Zkontrolujte podrobnosti o platb\u011b<\/strong>\n<ul>\n<li>Po naskenov\u00e1n\u00ed aplikace automaticky vypln\u00ed platebn\u00ed formul\u00e1\u0159 \u00fadaji z k\u00f3du QR.<\/li>\n<li>To zahrnuje z\u00e1kladn\u00ed informace, jako je IBAN a jm\u00e9no p\u0159\u00edjemce, co\u017e sni\u017euje mo\u017enost chyb.<\/li>\n<\/ul>\n<\/li>\n<li><strong>Potvrzen\u00ed platby<\/strong>\n<ul>\n<li>Zkontrolujte spr\u00e1vnost \u00fadaj\u016f.<\/li>\n<li>Vyberte \u00fa\u010det nebo kartu, kterou chcete pro tuto transakci pou\u017e\u00edt.<\/li>\n<li>Potvr\u010fte platbu podle ov\u011b\u0159ovac\u00edch krok\u016f aplikace, nap\u0159\u00edklad zad\u00e1n\u00edm k\u00f3du PIN, otisku prstu nebo rozpozn\u00e1n\u00edm obli\u010deje.<\/li>\n<\/ul>\n<\/li>\n<\/ol>\n<p><img data-recalc-dims=\"1\" loading=\"lazy\" decoding=\"async\" title=\"Koupit Vapes s QR k\u00f3dem SEPA\" class=\"alignnone wp-image-9198 size-full\" src=\"https:\/\/i0.wp.com\/aiviouvapes.com\/wp-content\/uploads\/2024\/08\/qr-code-payment-online-shopping-260nw-704697319-e1724305335194.webp?resize=390%2C260&#038;ssl=1\" alt=\"Koupit Vapes s QR k\u00f3dem SEPA\" width=\"390\" height=\"260\" srcset=\"https:\/\/i0.wp.com\/aiviouvapes.com\/wp-content\/uploads\/2024\/08\/qr-code-payment-online-shopping-260nw-704697319-e1724305335194.webp?w=390&amp;ssl=1 390w, https:\/\/i0.wp.com\/aiviouvapes.com\/wp-content\/uploads\/2024\/08\/qr-code-payment-online-shopping-260nw-704697319-e1724305335194.webp?resize=300%2C200&amp;ssl=1 300w, https:\/\/i0.wp.com\/aiviouvapes.com\/wp-content\/uploads\/2024\/08\/qr-code-payment-online-shopping-260nw-704697319-e1724305335194.webp?resize=18%2C12&amp;ssl=1 18w\" sizes=\"auto, (max-width: 390px) 100vw, 390px\" \/><\/p>\n<h3>Dal\u0161\u00ed tipy<\/h3>\n<ul>\n<li><strong>Pou\u017eit\u00ed obr\u00e1zk\u016f QR k\u00f3d\u016f<\/strong>\n<ul>\n<li>Pokud obdr\u017e\u00edte QR k\u00f3d jako obr\u00e1zek (nap\u0159. e-mailem), n\u011bkter\u00e9 bankovn\u00ed aplikace umo\u017e\u0148uj\u00ed nahr\u00e1t obr\u00e1zek m\u00edsto jeho p\u0159\u00edm\u00e9ho naskenov\u00e1n\u00ed. Zkontrolujte, zda je v r\u00e1mci funkce skenov\u00e1n\u00ed QR k dispozici mo\u017enost \"Nahr\u00e1t\".<\/li>\n<\/ul>\n<\/li>\n<li><strong>Bezpe\u010dnostn\u00ed opat\u0159en\u00ed<\/strong>\n<ul>\n<li>Ujist\u011bte se, \u017ee je va\u0161e bankovn\u00ed aplikace aktu\u00e1ln\u00ed, a pou\u017e\u00edvejte zabezpe\u010den\u00e9 internetov\u00e9 p\u0159ipojen\u00ed, abyste p\u0159ede\u0161li p\u0159\u00edpadn\u00fdm podvod\u016fm.<\/li>\n<\/ul>\n<\/li>\n<\/ul>\n<h3>V\u00fdhody pou\u017e\u00edv\u00e1n\u00ed k\u00f3d\u016f SEPA QR<\/h3>\n<ul>\n<li><strong>Rychlost:<\/strong> K\u00f3dy QR zjednodu\u0161uj\u00ed proces platby a minimalizuj\u00ed chyby p\u0159i zad\u00e1v\u00e1n\u00ed \u00fadaj\u016f.<\/li>\n<li><strong>Snadn\u00e9 pou\u017e\u00edv\u00e1n\u00ed:<\/strong> Platby za zbo\u017e\u00ed, slu\u017eby, \u00fa\u010dty nebo jin\u00e9 p\u0159evody provedete rychle pouh\u00fdm naskenov\u00e1n\u00edm.<\/li>\n<li><strong>Multifunk\u010dnost:<\/strong> K\u00f3dy SEPA QR podporuj\u00ed \u0161irokou \u0161k\u00e1lu transakc\u00ed, od placen\u00ed \u00fa\u010dt\u016f za ve\u0159ejn\u00e9 slu\u017eby a\u017e po spr\u00e1vn\u00ed poplatky.<\/li>\n<\/ul>\n<h3>Zabalit se<\/h3>\n<p>Podle t\u011bchto pokyn\u016f je pou\u017e\u00edv\u00e1n\u00ed SEPA QR k\u00f3d\u016f s va\u0161\u00ed bankovn\u00ed aplikac\u00ed jednoduch\u00e9 a efektivn\u00ed. Tento zp\u016fsob platby v\u00e1m nejen u\u0161et\u0159\u00ed \u010das, ale tak\u00e9 zv\u00fd\u0161\u00ed bezpe\u010dnost a p\u0159esnost transakc\u00ed. U\u017eijte si bezprobl\u00e9mov\u00e9 prov\u00e1d\u011bn\u00ed bezpe\u010dn\u00fdch plateb v r\u00e1mci SEPA.<\/p>\n<p>Seznam evropsk\u00fdch bank, kter\u00e9 podporuj\u00ed platby SEPA pomoc\u00ed QR k\u00f3d\u016f, najdete na internetov\u00fdch str\u00e1nk\u00e1ch Evropsk\u00e9 rady pro platby.<\/p>\n<p><strong>Spole\u010dnost AiviouVapes nyn\u00ed nab\u00edz\u00ed platbu pomoc\u00ed SEPA QR k\u00f3du, co\u017e p\u0159in\u00e1\u0161\u00ed z\u00e1kazn\u00edk\u016fm novou \u00farove\u0148 pohodl\u00ed p\u0159i n\u00e1kupu jednor\u00e1zov\u00fdch vapes.<\/strong><\/p>\n<div class=\"row align-middle\"  id=\"row-470363128\">\n\n\t<div id=\"col-335502946\" class=\"col small-12 large-12\"  >\n\t\t\t\t<div class=\"col-inner text-center\"  >\n\t\t\t\n\t\t\t\n<a href=\"https:\/\/aiviouvapes.com\/cs\/shop\/\" class=\"button primary is-shade is-larger box-shadow-4 box-shadow-5-hover\" style=\"border-radius:10px;\">\n\t\t<span>Nakupujte nyn\u00ed<\/span>\n\t<\/a>\n\n\t\t<\/div>\n\t\t\t\t\n<style>\n#col-335502946 > .col-inner {\n  padding: 20px 0px 0px 0px;\n}\n<\/style>\n\t<\/div>\n\n\t\n<\/div>","protected":false},"excerpt":{"rendered":"<p>How to Use a SEPA QR Code to Pay with Your Banking App for Vape Purchases Paying with a SEPA QR code is a fast and convenient way to transfer funds within the Single Euro Payments Area (SEPA). Here\u2019s a step-by-step guide to help you use your bank app to scan and make payments via [&#8230;]\n","protected":false},"author":1,"featured_media":0,"parent":0,"menu_order":0,"comment_status":"closed","ping_status":"closed","template":"page-blank-title-center.php","meta":{"footnotes":""},"class_list":["post-9127","page","type-page","status-publish","hentry"],"jetpack_sharing_enabled":true,"_links":{"self":[{"href":"https:\/\/aiviouvapes.com\/cs\/wp-json\/wp\/v2\/pages\/9127","targetHints":{"allow":["GET"]}}],"collection":[{"href":"https:\/\/aiviouvapes.com\/cs\/wp-json\/wp\/v2\/pages"}],"about":[{"href":"https:\/\/aiviouvapes.com\/cs\/wp-json\/wp\/v2\/types\/page"}],"author":[{"embeddable":true,"href":"https:\/\/aiviouvapes.com\/cs\/wp-json\/wp\/v2\/users\/1"}],"replies":[{"embeddable":true,"href":"https:\/\/aiviouvapes.com\/cs\/wp-json\/wp\/v2\/comments?post=9127"}],"version-history":[{"count":0,"href":"https:\/\/aiviouvapes.com\/cs\/wp-json\/wp\/v2\/pages\/9127\/revisions"}],"wp:attachment":[{"href":"https:\/\/aiviouvapes.com\/cs\/wp-json\/wp\/v2\/media?parent=9127"}],"curies":[{"name":"wp","href":"https:\/\/api.w.org\/{rel}","templated":true}]}}