{"id":9124,"date":"2024-08-21T10:52:08","date_gmt":"2024-08-21T10:52:08","guid":{"rendered":"https:\/\/aiviouvapes.com\/?page_id=9124"},"modified":"2024-11-30T12:03:45","modified_gmt":"2024-11-30T04:03:45","slug":"buy-vapes-in-europe-with-paypal","status":"publish","type":"page","link":"https:\/\/aiviouvapes.com\/cs\/buy-vapes-in-europe-with-paypal\/","title":{"rendered":"Koupit Vapes v Evrop\u011b s Paypal"},"content":{"rendered":"<p>Navigace na k\u0159i\u017eovatce mezi vapingem a slu\u017ebou PayPal p\u0159edstavuje pro podniky i spot\u0159ebitele jedine\u010dn\u00e9 v\u00fdzvy. Kv\u016fli z\u00e1sad\u00e1m spole\u010dnosti PayPal t\u00fdkaj\u00edc\u00edm se elektronick\u00fdch cigaret a souvisej\u00edc\u00edch produkt\u016f \u010del\u00ed mnoho transakc\u00ed v tomto odv\u011btv\u00ed stejn\u00fdm omezen\u00edm jako tab\u00e1k, co\u017e m\u00e1 za n\u00e1sledek omezen\u00ed \u00fa\u010dtu a blokovan\u00e9 platby.<\/p>\n<p>V AiviouVapes jsme \u00fasp\u011b\u0161n\u011b na\u0161li zp\u016fsob, jak fungovat v r\u00e1mci t\u011bchto omezen\u00ed. Na rozd\u00edl od mnoha v oboru, <strong>z\u00edskali jsme p\u0159edb\u011b\u017en\u00e9 schv\u00e1len\u00ed od spole\u010dnosti PayPal ke zpracov\u00e1n\u00ed prodeje e-cigaret v Evrop\u011b<\/strong>, co\u017e n\u00e1m umo\u017e\u0148uje nab\u00eddnout na\u0161im z\u00e1kazn\u00edk\u016fm hladk\u00fd a nep\u0159eru\u0161ovan\u00fd z\u00e1\u017eitek z nakupov\u00e1n\u00ed.<\/p>\n<p>P\u0159edb\u011b\u017en\u00e9 schv\u00e1len\u00ed PayPal se vztahuje na \u0159adu produkt\u016f, v\u010detn\u011b elektronick\u00fdch cigaret a ur\u010dit\u00fdch netab\u00e1kov\u00fdch alternativ. Tato autorizace n\u00e1m umo\u017e\u0148uje poskytovat PayPal jako pohodlnou a bezpe\u010dnou platebn\u00ed metodu, kter\u00e1 na\u0161im z\u00e1kazn\u00edk\u016fm poskytuje znalost a snadnost, kterou mohou preferovat.<\/p>\n<p>Zat\u00edmco obecn\u00e1 omezen\u00ed PayPal pro transakce s e-cigaretami z\u016fst\u00e1vaj\u00ed zdrojem debat, na\u0161i z\u00e1kazn\u00edci mohou s jistotou pou\u017e\u00edvat PayPal na na\u0161ich str\u00e1nk\u00e1ch bez p\u0159eru\u0161en\u00ed. To je v\u00fdhodn\u00e9 zejm\u00e9na pro ty, kte\u0159\u00ed oce\u0148uj\u00ed bezpe\u010dnost a jednoduchost, kterou PayPal nab\u00edz\u00ed oproti jin\u00fdm platebn\u00edm mo\u017enostem.<\/p>\n<p>R\u00e1di bychom v\u0161ak upozornili na novou \u00favahu. <strong>Vzhledem k da\u0148ov\u00fdm p\u0159edpis\u016fm<\/strong>, PayPal n\u00e1kupy pro e-cigarety od AiviouVapes jsou <strong>omezena na 200 eur<\/strong> na objedn\u00e1vku a podl\u00e9haj\u00ed a <strong>20% DPH da\u0148 ze spot\u0159eby<\/strong>. Tyto da\u0148ov\u00e9 po\u017eadavky mohou ovlivnit va\u0161i volbu platebn\u00ed metody. <strong>Abyste se vyhnuli tomuto limitu a da\u0148ov\u00e9 z\u00e1t\u011b\u017ei, doporu\u010dujeme prozkoumat p\u0159evody SEPA, bankovn\u00ed p\u0159evody IBAN nebo platby kryptom\u011bnami<\/strong>, kter\u00e9 nab\u00edzej\u00ed v\u011bt\u0161\u00ed flexibilitu pro n\u00e1kupy s vy\u0161\u0161\u00ed hodnotou.<\/p>\n<p>Tento limit v\u00fddaj\u016f a da\u0148ov\u00e9 zv\u00e1\u017een\u00ed jsou d\u016fle\u017eit\u00fdmi faktory p\u0159i v\u00fdb\u011bru preferovan\u00e9 platebn\u00ed metody. V AiviouVapes jsme odhodl\u00e1ni k transparentnosti a poskytov\u00e1n\u00ed flexibiln\u00edch platebn\u00edch mo\u017enost\u00ed, abyste si mohli u\u017e\u00edt informovan\u00fd a pohodln\u00fd z\u00e1\u017eitek z nakupov\u00e1n\u00ed.<\/p>\n<p>Prozkoumejte s d\u016fv\u011brou \u0161irok\u00fd v\u00fdb\u011br p\u0159\u00edchut\u00ed e-d\u017eus\u016f AiviouVapes s v\u011bdom\u00edm, \u017ee si m\u016f\u017eete vybrat z n\u011bkolika platebn\u00edch mo\u017enost\u00ed, kter\u00e9 odpov\u00eddaj\u00ed va\u0161im preferenc\u00edm a pot\u0159eb\u00e1m.<\/p>\n<p>Zahrnut\u00edm t\u011bchto bod\u016f se sna\u017e\u00edme, abyste pln\u011b porozum\u011bli omezen\u00edm PayPal a da\u0148ov\u00fdm faktor\u016fm p\u0159i n\u00e1kupu e-cigaret od AiviouVapes, co\u017e v\u00e1m pom\u016f\u017ee vybrat nejlep\u0161\u00ed zp\u016fsob platby pro va\u0161i situaci.<\/p>\n<div class=\"row align-middle\"  id=\"row-1338209971\">\n\n\t<div id=\"col-401328183\" class=\"col small-12 large-12\"  >\n\t\t\t\t<div class=\"col-inner text-center\"  >\n\t\t\t\n\t\t\t\n<a href=\"https:\/\/aiviouvapes.com\/cs\/shop\/\" class=\"button primary is-shade is-larger box-shadow-4 box-shadow-5-hover\" style=\"border-radius:10px;\">\n\t\t<span>Nakupujte nyn\u00ed<\/span>\n\t<\/a>\n\n\t\t<\/div>\n\t\t\t\t\n<style>\n#col-401328183 > .col-inner {\n  padding: 20px 0px 0px 0px;\n}\n<\/style>\n\t<\/div>\n\n\t\n<\/div>","protected":false},"excerpt":{"rendered":"<p>Navigating the intersection between vaping and PayPal has presented unique challenges for businesses and consumers alike. Due to PayPal&#8217;s policies on e-cigarettes and related products, many transactions in this industry face the same restrictions as tobacco, resulting in account limitations and blocked payments. At AiviouVapes, we\u2019ve successfully found a way to operate within these constraints. [&#8230;]\n","protected":false},"author":1,"featured_media":0,"parent":0,"menu_order":0,"comment_status":"closed","ping_status":"closed","template":"page-blank-title-center.php","meta":{"footnotes":""},"class_list":["post-9124","page","type-page","status-publish","hentry"],"jetpack_sharing_enabled":true,"_links":{"self":[{"href":"https:\/\/aiviouvapes.com\/cs\/wp-json\/wp\/v2\/pages\/9124","targetHints":{"allow":["GET"]}}],"collection":[{"href":"https:\/\/aiviouvapes.com\/cs\/wp-json\/wp\/v2\/pages"}],"about":[{"href":"https:\/\/aiviouvapes.com\/cs\/wp-json\/wp\/v2\/types\/page"}],"author":[{"embeddable":true,"href":"https:\/\/aiviouvapes.com\/cs\/wp-json\/wp\/v2\/users\/1"}],"replies":[{"embeddable":true,"href":"https:\/\/aiviouvapes.com\/cs\/wp-json\/wp\/v2\/comments?post=9124"}],"version-history":[{"count":0,"href":"https:\/\/aiviouvapes.com\/cs\/wp-json\/wp\/v2\/pages\/9124\/revisions"}],"wp:attachment":[{"href":"https:\/\/aiviouvapes.com\/cs\/wp-json\/wp\/v2\/media?parent=9124"}],"curies":[{"name":"wp","href":"https:\/\/api.w.org\/{rel}","templated":true}]}}