{"id":9121,"date":"2024-08-21T10:51:22","date_gmt":"2024-08-21T10:51:22","guid":{"rendered":"https:\/\/aiviouvapes.com\/?page_id=9121"},"modified":"2024-12-02T07:55:27","modified_gmt":"2024-12-01T23:55:27","slug":"age-policy","status":"publish","type":"page","link":"https:\/\/aiviouvapes.com\/cs\/age-policy\/","title":{"rendered":"V\u011bkov\u00e1 politika"},"content":{"rendered":"<p>Ov\u011b\u0159en\u00ed v\u011bku na <a href=\"https:\/\/AiviouVapes.com\/\" rel=\"noopener\">AiviouVapes<\/a><\/p>\n<p>**Po\u017eadavek na z\u00e1konn\u00fd v\u011bk pro kou\u0159en\u00ed:** V\u0161ichni z\u00e1kazn\u00edci mus\u00ed b\u00fdt star\u0161\u00ed 21 let, aby mohli nakupovat produkty na na\u0161em webu, co\u017e je v souladu se z\u00e1konn\u00fdm v\u011bkem pro kou\u0159en\u00ed e-cigaret a souvisej\u00edc\u00edch polo\u017eek v USA. N\u00e1v\u0161t\u011bva <a href=\"https:\/\/AiviouVapes.com\/\" rel=\"noopener\">AiviouVapes<\/a> pro vyhovuj\u00edc\u00ed a odpov\u011bdn\u00e9 n\u00e1kupy.<\/p>\n<p>**V\u00fdznam p\u0159esn\u00e9ho uveden\u00ed v\u011bku:** Fal\u0161ov\u00e1n\u00ed informac\u00ed o v\u011bku za \u00fa\u010delem n\u00e1kupu na\u0161ich produkt\u016f je nejen v rozporu s na\u0161imi z\u00e1sadami, ale je tak\u00e9 nez\u00e1konn\u00e9. Takov\u00e9 jedn\u00e1n\u00ed m\u016f\u017ee m\u00edt v\u00e1\u017en\u00e9 pr\u00e1vn\u00ed n\u00e1sledky.<\/p>\n<p>**Z\u00e1kaz n\u00e1kup\u016f prost\u0159ednictv\u00edm proxy pro nezletil\u00e9:** N\u00e1kup jak\u00fdchkoli <a href=\"https:\/\/AiviouVapes.com\/\" rel=\"noopener\">vapingov\u00e9 produkty<\/a> pro nezletil\u00e9 je p\u0159\u00edsn\u011b zak\u00e1z\u00e1no a nese potenci\u00e1ln\u00ed pr\u00e1vn\u00ed postihy. Jsme odhodl\u00e1ni zabr\u00e1nit neopr\u00e1vn\u011bn\u00e9mu p\u0159\u00edstupu k na\u0161im produkt\u016fm.<\/p>\n<p>**Robustn\u00ed proces ov\u011b\u0159ov\u00e1n\u00ed v\u011bku:** Abychom splnili z\u00e1konn\u00e9 po\u017eadavky a chr\u00e1nili ml\u00e1de\u017e, pou\u017e\u00edv\u00e1me p\u0159\u00edsn\u00fd syst\u00e9m ov\u011b\u0159ov\u00e1n\u00ed v\u011bku. Z\u00e1kazn\u00edci jsou povinni poskytnout osobn\u00ed \u00fadaje \u2013 jm\u00e9no, adresu, datum narozen\u00ed a posledn\u00ed \u010dty\u0159i \u010d\u00edslice sv\u00e9ho rodn\u00e9ho \u010d\u00edsla \u2013 kter\u00e9 ov\u011b\u0159ujeme na z\u00e1klad\u011b ve\u0159ejn\u00fdch z\u00e1znam\u016f. Pokud se ov\u011b\u0159en\u00ed nezda\u0159\u00ed nebo pokud nem\u016f\u017eete poskytnout sv\u00e9 \u00fadaje o soci\u00e1ln\u00edm zabezpe\u010den\u00ed, m\u016f\u017eeme po\u017e\u00e1dat o st\u00e1tem vydan\u00fd pr\u016fkaz toto\u017enosti.<\/p>\n<p>**Pr\u00e1vo na odm\u00edtnut\u00ed slu\u017eby:** Vyhrazujeme si pr\u00e1vo zru\u0161it nebo odm\u00edtnout objedn\u00e1vky, pokud ov\u011b\u0159en\u00ed nen\u00ed \u00fasp\u011b\u0161n\u011b dokon\u010deno nebo pokud nen\u00ed v\u010das poskytnuta \u0159\u00e1dn\u00e1 identifikace.<\/p>\n<p>**Oddanost prevenci ml\u00e1de\u017ee:** Prevence prodeje nezletil\u00fdm je jednou z na\u0161ich nejvy\u0161\u0161\u00edch priorit. N\u00e1\u0161 syst\u00e9m ov\u011b\u0159ov\u00e1n\u00ed v\u011bku podtrhuje n\u00e1\u0161 z\u00e1vazek udr\u017eovat odpov\u011bdn\u00e9 prost\u0159ed\u00ed pro vaping.<\/p>\n<p>**Odm\u00edtnut\u00ed nebo omezen\u00ed slu\u017eby:** Jako online prodejce si vyhrazujeme pr\u00e1vo v ur\u010dit\u00fdch p\u0159\u00edpadech slu\u017ebu odm\u00edtnout. Pokud se z\u00e1kazn\u00edk domn\u00edv\u00e1, \u017ee jeho p\u0159\u00edstup byl neopr\u00e1vn\u011bn\u011b omezen, m\u016f\u017ee se obr\u00e1tit na na\u0161i z\u00e1kaznickou podporu a po\u017e\u00e1dat o pomoc.<\/p>\n<p>**Ozn\u00e1men\u00ed o v\u011bkov\u00e9m omezen\u00ed:** Webov\u00e9 str\u00e1nky spole\u010dnosti Aiviou Vape obsahuj\u00ed jasn\u00e9 prohl\u00e1\u0161en\u00ed o vylou\u010den\u00ed odpov\u011bdnosti, kter\u00e9 zd\u016fraz\u0148uje po\u017eadavek, aby z\u00e1kazn\u00edci v USA m\u011bli alespo\u0148 21 let, aby mohli nakupovat produkty elektronick\u00e9 cigarety.<\/p>\n<p>V <a href=\"https:\/\/AiviouVapes.com\/\" rel=\"noopener\">AiviouVapes<\/a>, up\u0159ednost\u0148ujeme bezpe\u010dnost a pohodu na\u0161ich z\u00e1kazn\u00edk\u016f t\u00edm, \u017ee prosazujeme p\u0159\u00edsn\u00e9 ov\u011b\u0159ov\u00e1n\u00ed v\u011bku. Na\u0161e opat\u0159en\u00ed odr\u00e1\u017eej\u00ed na\u0161i oddanost bezpe\u010dn\u00e9 a vyhovuj\u00edc\u00ed komunit\u011b vaping\u016f, kter\u00e1 z\u00e1kazn\u00edk\u016fm nab\u00edz\u00ed klid p\u0159i nakupov\u00e1n\u00ed u n\u00e1s.<\/p>\n<p>Z\u00e1vazek na\u0161\u00ed spole\u010dnosti zajistit, \u017ee na\u0161e produkty mohou nakupovat pouze ti, kte\u0159\u00ed maj\u00ed leg\u00e1ln\u00ed povolen\u00ed, posiluje d\u016fle\u017eitost odpov\u011bdn\u00fdch praktik vapingu. Uv\u011bdomujeme si, \u017ee \u00fa\u010dinn\u00e9 ov\u011b\u0159ov\u00e1n\u00ed v\u011bku je nezbytn\u00e9 pro zamezen\u00ed p\u0159\u00edstupu nezletil\u00fdch, a vytvo\u0159ili jsme komplexn\u00ed syst\u00e9m, kter\u00fd tuto odpov\u011bdnost dodr\u017e\u00ed.<\/p>\n<p>N\u00e1\u0161 proces vy\u017eaduje konkr\u00e9tn\u00ed informace \u2013 jm\u00e9no, adresu, datum narozen\u00ed a posledn\u00ed \u010dty\u0159i \u010d\u00edslice rodn\u00e9ho \u010d\u00edsla \u2013 kter\u00e9 ov\u011b\u0159ujeme na z\u00e1klad\u011b d\u016fv\u011bryhodn\u00fdch z\u00e1znam\u016f, abychom potvrdili v\u011bk. Pokud z\u00e1kazn\u00edk nem\u016f\u017ee poskytnout sv\u00e9 \u00fadaje o soci\u00e1ln\u00edm zabezpe\u010den\u00ed, nab\u00edz\u00edme mo\u017enost nahr\u00e1n\u00ed vl\u00e1dn\u00edho pr\u016fkazu toto\u017enosti jako dodate\u010dn\u00e9 ov\u011b\u0159ovac\u00ed opat\u0159en\u00ed.<\/p>\n<p>**D\u016fsledky zkreslov\u00e1n\u00ed v\u011bku:** Zkreslov\u00e1n\u00ed v\u011bku p\u0159i n\u00e1kupu na\u0161ich produkt\u016f je nez\u00e1konn\u00e9 a m\u00e1 v\u00e1\u017en\u00e9 pr\u00e1vn\u00ed d\u016fsledky. Krom\u011b toho je n\u00e1kup pro nezletil\u00e9 p\u0159\u00edsn\u011b zak\u00e1z\u00e1n a je tak\u00e9 trestn\u00fd podle z\u00e1kona. Bereme tyto standardy v\u00e1\u017en\u011b a m\u016f\u017eeme odm\u00edtnout jakoukoli objedn\u00e1vku, pokud nelze okam\u017eit\u011b ov\u011b\u0159it identifikaci.<\/p>\n<p>Aiviou Vape je i nad\u00e1le odhodl\u00e1na br\u00e1nit prodeji nezletil\u00fdm. N\u00e1\u0161 protokol o ov\u011b\u0159ov\u00e1n\u00ed v\u011bku je \u00fast\u0159edn\u00edm bodem na\u0161eho posl\u00e1n\u00ed podporovat odpov\u011bdn\u00fd a bezpe\u010dn\u00fd n\u00e1kup v komunit\u011b vaping\u016f.<\/p>\n<p>Pokud z\u00e1kazn\u00edk zaznamen\u00e1 omezen\u00ed slu\u017eby, o kter\u00e9m se domn\u00edv\u00e1, \u017ee jde o chybu, m\u016f\u017ee kontaktovat n\u00e1\u0161 t\u00fdm z\u00e1kaznick\u00e9 podpory. Up\u0159ednost\u0148ujeme transparentn\u00ed komunikaci a sna\u017e\u00edme se v\u0161echny probl\u00e9my \u0159e\u0161it f\u00e9rov\u011b.<\/p>\n<p>Na na\u0161ich str\u00e1nk\u00e1ch je n\u00e1padn\u011b zobrazeno upozorn\u011bn\u00ed na v\u011bkov\u00fd po\u017eadavek pro n\u00e1kup elektronick\u00fdch cigaret, kter\u00fd v\u0161em u\u017eivatel\u016fm p\u0159ipom\u00edn\u00e1 z\u00e1konn\u00fd po\u017eadavek b\u00fdt 21 let v USA<\/p>\n<p>Volba Aiviou Vape znamen\u00e1 v\u00fdb\u011br spole\u010dnosti, kter\u00e1 oce\u0148uje integritu, dodr\u017eov\u00e1n\u00ed pr\u00e1vn\u00edch p\u0159edpis\u016f a bezpe\u010dnost z\u00e1kazn\u00edk\u016f. N\u00e1\u0161 z\u00e1vazek k z\u00e1sad\u00e1m odpov\u011bdn\u00e9ho v\u011bku nen\u00ed pouze procedur\u00e1ln\u00ed; je to z\u00e1kladn\u00ed odraz na\u0161ich hodnot a odhodl\u00e1n\u00ed vytv\u00e1\u0159et bezpe\u010dn\u00e9 a d\u016fv\u011bryhodn\u00e9 nakupov\u00e1n\u00ed. D\u016fv\u011b\u0159ujte Aiviou Vape pro bezpe\u010dn\u00fd a zodpov\u011bdn\u00fd p\u0159\u00edstup ke kvalitn\u00edm vapingov\u00fdm produkt\u016fm.<\/p>\n<div class=\"row align-middle\"  id=\"row-944975650\">\n\n\t<div id=\"col-402256501\" class=\"col small-12 large-12\"  >\n\t\t\t\t<div class=\"col-inner text-center\"  >\n\t\t\t\n\t\t\t\n<a href=\"https:\/\/aiviouvapes.com\/cs\/shop\/\" class=\"button primary is-shade is-larger box-shadow-4 box-shadow-5-hover\" style=\"border-radius:10px;\">\n\t\t<span>Nakupujte nyn\u00ed<\/span>\n\t<\/a>\n\n\t\t<\/div>\n\t\t\t\t\n<style>\n#col-402256501 > .col-inner {\n  padding: 20px 0px 0px 0px;\n}\n<\/style>\n\t<\/div>\n\n\t\n<\/div>","protected":false},"excerpt":{"rendered":"<p>Age Verification at AiviouVapes **Legal Smoking Age Requirement:** All customers must be 21 or older to purchase products on our site, aligning with the U.S. legal smoking age for e-cigarettes and related items. Visit AiviouVapes for compliant and responsible purchases. **Importance of Accurate Age Representation:** Falsifying age information to buy our products is not only [&#8230;]\n","protected":false},"author":1,"featured_media":0,"parent":0,"menu_order":0,"comment_status":"closed","ping_status":"closed","template":"page-blank-title-center.php","meta":{"footnotes":""},"class_list":["post-9121","page","type-page","status-publish","hentry"],"jetpack_sharing_enabled":true,"_links":{"self":[{"href":"https:\/\/aiviouvapes.com\/cs\/wp-json\/wp\/v2\/pages\/9121","targetHints":{"allow":["GET"]}}],"collection":[{"href":"https:\/\/aiviouvapes.com\/cs\/wp-json\/wp\/v2\/pages"}],"about":[{"href":"https:\/\/aiviouvapes.com\/cs\/wp-json\/wp\/v2\/types\/page"}],"author":[{"embeddable":true,"href":"https:\/\/aiviouvapes.com\/cs\/wp-json\/wp\/v2\/users\/1"}],"replies":[{"embeddable":true,"href":"https:\/\/aiviouvapes.com\/cs\/wp-json\/wp\/v2\/comments?post=9121"}],"version-history":[{"count":0,"href":"https:\/\/aiviouvapes.com\/cs\/wp-json\/wp\/v2\/pages\/9121\/revisions"}],"wp:attachment":[{"href":"https:\/\/aiviouvapes.com\/cs\/wp-json\/wp\/v2\/media?parent=9121"}],"curies":[{"name":"wp","href":"https:\/\/api.w.org\/{rel}","templated":true}]}}