{"id":9111,"date":"2024-08-21T10:48:05","date_gmt":"2024-08-21T10:48:05","guid":{"rendered":"https:\/\/aiviouvapes.com\/?page_id=9111"},"modified":"2024-11-30T20:28:47","modified_gmt":"2024-11-30T12:28:47","slug":"shipping-policy","status":"publish","type":"page","link":"https:\/\/aiviouvapes.com\/cs\/shipping-policy\/","title":{"rendered":"Z\u00e1sady p\u0159epravy"},"content":{"rendered":"<div id=\"text-3390683714\" class=\"text\">\n\t\t\n<header class=\"entry-header text-center\"><\/header>\n<p><strong>Z\u00e1sady p\u0159epravy<\/strong><\/p>\n<p>1. Objedn\u00e1vky budou zpracov\u00e1ny a odesl\u00e1ny b\u011bhem 1-3 pracovn\u00edch dn\u016f. Doba dod\u00e1n\u00ed se obvykle pohybuje v rozmez\u00ed 7-15 pracovn\u00edch dn\u016f. Upozor\u0148ujeme, \u017ee objedn\u00e1vky nezas\u00edl\u00e1me o v\u00edkendech.<\/p>\n<p>2. Jakmile bude va\u0161e objedn\u00e1vka odesl\u00e1na, za\u0161leme v\u00e1m e-mailem informace o jej\u00edm sledov\u00e1n\u00ed. Svou z\u00e1silku m\u016f\u017eete sledovat pomoc\u00ed poskytnut\u00e9ho sledovac\u00edho \u010d\u00edsla na n\u00e1sleduj\u00edc\u00edch webov\u00fdch str\u00e1nk\u00e1ch:<\/p>\n<p><a href=\"https:\/\/www.17track.net\/en\" target=\"_blank\" rel=\"nofollow noopener\">https:\/\/www.17track.net\/en<\/a><\/p>\n<p>Po\u010dkejte pros\u00edm 1-2 dny po odesl\u00e1n\u00ed, ne\u017e se na webov\u00fdch str\u00e1nk\u00e1ch objev\u00ed aktualizace sledov\u00e1n\u00ed.<\/p>\n<p>3. M\u00e1te mo\u017enost zru\u0161it objedn\u00e1vku nebo aktualizovat dodac\u00ed adresu kdykoli p\u0159ed odesl\u00e1n\u00edm produkt\u016f. Jakmile je v\u0161ak objedn\u00e1vka odesl\u00e1na, nejsme schopni vy\u0159\u00eddit vr\u00e1cen\u00ed pen\u011bz nebo zm\u011bnu adresy.<\/p>\n<p>4.Zem\u011b, se kter\u00fdmi m\u016f\u017eeme zas\u00edlat z\u00e1silky\u00a0<strong>DDP<\/strong>\u00a0(<strong>Zaplacen\u00e9 dodac\u00ed clo<\/strong>) Metoda nevy\u017eaduje celn\u00ed odbaven\u00ed a neplat\u00edte \u017e\u00e1dn\u00e9 clo.<\/p>\n<ul>\n<li>USA - UPS Express (krom\u011b Alja\u0161ky a Havaje)<\/li>\n<li>Velk\u00e1 Brit\u00e1nie - M\u00edstn\u00ed DPD Express<\/li>\n<li>Evropa - UPS Express\/ DPD Express\/ DHL Express<\/li>\n<\/ul>\n<p>Seznamy zem\u00ed Evropy Metoda DDP: N\u011bmecko, Belgie, Lucembursko, Nizozemsko, \u010cesk\u00e1 republika, Polsko, Chorvatsko, Slovensko, Slovinsko, Finsko, D\u00e1nsko, \u0160v\u00e9dsko, Rakousko, Francie, It\u00e1lie, Ma\u010farsko, Bulharsko, Litva, Estonsko, Loty\u0161sko, \u0158ecko, Irsko, Portugalsko, \u0160pan\u011blsko.<\/p>\n<p><strong>Dodac\u00ed lh\u016fty pro konkr\u00e9tn\u00ed zem\u011b:<\/strong><\/p>\n<table style=\"height: 810px;\" width=\"518\">\n<thead>\n<tr>\n<th>ZEM\u011a<\/th>\n<th>ZP\u016eSOB P\u0158EPRAVY<\/th>\n<th>DORU\u010cEN\u00cd<\/th>\n<\/tr>\n<\/thead>\n<tbody>\n<tr>\n<td>USA<\/td>\n<td>M\u00edstn\u00ed slu\u017eba UPS Ground<\/td>\n<td>10-15 dn\u00ed<\/td>\n<\/tr>\n<tr>\n<td>UK<\/td>\n<td>M\u00edstn\u00ed DPD Express<\/td>\n<td>7-12 dn\u00ed<\/td>\n<\/tr>\n<tr>\n<td>N\u011bmecko<\/td>\n<td>UPS\/DPD\/DHL N\u011bmecko<\/td>\n<td>8-13 dn\u00ed<\/td>\n<\/tr>\n<tr>\n<td>Francie<\/td>\n<td>UPS\/DPD\/DHL N\u011bmecko<\/td>\n<td>8-13 dn\u00ed<\/td>\n<\/tr>\n<tr>\n<td>Belgie<\/td>\n<td>UPS\/DPD\/DHL N\u011bmecko<\/td>\n<td>8-13 dn\u00ed<\/td>\n<\/tr>\n<tr>\n<td>Lucembursko<\/td>\n<td>UPS\/DPD\/DHL N\u011bmecko<\/td>\n<td>8-13 dn\u00ed<\/td>\n<\/tr>\n<tr>\n<td>Nizozemsko<\/td>\n<td>UPS\/DPD\/DHL N\u011bmecko<\/td>\n<td>8-13 dn\u00ed<\/td>\n<\/tr>\n<tr>\n<td>\u010cesk\u00e1 republika<\/td>\n<td>UPS\/DPD\/DHL N\u011bmecko<\/td>\n<td>8-13 dn\u00ed<\/td>\n<\/tr>\n<tr>\n<td>Polsko<\/td>\n<td>UPS\/DPD\/DHL N\u011bmecko<\/td>\n<td>8-13 dn\u00ed<\/td>\n<\/tr>\n<tr>\n<td>Chorvatsko<\/td>\n<td>UPS\/DPD\/DHL N\u011bmecko<\/td>\n<td>8-13 dn\u00ed<\/td>\n<\/tr>\n<tr>\n<td>Slovensko<\/td>\n<td>UPS\/DPD\/DHL N\u011bmecko<\/td>\n<td>8-13 dn\u00ed<\/td>\n<\/tr>\n<tr>\n<td>Slovinsko<\/td>\n<td>UPS\/DPD\/DHL N\u011bmecko<\/td>\n<td>8-13 dn\u00ed<\/td>\n<\/tr>\n<tr>\n<td>Finsko<\/td>\n<td>UPS\/DPD\/DHL N\u011bmecko<\/td>\n<td>8-13 dn\u00ed<\/td>\n<\/tr>\n<tr>\n<td>D\u00e1nsko<\/td>\n<td>UPS\/DPD\/DHL N\u011bmecko<\/td>\n<td>8-13 dn\u00ed<\/td>\n<\/tr>\n<tr>\n<td>\u0160v\u00e9dsko<\/td>\n<td>UPS\/DPD\/DHL N\u011bmecko<\/td>\n<td>8-13 dn\u00ed<\/td>\n<\/tr>\n<tr>\n<td>Rakousko<\/td>\n<td>UPS\/DPD\/DHL N\u011bmecko<\/td>\n<td>8-13 dn\u00ed<\/td>\n<\/tr>\n<tr>\n<td>It\u00e1lie<\/td>\n<td>UPS\/DPD\/DHL N\u011bmecko<\/td>\n<td>8-13 dn\u00ed<\/td>\n<\/tr>\n<tr>\n<td>Ma\u010farsko<\/td>\n<td>UPS\/DPD\/DHL N\u011bmecko<\/td>\n<td>8-13 dn\u00ed<\/td>\n<\/tr>\n<tr>\n<td>Litva<\/td>\n<td>UPS\/DPD\/DHL N\u011bmecko<\/td>\n<td>8-13 dn\u00ed<\/td>\n<\/tr>\n<tr>\n<td>Estonsko<\/td>\n<td>UPS\/DPD\/DHL N\u011bmecko<\/td>\n<td>8-13 dn\u00ed<\/td>\n<\/tr>\n<tr>\n<td>Loty\u0161sko<\/td>\n<td>UPS\/DPD\/DHL N\u011bmecko<\/td>\n<td>8-13 dn\u00ed<\/td>\n<\/tr>\n<tr>\n<td>\u0158ecko<\/td>\n<td>UPS\/DPD\/DHL N\u011bmecko<\/td>\n<td>8-13 dn\u00ed<\/td>\n<\/tr>\n<tr>\n<td>Irsko<\/td>\n<td>UPS\/DPD\/DHL N\u011bmecko<\/td>\n<td>8-13 dn\u00ed<\/td>\n<\/tr>\n<tr>\n<td>Portugalsko<\/td>\n<td>UPS\/DPD\/DHL N\u011bmecko<\/td>\n<td>8-13 dn\u00ed<\/td>\n<\/tr>\n<tr>\n<td>\u0160pan\u011blsko<\/td>\n<td>UPS\/DPD\/DHL N\u011bmecko<\/td>\n<td>8-13 dn\u00ed<\/td>\n<\/tr>\n<tr>\n<td>Spojen\u00e9 arabsk\u00e9 emir\u00e1ty (Dubaj)<\/td>\n<td>Vyhrazen\u00e1 linka v Dubaji<\/td>\n<td>12-18 dn\u00ed<\/td>\n<\/tr>\n<tr>\n<td>Jihoafrick\u00e1 republika<\/td>\n<td>Vyhrazen\u00e1 linka pro Ji\u017en\u00ed Afriku<\/td>\n<td>15-25 dn\u00ed<\/td>\n<\/tr>\n<tr>\n<td>Vietnam<\/td>\n<td>Vyhrazen\u00e1 linka pro Vietnam<\/td>\n<td>3-5 dn\u00ed<\/td>\n<\/tr>\n<tr>\n<td>Z\u00e1padn\u00ed Malajsie<\/td>\n<td>Vyhrazen\u00e1 linka pro Malajsii<\/td>\n<td>4-8 dn\u00ed<\/td>\n<\/tr>\n<\/tbody>\n<\/table>\n<\/div>\n<\/div>\n<\/div>\n<\/div>\n<div id=\"col-429512057\" class=\"col medium-6 small-12 large-6\"><\/div>\n<\/div>\n<\/div>\n\t\t\n<style>\n#text-3390683714 {\n  text-align: left;\n}\n<\/style>\n\t<\/div>\n\t\n<div class=\"row align-middle\"  id=\"row-1392516935\">\n\n\t<div id=\"col-113266341\" class=\"col small-12 large-12\"  >\n\t\t\t\t<div class=\"col-inner text-center\"  >\n\t\t\t\n\t\t\t\n<a href=\"https:\/\/aiviouvapes.com\/cs\/shop\/\" class=\"button primary is-shade is-larger box-shadow-4 box-shadow-5-hover\" style=\"border-radius:10px;\">\n\t\t<span>Nakupujte nyn\u00ed<\/span>\n\t<\/a>\n\n\t\t<\/div>\n\t\t\t\t\n<style>\n#col-113266341 > .col-inner {\n  padding: 20px 0px 0px 0px;\n}\n<\/style>\n\t<\/div>\n\n\t\n<\/div>","protected":false},"excerpt":{"rendered":"","protected":false},"author":1,"featured_media":0,"parent":0,"menu_order":0,"comment_status":"closed","ping_status":"closed","template":"page-blank-title-center.php","meta":{"footnotes":""},"class_list":["post-9111","page","type-page","status-publish","hentry"],"jetpack_sharing_enabled":true,"_links":{"self":[{"href":"https:\/\/aiviouvapes.com\/cs\/wp-json\/wp\/v2\/pages\/9111","targetHints":{"allow":["GET"]}}],"collection":[{"href":"https:\/\/aiviouvapes.com\/cs\/wp-json\/wp\/v2\/pages"}],"about":[{"href":"https:\/\/aiviouvapes.com\/cs\/wp-json\/wp\/v2\/types\/page"}],"author":[{"embeddable":true,"href":"https:\/\/aiviouvapes.com\/cs\/wp-json\/wp\/v2\/users\/1"}],"replies":[{"embeddable":true,"href":"https:\/\/aiviouvapes.com\/cs\/wp-json\/wp\/v2\/comments?post=9111"}],"version-history":[{"count":0,"href":"https:\/\/aiviouvapes.com\/cs\/wp-json\/wp\/v2\/pages\/9111\/revisions"}],"wp:attachment":[{"href":"https:\/\/aiviouvapes.com\/cs\/wp-json\/wp\/v2\/media?parent=9111"}],"curies":[{"name":"wp","href":"https:\/\/api.w.org\/{rel}","templated":true}]}}