{"id":9102,"date":"2024-08-21T10:43:42","date_gmt":"2024-08-21T10:43:42","guid":{"rendered":"https:\/\/aiviouvapes.com\/?page_id=9102"},"modified":"2024-12-18T18:35:34","modified_gmt":"2024-12-18T10:35:34","slug":"how-to-order","status":"publish","type":"page","link":"https:\/\/aiviouvapes.com\/cs\/how-to-order\/","title":{"rendered":"Jak objednat"},"content":{"rendered":"<header class=\"entry-header text-center\">\n<h1 class=\"entry-title\">Jak koupit vapes na AIVIOU VAPES (s obr\u00e1zky)<\/h1>\n<\/header>\n<div class=\"entry-content\">\n<p>V\u00edtejte v AIVIOU VAPES! Postupujte podle t\u011bchto jednoduch\u00fdch krok\u016f a zakupte si sv\u00e9 obl\u00edben\u00e9 jednor\u00e1zov\u00e9 vapes v na\u0161em internetov\u00e9m obchod\u011b.<\/p>\n<h2>Krok 1: Prohl\u00e9dn\u011bte si na\u0161i kolekci<\/h2>\n<ol>\n<li><strong>Nav\u0161tivte na\u0161i domovskou str\u00e1nku<\/strong>: P\u0159ej\u00edt na\u00a0<a href=\"https:\/\/aiviouvapes.com\/cs\/\" rel=\"noreferrer\">AIVIOUVAPES.com<\/a>.<\/li>\n<li><strong>P\u0159ej\u00edt na produkty<\/strong>: Klikn\u011bte na \"<a class=\"nav-top-link\" href=\"https:\/\/aiviouvapes.com\/cs\/shop\/\" aria-expanded=\"false\">SHOP<\/a>\" v horn\u00ed \u010d\u00e1sti str\u00e1nky.<a href=\"https:\/\/i0.wp.com\/aiviouvapes.com\/wp-content\/uploads\/2024\/08\/shop.jpg?ssl=1\"><img data-recalc-dims=\"1\" loading=\"lazy\" decoding=\"async\" title=\"Jak objednat\" class=\"alignnone size-full wp-image-9276\" src=\"https:\/\/i0.wp.com\/aiviouvapes.com\/wp-content\/uploads\/2024\/08\/shop.jpg?resize=1020%2C749&#038;ssl=1\" alt=\"Jak objednat\" width=\"1020\" height=\"749\" srcset=\"https:\/\/i0.wp.com\/aiviouvapes.com\/wp-content\/uploads\/2024\/08\/shop.jpg?w=1121&amp;ssl=1 1121w, https:\/\/i0.wp.com\/aiviouvapes.com\/wp-content\/uploads\/2024\/08\/shop.jpg?resize=300%2C220&amp;ssl=1 300w, https:\/\/i0.wp.com\/aiviouvapes.com\/wp-content\/uploads\/2024\/08\/shop.jpg?resize=1024%2C752&amp;ssl=1 1024w, https:\/\/i0.wp.com\/aiviouvapes.com\/wp-content\/uploads\/2024\/08\/shop.jpg?resize=768%2C564&amp;ssl=1 768w, https:\/\/i0.wp.com\/aiviouvapes.com\/wp-content\/uploads\/2024\/08\/shop.jpg?resize=16%2C12&amp;ssl=1 16w, https:\/\/i0.wp.com\/aiviouvapes.com\/wp-content\/uploads\/2024\/08\/shop.jpg?resize=800%2C587&amp;ssl=1 800w\" sizes=\"auto, (max-width: 1020px) 100vw, 1020px\" \/><\/a><\/li>\n<\/ol>\n<h2>Krok 2: Vyberte si sv\u016fj vape<\/h2>\n<ol>\n<li><strong>Vyberte si Vape<\/strong>: Zvolte <b>vape<\/b> o kter\u00e9 m\u00e1te z\u00e1jem.<\/li>\n<li><strong>Zobrazit produkty<\/strong>: Projd\u011bte si dostupn\u00e9 produkty. Kliknut\u00edm na obr\u00e1zek nebo n\u00e1zev produktu zobraz\u00edte dal\u0161\u00ed podrobnosti.<\/li>\n<\/ol>\n<p><a href=\"https:\/\/i0.wp.com\/aiviouvapes.com\/wp-content\/uploads\/2024\/08\/select_product.jpg?ssl=1\"><img data-recalc-dims=\"1\" loading=\"lazy\" decoding=\"async\" title=\"Jak objednat\" class=\"alignnone size-full wp-image-9275\" src=\"https:\/\/i0.wp.com\/aiviouvapes.com\/wp-content\/uploads\/2024\/08\/select_product.jpg?resize=1020%2C426&#038;ssl=1\" alt=\"Jak objednat\" width=\"1020\" height=\"426\" data-wp-editing=\"1\" srcset=\"https:\/\/i0.wp.com\/aiviouvapes.com\/wp-content\/uploads\/2024\/08\/select_product.jpg?w=1916&amp;ssl=1 1916w, https:\/\/i0.wp.com\/aiviouvapes.com\/wp-content\/uploads\/2024\/08\/select_product.jpg?resize=300%2C125&amp;ssl=1 300w, https:\/\/i0.wp.com\/aiviouvapes.com\/wp-content\/uploads\/2024\/08\/select_product.jpg?resize=1024%2C428&amp;ssl=1 1024w, https:\/\/i0.wp.com\/aiviouvapes.com\/wp-content\/uploads\/2024\/08\/select_product.jpg?resize=768%2C321&amp;ssl=1 768w, https:\/\/i0.wp.com\/aiviouvapes.com\/wp-content\/uploads\/2024\/08\/select_product.jpg?resize=1536%2C641&amp;ssl=1 1536w, https:\/\/i0.wp.com\/aiviouvapes.com\/wp-content\/uploads\/2024\/08\/select_product.jpg?resize=18%2C8&amp;ssl=1 18w, https:\/\/i0.wp.com\/aiviouvapes.com\/wp-content\/uploads\/2024\/08\/select_product.jpg?resize=800%2C334&amp;ssl=1 800w\" sizes=\"auto, (max-width: 1020px) 100vw, 1020px\" \/><\/a><\/p>\n<h2>Krok 3: Vyberte podrobnosti o produktu<\/h2>\n<ol>\n<li><strong>P\u0159e\u010dt\u011bte si podrobnosti<\/strong>: Na str\u00e1nce produktu si prohl\u00e9dn\u011bte popis, zkontrolujte cenu a p\u0159e\u010dt\u011bte si hodnocen\u00ed z\u00e1kazn\u00edk\u016f.<\/li>\n<li><strong>Zvolte mno\u017estv\u00ed<\/strong>: Vyberte mno\u017estv\u00ed, kter\u00e9 chcete zakoupit.<\/li>\n<li><strong>P\u0159idat do ko\u0161\u00edku<\/strong>: Kliknut\u00edm na tla\u010d\u00edtko \"P\u0159idat do ko\u0161\u00edku\" p\u0159id\u00e1te polo\u017eku do n\u00e1kupn\u00edho ko\u0161\u00edku.<\/li>\n<\/ol>\n<p><a href=\"https:\/\/i0.wp.com\/aiviouvapes.com\/wp-content\/uploads\/2024\/08\/product_detail.png?ssl=1\"><img data-recalc-dims=\"1\" loading=\"lazy\" decoding=\"async\" title=\"Jak objednat\" class=\"alignnone size-full wp-image-9274\" src=\"https:\/\/i0.wp.com\/aiviouvapes.com\/wp-content\/uploads\/2024\/08\/product_detail.png?resize=1020%2C619&#038;ssl=1\" alt=\"Jak objednat\" width=\"1020\" height=\"619\" srcset=\"https:\/\/i0.wp.com\/aiviouvapes.com\/wp-content\/uploads\/2024\/08\/product_detail.png?w=1527&amp;ssl=1 1527w, https:\/\/i0.wp.com\/aiviouvapes.com\/wp-content\/uploads\/2024\/08\/product_detail.png?resize=300%2C182&amp;ssl=1 300w, https:\/\/i0.wp.com\/aiviouvapes.com\/wp-content\/uploads\/2024\/08\/product_detail.png?resize=1024%2C622&amp;ssl=1 1024w, https:\/\/i0.wp.com\/aiviouvapes.com\/wp-content\/uploads\/2024\/08\/product_detail.png?resize=768%2C466&amp;ssl=1 768w, https:\/\/i0.wp.com\/aiviouvapes.com\/wp-content\/uploads\/2024\/08\/product_detail.png?resize=18%2C12&amp;ssl=1 18w, https:\/\/i0.wp.com\/aiviouvapes.com\/wp-content\/uploads\/2024\/08\/product_detail.png?resize=800%2C486&amp;ssl=1 800w\" sizes=\"auto, (max-width: 1020px) 100vw, 1020px\" \/><\/a><\/p>\n<\/div>\n<h2>Krok 4: Prohl\u00e9dn\u011bte si sv\u016fj ko\u0161\u00edk<\/h2>\n<ol>\n<li><strong>Zobrazit ko\u0161\u00edk<\/strong>: Pro zobrazen\u00ed ko\u0161\u00edku klikn\u011bte na ikonu n\u00e1kupn\u00edho ko\u0161\u00edku v prav\u00e9m horn\u00edm rohu str\u00e1nky.<\/li>\n<li><strong>Polo\u017eky recenz\u00ed<\/strong>: Zkontrolujte, zda jsou v\u0161echny polo\u017eky a mno\u017estv\u00ed spr\u00e1vn\u00e9.<\/li>\n<li><strong>P\u0159ejd\u011bte k pokladn\u011b<\/strong>: Kliknut\u00edm na tla\u010d\u00edtko \"Proceed to Checkout\" p\u0159ejdete k dal\u0161\u00edmu kroku.<\/li>\n<\/ol>\n<p><a href=\"https:\/\/i0.wp.com\/aiviouvapes.com\/wp-content\/uploads\/2024\/08\/cart.png?ssl=1\"><img data-recalc-dims=\"1\" loading=\"lazy\" decoding=\"async\" title=\"Jak objednat\" class=\"alignnone size-full wp-image-9272\" src=\"https:\/\/i0.wp.com\/aiviouvapes.com\/wp-content\/uploads\/2024\/08\/cart.png?resize=1020%2C383&#038;ssl=1\" alt=\"Jak objednat\" width=\"1020\" height=\"383\" srcset=\"https:\/\/i0.wp.com\/aiviouvapes.com\/wp-content\/uploads\/2024\/08\/cart.png?w=1768&amp;ssl=1 1768w, https:\/\/i0.wp.com\/aiviouvapes.com\/wp-content\/uploads\/2024\/08\/cart.png?resize=300%2C113&amp;ssl=1 300w, https:\/\/i0.wp.com\/aiviouvapes.com\/wp-content\/uploads\/2024\/08\/cart.png?resize=1024%2C384&amp;ssl=1 1024w, https:\/\/i0.wp.com\/aiviouvapes.com\/wp-content\/uploads\/2024\/08\/cart.png?resize=768%2C288&amp;ssl=1 768w, https:\/\/i0.wp.com\/aiviouvapes.com\/wp-content\/uploads\/2024\/08\/cart.png?resize=1536%2C576&amp;ssl=1 1536w, https:\/\/i0.wp.com\/aiviouvapes.com\/wp-content\/uploads\/2024\/08\/cart.png?resize=18%2C7&amp;ssl=1 18w, https:\/\/i0.wp.com\/aiviouvapes.com\/wp-content\/uploads\/2024\/08\/cart.png?resize=800%2C300&amp;ssl=1 800w\" sizes=\"auto, (max-width: 1020px) 100vw, 1020px\" \/><\/a><\/p>\n<h2>Krok 5: Pokladna<\/h2>\n<ol>\n<li><strong>Faktura\u010dn\u00ed \u00fadaje<\/strong>: Vypl\u0148te faktura\u010dn\u00ed \u00fadaje v\u010detn\u011b sv\u00e9ho jm\u00e9na, adresy a kontaktn\u00edch \u00fadaj\u016f.<\/li>\n<li><strong>Podrobnosti o p\u0159eprav\u011b<\/strong>: Pokud se li\u0161\u00ed od faktura\u010dn\u00edch \u00fadaj\u016f, vypl\u0148te sv\u00e9 p\u0159epravn\u00ed \u00fadaje.<\/li>\n<li><strong>Zp\u016fsob platby<\/strong>: Vyberte si preferovan\u00fd zp\u016fsob platby.<\/li>\n<li><strong>Zkontrolujte svou objedn\u00e1vku<\/strong>: P\u0159ekontrolujte v\u0161echny \u00fadaje v\u010detn\u011b polo\u017eek, mno\u017estv\u00ed a celkov\u00e9 \u010d\u00e1stky.<\/li>\n<li><strong>Objednat<\/strong>: Kliknut\u00edm na tla\u010d\u00edtko \"Objednat\" dokon\u010d\u00edte n\u00e1kup.<\/li>\n<\/ol>\n<p><a href=\"https:\/\/i0.wp.com\/aiviouvapes.com\/wp-content\/uploads\/2024\/08\/checkout.png?ssl=1\"><img data-recalc-dims=\"1\" loading=\"lazy\" decoding=\"async\" title=\"Jak objednat\" class=\"alignnone size-full wp-image-9273\" src=\"https:\/\/i0.wp.com\/aiviouvapes.com\/wp-content\/uploads\/2024\/08\/checkout.png?resize=1020%2C638&#038;ssl=1\" alt=\"Jak objednat\" width=\"1020\" height=\"638\" srcset=\"https:\/\/i0.wp.com\/aiviouvapes.com\/wp-content\/uploads\/2024\/08\/checkout.png?w=1328&amp;ssl=1 1328w, https:\/\/i0.wp.com\/aiviouvapes.com\/wp-content\/uploads\/2024\/08\/checkout.png?resize=300%2C188&amp;ssl=1 300w, https:\/\/i0.wp.com\/aiviouvapes.com\/wp-content\/uploads\/2024\/08\/checkout.png?resize=1024%2C640&amp;ssl=1 1024w, https:\/\/i0.wp.com\/aiviouvapes.com\/wp-content\/uploads\/2024\/08\/checkout.png?resize=768%2C480&amp;ssl=1 768w, https:\/\/i0.wp.com\/aiviouvapes.com\/wp-content\/uploads\/2024\/08\/checkout.png?resize=18%2C12&amp;ssl=1 18w, https:\/\/i0.wp.com\/aiviouvapes.com\/wp-content\/uploads\/2024\/08\/checkout.png?resize=800%2C500&amp;ssl=1 800w\" sizes=\"auto, (max-width: 1020px) 100vw, 1020px\" \/><\/a><\/p>\n<h2>Krok 6: Potvrzen\u00ed objedn\u00e1vky<\/h2>\n<ol>\n<li><strong>Potvrzuj\u00edc\u00ed zpr\u00e1va<\/strong>: Na obrazovce se zobraz\u00ed zpr\u00e1va o potvrzen\u00ed objedn\u00e1vky s \u010d\u00edslem objedn\u00e1vky.<\/li>\n<li><strong>Potvrzen\u00ed e-mailem<\/strong>: Zkontrolujte si e-mail, zda v\u00e1m nep\u0159i\u0161la potvrzovac\u00ed zpr\u00e1va se v\u0161emi \u00fadaji o va\u0161\u00ed objedn\u00e1vce.<\/li>\n<\/ol>\n<div class=\"row align-middle\"  id=\"row-148396424\">\n\n\t<div id=\"col-731116194\" class=\"col small-12 large-12\"  >\n\t\t\t\t<div class=\"col-inner text-center\"  >\n\t\t\t\n\t\t\t\n<a href=\"https:\/\/aiviouvapes.com\/cs\/shop\/\" class=\"button primary is-shade is-larger box-shadow-4 box-shadow-5-hover\" style=\"border-radius:10px;\">\n\t\t<span>Nakupujte nyn\u00ed<\/span>\n\t<\/a>\n\n\t\t<\/div>\n\t\t\t\t\n<style>\n#col-731116194 > .col-inner {\n  padding: 20px 0px 0px 0px;\n}\n<\/style>\n\t<\/div>\n\n\t\n<\/div>","protected":false},"excerpt":{"rendered":"<p>How to Buy Vapes on AIVIOU VAPES (with Pictures) Welcome to AIVIOU VAPES! Follow these simple steps to purchase your favorite disposable vapes from our online store. Step 1: Browse Our Collection Visit our Homepage: Go to\u00a0AIVIOUVAPES.com. Navigate to Products: Click on the \u201cSHOP\u201d menu at the top of the page. Step 2: Select Your [&#8230;]\n","protected":false},"author":1,"featured_media":0,"parent":0,"menu_order":0,"comment_status":"closed","ping_status":"closed","template":"page-blank-title-center.php","meta":{"footnotes":""},"class_list":["post-9102","page","type-page","status-publish","hentry"],"jetpack_sharing_enabled":true,"_links":{"self":[{"href":"https:\/\/aiviouvapes.com\/cs\/wp-json\/wp\/v2\/pages\/9102","targetHints":{"allow":["GET"]}}],"collection":[{"href":"https:\/\/aiviouvapes.com\/cs\/wp-json\/wp\/v2\/pages"}],"about":[{"href":"https:\/\/aiviouvapes.com\/cs\/wp-json\/wp\/v2\/types\/page"}],"author":[{"embeddable":true,"href":"https:\/\/aiviouvapes.com\/cs\/wp-json\/wp\/v2\/users\/1"}],"replies":[{"embeddable":true,"href":"https:\/\/aiviouvapes.com\/cs\/wp-json\/wp\/v2\/comments?post=9102"}],"version-history":[{"count":0,"href":"https:\/\/aiviouvapes.com\/cs\/wp-json\/wp\/v2\/pages\/9102\/revisions"}],"wp:attachment":[{"href":"https:\/\/aiviouvapes.com\/cs\/wp-json\/wp\/v2\/media?parent=9102"}],"curies":[{"name":"wp","href":"https:\/\/api.w.org\/{rel}","templated":true}]}}