{"id":82324,"date":"2025-11-10T11:55:47","date_gmt":"2025-11-10T03:55:47","guid":{"rendered":"https:\/\/aiviouvapes.com\/?page_id=82324"},"modified":"2025-11-10T13:12:04","modified_gmt":"2025-11-10T05:12:04","slug":"why-waspe-40k-beats-vapsolo-dg18000-puffs","status":"publish","type":"page","link":"https:\/\/aiviouvapes.com\/cs\/why-waspe-40k-beats-vapsolo-dg18000-puffs\/","title":{"rendered":"VapSolo DG18000 zaost\u00e1v\u00e1 \u2013 pod\u00edvejte se, pro\u010d u\u017eivatel\u00e9 elektronick\u00fdch cigaret p\u0159ech\u00e1zej\u00ed na WASPE 40K"},"content":{"rendered":"<div id=\"tab-description\" class=\"woocommerce-Tabs-panel woocommerce-Tabs-panel--description panel entry-content active\" style=\"font-family: Arial, sans-serif; line-height: 1.6; color: #333;\" role=\"tabpanel\" aria-labelledby=\"tab-title-description\">\n<h2 style=\"color: #2c3e50; border-bottom: 2px solid #3498db; padding-bottom: 10px; margin-bottom: 20px;\">P\u0159em\u00fd\u0161l\u00edte o VapSolo DG18000? Pod\u00edvejte se, pro\u010d je WASPE 40K Double Flavor Twins chyt\u0159ej\u0161\u00ed upgrade!<\/h2>\n<p style=\"margin-bottom: 20px;\">VapSolo DG18000 je solidn\u00ed jednor\u00e1zov\u00fd vape, kter\u00fd je zn\u00e1m\u00fd sv\u00fdmi hladk\u00fdmi pohyby a dobrou kvalitou p\u00e1ry. Pokud v\u0161ak hled\u00e1te n\u011bco, co vydr\u017e\u00ed d\u00e9le, chutn\u00e1 l\u00e9pe a nab\u00edz\u00ed vy\u0161\u0161\u00ed hodnotu na jedno pota\u017een\u00ed, je na \u010dase sezn\u00e1mit se s vapingem <strong>WASPE 40K Double Flavour Twins<\/strong>-nov\u00fd standard v oblasti dlouhotrvaj\u00edc\u00edho v\u00fdkonu s dvoj\u00ed chut\u00ed. Poj\u010fme si rozebrat, pro\u010d je p\u0159echod na WASPE 40K pro chytr\u00e9 vapery naprosto bezv\u00fdznamn\u00fd.<\/p>\n<h3 style=\"color: #2980b9; margin-bottom: 15px;\">Seznamte se s vynikaj\u00edc\u00ed volbou: WASPE 40K Double Flavor Twins<\/h3>\n<p style=\"margin-bottom: 20px;\">The <strong>WASPE 40K<\/strong> nen\u00ed jen dal\u0161\u00ed jednor\u00e1zov\u00fd p\u0159\u00edstroj - je to za\u0159\u00edzen\u00ed nov\u00e9 \u00farovn\u011b navr\u017een\u00e9 pro v\u00fddr\u017e, chu\u0165 a svobodu volby. D\u00edky dvojn\u00e1sobn\u00e9mu po\u010dtu \u0161luk\u016f, bohat\u0161\u00edm p\u0159\u00edchut\u00edm a flexibiln\u00edm mo\u017enostem volby nikotinu (0%, 2%, 5%) poskytuje prvot\u0159\u00eddn\u00ed vapingov\u00fd z\u00e1\u017eitek, a\u0165 u\u017e jste prodejce, nebo individu\u00e1ln\u00ed u\u017eivatel.<\/p>\n<div style=\"display: flex; justify-content: space-around; flex-wrap: wrap; margin: 30px 0;\">\n<div style=\"border: 1px solid #ddd; border-radius: 10px; padding: 20px; text-align: center; width: 45%; box-shadow: 0 4px 8px rgba(0,0,0,0.1); margin-bottom: 20px;\">\n<h4 style=\"color: #e74c3c; margin-top: 0; margin-bottom: 10px;\">Konkurent<\/h4>\n<p style=\"font-size: 1.5em; font-weight: bold; color: #34495e; margin-bottom: 10px;\"><a href=\"https:\/\/aiviouvapes.com\/cs\/produkt\/vapsolo-dg18000-puffs-2-5-low-nicotine-bulk-buy-rechargeable-disposable-vapes-pen-wholesal\/\">VapSolo DG18000<\/a><\/p>\n<p><img data-recalc-dims=\"1\" loading=\"lazy\" decoding=\"async\" class=\"alignnone wp-image-8724\" src=\"https:\/\/i0.wp.com\/aiviouvapes.com\/wp-content\/uploads\/2024\/08\/DG18000-prime-strawberry-watermelon-600x600-1.png?resize=300%2C300&#038;ssl=1\" alt=\"Vapsolo DG18000 Puffs 2% 5% N\u00edzk\u00fd obsah nikotinu ve velk\u00e9m Koupit Dob\u00edjec\u00ed jednor\u00e1zov\u00e9 vapes Pen Velkoobchod\" width=\"300\" height=\"300\" title=\"\" srcset=\"https:\/\/i0.wp.com\/aiviouvapes.com\/wp-content\/uploads\/2024\/08\/DG18000-prime-strawberry-watermelon-600x600-1.png?w=600&amp;ssl=1 600w, https:\/\/i0.wp.com\/aiviouvapes.com\/wp-content\/uploads\/2024\/08\/DG18000-prime-strawberry-watermelon-600x600-1.png?resize=300%2C300&amp;ssl=1 300w, https:\/\/i0.wp.com\/aiviouvapes.com\/wp-content\/uploads\/2024\/08\/DG18000-prime-strawberry-watermelon-600x600-1.png?resize=150%2C150&amp;ssl=1 150w, https:\/\/i0.wp.com\/aiviouvapes.com\/wp-content\/uploads\/2024\/08\/DG18000-prime-strawberry-watermelon-600x600-1.png?resize=12%2C12&amp;ssl=1 12w, https:\/\/i0.wp.com\/aiviouvapes.com\/wp-content\/uploads\/2024\/08\/DG18000-prime-strawberry-watermelon-600x600-1.png?resize=100%2C100&amp;ssl=1 100w\" sizes=\"auto, (max-width: 300px) 100vw, 300px\" \/><\/p>\n<p>Nab\u00edz\u00ed 18 000 \u0161luk\u016f se slu\u0161n\u00fdm v\u00fdkonem, ale omezen\u00e1 kapacita a rozmanitost chut\u00ed ho dr\u017e\u00ed zp\u00e1tky od velikosti.<\/p>\n<\/div>\n<div style=\"border: 1px solid #2ecc71; border-radius: 10px; padding: 20px; text-align: center; width: 45%; box-shadow: 0 4px 8px rgba(0,0,0,0.1); margin-bottom: 20px; background-color: #f0fff4;\">\n<h4 style=\"color: #27ae60; margin-top: 0; margin-bottom: 10px;\">Lep\u0161\u00ed alternativa<\/h4>\n<p style=\"font-size: 1.5em; font-weight: bold; color: #34495e; margin-bottom: 10px;\"><a style=\"color: #2980b9; text-decoration: none;\" href=\"https:\/\/aiviouvapes.com\/cs\/produkt\/waspe-40k-double-flavor-twins-40000-puffs-disposable-vape-bulk-buy-wholesale\/\">WASPE 40K Double Flavour Twins<\/a><\/p>\n<p><img data-recalc-dims=\"1\" loading=\"lazy\" decoding=\"async\" class=\"alignnone wp-image-82326\" src=\"https:\/\/i0.wp.com\/aiviouvapes.com\/wp-content\/uploads\/2025\/11\/waspe-40k.png?resize=300%2C300&#038;ssl=1\" alt=\",\" width=\"300\" height=\"300\" title=\"\" srcset=\"https:\/\/i0.wp.com\/aiviouvapes.com\/wp-content\/uploads\/2025\/11\/waspe-40k.png?w=500&amp;ssl=1 500w, https:\/\/i0.wp.com\/aiviouvapes.com\/wp-content\/uploads\/2025\/11\/waspe-40k.png?resize=300%2C300&amp;ssl=1 300w, https:\/\/i0.wp.com\/aiviouvapes.com\/wp-content\/uploads\/2025\/11\/waspe-40k.png?resize=150%2C150&amp;ssl=1 150w, https:\/\/i0.wp.com\/aiviouvapes.com\/wp-content\/uploads\/2025\/11\/waspe-40k.png?resize=12%2C12&amp;ssl=1 12w, https:\/\/i0.wp.com\/aiviouvapes.com\/wp-content\/uploads\/2025\/11\/waspe-40k.png?resize=400%2C400&amp;ssl=1 400w, https:\/\/i0.wp.com\/aiviouvapes.com\/wp-content\/uploads\/2025\/11\/waspe-40k.png?resize=100%2C100&amp;ssl=1 100w\" sizes=\"auto, (max-width: 300px) 100vw, 300px\" \/><\/p>\n<p>Poskytuje a\u017e 40 000 potah\u016f, dv\u011b n\u00e1dr\u017eky s p\u0159\u00edchut\u00ed, dv\u011b s\u00ed\u0165ov\u00e9 spir\u00e1lky a nastavitelnou hladinu nikotinu - to v\u0161e v jednom stylov\u00e9m a kompaktn\u00edm za\u0159\u00edzen\u00ed.<\/p>\n<\/div>\n<\/div>\n<p style=\"text-align: center;\"><a href=\"https:\/\/aiviouvapes.com\/cs\/produkt\/waspe-40k-double-flavor-twins-40000-puffs-disposable-vape-bulk-buy-wholesale\/\" target=\"_blank\" class=\"button primary is-primary is-medium\" rel=\"noopener\" >\n\t\t<span>\ud83d\udd25 Prozkoumejte WASPE 40K nyn\u00ed<\/span>\n\t<\/a>\n\n<h3 style=\"color: #2980b9; margin-bottom: 15px;\">Srovn\u00e1n\u00ed vedle sebe<\/h3>\n<p style=\"margin-bottom: 20px;\">Zde se m\u016f\u017eete pod\u00edvat, jak WASPE 40K p\u0159ekon\u00e1v\u00e1 VapSolo DG18000 ve v\u0161ech hlavn\u00edch kategori\u00edch - od \u0161lukov\u00e1n\u00ed p\u0159es v\u00fdkon a\u017e po cenu.<\/p>\n<table style=\"width: 100%; border-collapse: collapse; margin: 30px 0; box-shadow: 0 4px 8px rgba(0,0,0,0.1);\">\n<thead style=\"background-color: #3498db; color: white;\">\n<tr>\n<th style=\"padding: 12px; border: 1px solid #ddd;\">Funkce<\/th>\n<th style=\"padding: 12px; border: 1px solid #ddd;\">VapSolo DG18000<\/th>\n<th style=\"padding: 12px; border: 1px solid #ddd; background-color: #2ecc71;\">WASPE 40K Double Flavour Twins<\/th>\n<\/tr>\n<\/thead>\n<tbody>\n<tr style=\"background-color: #f9f9f9;\">\n<td style=\"padding: 12px; border: 1px solid #ddd;\">Po\u010det puf\u016f<\/td>\n<td style=\"padding: 12px; border: 1px solid #ddd;\">18,000<\/td>\n<td style=\"padding: 12px; border: 1px solid #ddd;\">40 000 (v\u00edce ne\u017e 2\u00d7 del\u0161\u00ed \u017eivotnost!)<\/td>\n<\/tr>\n<tr>\n<td style=\"padding: 12px; border: 1px solid #ddd;\">Kapacita e-kapaliny<\/td>\n<td style=\"padding: 12px; border: 1px solid #ddd;\">28 ml<\/td>\n<td style=\"padding: 12px; border: 1px solid #ddd;\">36 ml (v\u00edce \u0161\u0165\u00e1vy, v\u00edce spokojenosti)<\/td>\n<\/tr>\n<tr style=\"background-color: #f9f9f9;\">\n<td style=\"padding: 12px; border: 1px solid #ddd;\">Typ c\u00edvky<\/td>\n<td style=\"padding: 12px; border: 1px solid #ddd;\">Jednoduch\u00e1 s\u00ed\u0165 0,9\u03a9<\/td>\n<td style=\"padding: 12px; border: 1px solid #ddd;\">Dvojit\u00e9 s\u00ed\u0165ov\u00e9 c\u00edvky (zv\u00fd\u0161en\u00e1 p\u00e1ra a chu\u0165)<\/td>\n<\/tr>\n<tr>\n<td style=\"padding: 12px; border: 1px solid #ddd;\">Baterie<\/td>\n<td style=\"padding: 12px; border: 1px solid #ddd;\">Nab\u00edjec\u00ed kapacita 650 mAh (typ C)<\/td>\n<td style=\"padding: 12px; border: 1px solid #ddd;\">Dob\u00edjec\u00ed kapacita 850 mAh (Type-C, rychlej\u0161\u00ed nab\u00edjen\u00ed)<\/td>\n<\/tr>\n<tr style=\"background-color: #f9f9f9;\">\n<td style=\"padding: 12px; border: 1px solid #ddd;\">Mo\u017enosti p\u0159\u00edchut\u00ed<\/td>\n<td style=\"padding: 12px; border: 1px solid #ddd;\">Jednotliv\u00e9 p\u0159\u00edchut\u011b<\/td>\n<td style=\"padding: 12px; border: 1px solid #ddd;\">Dv\u011b p\u0159\u00edchut\u011b na za\u0159\u00edzen\u00ed (p\u0159ep\u00ednejte kdykoli!)<\/td>\n<\/tr>\n<tr>\n<td style=\"padding: 12px; border: 1px solid #ddd;\">Mo\u017enosti nikotinu<\/td>\n<td style=\"padding: 12px; border: 1px solid #ddd;\">2%, 5%<\/td>\n<td style=\"padding: 12px; border: 1px solid #ddd;\">0%, 2%, 5% (na zak\u00e1zku podle va\u0161eho vkusu)<\/td>\n<\/tr>\n<tr style=\"background-color: #f9f9f9;\">\n<td style=\"padding: 12px; border: 1px solid #ddd;\">Minim\u00e1ln\u00ed objedn\u00e1vka<\/td>\n<td style=\"padding: 12px; border: 1px solid #ddd;\">Minim\u00e1ln\u011b 1 000 kus\u016f<\/td>\n<td style=\"padding: 12px; border: 1px solid #ddd;\">N\u00edzk\u00e9 MOQ - jen 10 kus\u016f na za\u010d\u00e1tek!<\/td>\n<\/tr>\n<tr>\n<td style=\"padding: 12px; border: 1px solid #ddd;\">Hromadn\u00e1 cena (v\u00edce ne\u017e 400 jednotek)<\/td>\n<td style=\"padding: 12px; border: 1px solid #ddd;\">\u20ac6.50-\u20ac6.99<\/td>\n<td style=\"padding: 12px; border: 1px solid #ddd;\">5,43 \u20ac (v\u00fdhodn\u011bj\u0161\u00ed cena, men\u0161\u00ed MOQ)<\/td>\n<\/tr>\n<tr style=\"background-color: #f9f9f9;\">\n<td style=\"padding: 12px; border: 1px solid #ddd;\">Pro\u010d si ji vybrat?<\/td>\n<td style=\"padding: 12px; border: 1px solid #ddd;\">Vhodn\u00e9 pro kr\u00e1tkodob\u00e9 pou\u017eit\u00ed a konzistentn\u00ed v\u00fdpary.<\/td>\n<td style=\"padding: 12px; border: 1px solid #ddd;\">Bezkonkuren\u010dn\u00ed trvanlivost, chu\u0165 a flexibilita.<\/td>\n<\/tr>\n<\/tbody>\n<\/table>\n<h3 style=\"color: #2980b9; margin-bottom: 15px;\">Pro\u010d je WASPE 40K jasn\u00fdm v\u00edt\u011bzem<\/h3>\n<div style=\"background-color: #eafaf1; border-left: 5px solid #2ecc71; padding: 20px; margin: 20px 0; border-radius: 5px;\">\n<ul style=\"list-style-type: none; padding: 0; margin: 0;\">\n<li style=\"margin-bottom: 10px;\">\u2705 <strong>2\u00d7 Puffs:<\/strong> 40 000 \u0161luk\u016f znamen\u00e1 m\u00e9n\u011b v\u00fdm\u011bn, m\u00e9n\u011b odpadu a del\u0161\u00ed po\u017eitek z k\u00e1vy.<\/li>\n<li style=\"margin-bottom: 10px;\">\u2705 <strong>N\u00e1dr\u017ee se dv\u011bma p\u0159\u00edchut\u011bmi:<\/strong> Kdykoli m\u016f\u017eete p\u0159ep\u00ednat mezi dv\u011bma pr\u00e9miov\u00fdmi p\u0159\u00edchut\u011bmi, jako byste m\u011bli dva vapery v jednom.<\/li>\n<li style=\"margin-bottom: 10px;\">\u2705 <strong>Syt\u011bj\u0161\u00ed a hlad\u0161\u00ed mraky:<\/strong> Syst\u00e9m spir\u00e1lek s dvojitou m\u0159\u00ed\u017ekou zvy\u0161uje hustotu p\u00e1ry a konzistenci chuti.<\/li>\n<li style=\"margin-bottom: 10px;\">\u2705 <strong>V\u00edce energie z baterie:<\/strong> 850mAh s rychl\u00fdm nab\u00edjen\u00edm Type-C pro del\u0161\u00ed a nep\u0159eru\u0161ovan\u00e9 sezen\u00ed.<\/li>\n<li style=\"margin-bottom: 10px;\">\u2705 <strong>Flexibiln\u00ed mo\u017enosti nikotinu:<\/strong> Vyberte si 0%, 2% nebo 5% podle sv\u00fdch preferenc\u00ed nebo c\u00edlov\u00e9ho trhu.<\/li>\n<li style=\"margin-bottom: 10px;\">\n<p data-start=\"204\" data-end=\"643\">\u2705 <strong data-start=\"234\" data-end=\"264\">Ni\u017e\u0161\u00ed MOQ, lep\u0161\u00ed ceny:<\/strong> WASPE 40K zp\u0159\u00edstup\u0148uje pr\u00e9miov\u00fd vaping v\u0161em - od majitel\u016f mal\u00fdch obchod\u016f a\u017e po jednotliv\u00e9 nad\u0161ence. M\u016f\u017eete za\u010d\u00edt s <strong data-start=\"392\" data-end=\"427\">minim\u00e1ln\u00ed objedn\u00e1vka pouh\u00fdch 10 kus\u016f<\/strong>, co\u017e usnad\u0148uje testov\u00e1n\u00ed, maloobchodn\u00ed prodej nebo m\u00edch\u00e1n\u00ed p\u0159\u00edchut\u00ed bez nutnosti v\u00e1zat se na velk\u00e9 mno\u017estv\u00ed. S rostouc\u00ed objedn\u00e1vkou se jednotkov\u00e1 cena v\u00fdrazn\u011b sni\u017euje, co\u017e nab\u00edz\u00ed jednu z nejlep\u0161\u00edch velkoobchodn\u00edch hodnotov\u00fdch struktur na trhu:<\/p>\n<ul data-start=\"645\" data-end=\"839\">\n<li data-start=\"645\" data-end=\"677\">\n<p data-start=\"647\" data-end=\"677\"><strong data-start=\"647\" data-end=\"663\">10 - 29 ks<\/strong> 10,67 \u20ac za kus<\/p>\n<\/li>\n<li data-start=\"678\" data-end=\"709\">\n<p data-start=\"680\" data-end=\"709\"><strong data-start=\"680\" data-end=\"696\">30 - 49 ks<\/strong> 7,73 \u20ac za kus<\/p>\n<\/li>\n<li data-start=\"710\" data-end=\"741\">\n<p data-start=\"712\" data-end=\"741\"><strong data-start=\"712\" data-end=\"728\">50 - 99 ks:<\/strong> 6,60 \u20ac za kus<\/p>\n<\/li>\n<li data-start=\"742\" data-end=\"775\">\n<p data-start=\"744\" data-end=\"775\"><strong data-start=\"744\" data-end=\"762\">100 - 199 ks:<\/strong> 6,36 \u20ac za kus<\/p>\n<\/li>\n<li data-start=\"776\" data-end=\"809\">\n<p data-start=\"778\" data-end=\"809\"><strong data-start=\"778\" data-end=\"796\">200 - 399 ks:<\/strong> 5,99 \u20ac za kus<\/p>\n<\/li>\n<li data-start=\"810\" data-end=\"839\">\n<p data-start=\"812\" data-end=\"839\"><strong data-start=\"812\" data-end=\"826\">400 + ks:<\/strong> 5,43 \u20ac za kus<\/p>\n<\/li>\n<\/ul>\n<p data-start=\"841\" data-end=\"1256\">Pro srovn\u00e1n\u00ed, <strong data-start=\"856\" data-end=\"875\">VapSolo DG18000<\/strong> vy\u017eaduje <strong data-start=\"887\" data-end=\"913\">minim\u00e1ln\u011b 1 000 jednotek<\/strong> a n\u00e1klady <strong data-start=\"924\" data-end=\"950\">6,50 \u20ac - 6,99 \u20ac za jednotku<\/strong>, kter\u00e9 nab\u00edzej\u00ed men\u0161\u00ed flexibilitu a vy\u0161\u0161\u00ed po\u010d\u00e1te\u010dn\u00ed n\u00e1klady.<br data-start=\"1002\" data-end=\"1005\" \/>WASPE 40K v\u00e1m d\u00e1v\u00e1 nejen <strong data-start=\"1034\" data-end=\"1062\">zdvojn\u00e1soben\u00ed kapacity nad\u00fdch\u00e1n\u00ed<\/strong> v a <strong data-start=\"1068\" data-end=\"1096\" data-is-only-node=\"\">ni\u017e\u0161\u00ed minim\u00e1ln\u00ed investice<\/strong>, ale tak\u00e9 p\u0159in\u00e1\u0161\u00ed <strong data-start=\"1116\" data-end=\"1141\">vy\u0161\u0161\u00ed ziskov\u00e9 mar\u017ee<\/strong> a <strong data-start=\"1146\" data-end=\"1171\">rychlej\u0161\u00ed obrat z\u00e1sob<\/strong> - ide\u00e1ln\u00ed pro prodejce i velkoodb\u011bratele, kte\u0159\u00ed oce\u0148uj\u00ed efektivitu a cenovou dostupnost.<\/p>\n<\/li>\n<\/ul>\n<\/div>\n<p style=\"text-align: center;\"><a href=\"https:\/\/aiviouvapes.com\/cs\/produkt\/waspe-40k-double-flavor-twins-40000-puffs-disposable-vape-bulk-buy-wholesale\/\" target=\"_blank\" class=\"button secondary is-secondary is-medium\" rel=\"noopener\" >\n\t\t<span>\ud83d\udca8 Z\u00edskat WASPE 40K Velkoobchodn\u00ed nab\u00eddky<\/span>\n\t<\/a>\n\n<h3 style=\"color: #2980b9; margin-bottom: 15px;\">Odpov\u011bdi na b\u011b\u017en\u00e9 ot\u00e1zky<\/h3>\n<div style=\"background-color: #f4f6f7; border-radius: 8px; padding: 20px; margin-bottom: 20px;\">\n<h4 style=\"color: #34495e;\">\ud83e\udd14 \u201cJe WASPE 40K t\u011b\u017e\u0161\u00ed nebo objemn\u011bj\u0161\u00ed?\u201d<\/h4>\n<p>Ne. WASPE 40K si navzdory v\u011bt\u0161\u00ed baterii a dvojit\u00fdm tank\u016fm zachov\u00e1v\u00e1 kompaktn\u00ed a pohodln\u00e9 dr\u017een\u00ed, tak\u017ee je stejn\u011b p\u0159enosn\u00fd jako v\u0161echny 18K vapery.<\/p>\n<h4 style=\"color: #34495e;\">\ud83e\udd14 \u201cJak\u00e1 je kvalita chuti ve srovn\u00e1n\u00ed s VapSolo?\u201d<\/h4>\n<p>Spir\u00e1lky s dvojit\u00fdmi oky poskytuj\u00ed siln\u011bj\u0161\u00ed, \u010dist\u0161\u00ed chu\u0165 a hladkost p\u00e1ry, kterou u\u017eivatel\u00e9 \u010dasto hodnot\u00ed l\u00e9pe ne\u017e u konkuren\u010dn\u00edch spir\u00e1lek s jednoduch\u00fdmi oky.<\/p>\n<h4 style=\"color: #34495e;\">\ud83e\udd14 \u201cJe cena celkov\u011b opravdu lep\u0161\u00ed?\u201d<\/h4>\n<p>Ano! I s men\u0161\u00edm po\u010dtem jednotek je cena za p\u0159\u00edstroj ni\u017e\u0161\u00ed - a s dvojn\u00e1sobnou kapacitou puf\u016f jsou n\u00e1klady na jeden puf ni\u017e\u0161\u00ed. <strong>nad 50% ni\u017e\u0161\u00ed<\/strong> ne\u017e VapSolo DG18000.<\/p>\n<\/div>\n<h3 style=\"color: #2980b9; margin-top: 40px;\">Upgrade na WASPE 40K je\u0161t\u011b dnes<\/h3>\n<p>Dvakr\u00e1t v\u00edce obl\u00e1\u010dk\u016f. Dvakr\u00e1t v\u00edce chuti. Lep\u0161\u00ed v\u00fdkon, lep\u0161\u00ed flexibilita a mnohem lep\u0161\u00ed cena - WASPE 40K Double Flavor Twins je chyt\u0159ej\u0161\u00ed investice pro seri\u00f3zn\u00ed vapery i prodejce.<\/p>\n<p style=\"text-align: center;\"><a href=\"https:\/\/aiviouvapes.com\/cs\/produkt\/waspe-40k-double-flavor-twins-40000-puffs-disposable-vape-bulk-buy-wholesale\/\" target=\"_blank\" class=\"button primary is-primary is-medium\" rel=\"noopener\" >\n\t\t<span>\ud83c\udf1f Nakupujte WASPE 40K nyn\u00ed<\/span>\n\t<\/a>\n\n<\/div>","protected":false},"excerpt":{"rendered":"<p>Thinking About VapSolo DG18000? See Why WASPE 40K Double Flavor Twins Is the Smarter Upgrade! The VapSolo DG18000 is a solid disposable vape, known for its smooth hits and good vapor quality. But if you\u2019re seeking something that lasts longer, tastes better, and offers more value per puff, it\u2019s time to meet the WASPE 40K [&#8230;]\n","protected":false},"author":2170,"featured_media":0,"parent":0,"menu_order":0,"comment_status":"closed","ping_status":"closed","template":"","meta":{"footnotes":""},"class_list":["post-82324","page","type-page","status-publish","hentry"],"jetpack_sharing_enabled":true,"_links":{"self":[{"href":"https:\/\/aiviouvapes.com\/cs\/wp-json\/wp\/v2\/pages\/82324","targetHints":{"allow":["GET"]}}],"collection":[{"href":"https:\/\/aiviouvapes.com\/cs\/wp-json\/wp\/v2\/pages"}],"about":[{"href":"https:\/\/aiviouvapes.com\/cs\/wp-json\/wp\/v2\/types\/page"}],"author":[{"embeddable":true,"href":"https:\/\/aiviouvapes.com\/cs\/wp-json\/wp\/v2\/users\/2170"}],"replies":[{"embeddable":true,"href":"https:\/\/aiviouvapes.com\/cs\/wp-json\/wp\/v2\/comments?post=82324"}],"version-history":[{"count":4,"href":"https:\/\/aiviouvapes.com\/cs\/wp-json\/wp\/v2\/pages\/82324\/revisions"}],"predecessor-version":[{"id":82350,"href":"https:\/\/aiviouvapes.com\/cs\/wp-json\/wp\/v2\/pages\/82324\/revisions\/82350"}],"wp:attachment":[{"href":"https:\/\/aiviouvapes.com\/cs\/wp-json\/wp\/v2\/media?parent=82324"}],"curies":[{"name":"wp","href":"https:\/\/api.w.org\/{rel}","templated":true}]}}