{"id":70,"date":"2024-08-12T12:55:00","date_gmt":"2024-08-12T12:55:00","guid":{"rendered":"https:\/\/aiviouvapes.com\/?page_id=70"},"modified":"2026-03-12T10:34:37","modified_gmt":"2026-03-12T02:34:37","slug":"about","status":"publish","type":"page","link":"https:\/\/aiviouvapes.com\/cs\/about\/","title":{"rendered":"O n\u00e1s"},"content":{"rendered":"<div class=\"row\"  id=\"row-1080582581\">\n\n\t<div id=\"col-1080024268\" class=\"col medium-6 small-12 large-6\"  >\n\t\t\t\t<div class=\"col-inner\"  >\n\t\t\t\n\t\t\t\n\t<div class=\"img has-hover x md-x lg-x y md-y lg-y\" id=\"image_287806273\">\n\t\t\t\t\t\t\t\t<div class=\"img-inner dark\" >\n\t\t\t<img data-recalc-dims=\"1\" loading=\"lazy\" decoding=\"async\" width=\"1020\" height=\"1360\" src=\"https:\/\/i0.wp.com\/aiviouvapes.com\/wp-content\/uploads\/2025\/04\/waspe-60k4.jpg?resize=1020%2C1360&#038;ssl=1\" class=\"attachment-original size-original\" alt=\"waspe 60k\" srcset=\"https:\/\/i0.wp.com\/aiviouvapes.com\/wp-content\/uploads\/2025\/04\/waspe-60k4.jpg?w=1440&amp;ssl=1 1440w, https:\/\/i0.wp.com\/aiviouvapes.com\/wp-content\/uploads\/2025\/04\/waspe-60k4.jpg?resize=225%2C300&amp;ssl=1 225w, https:\/\/i0.wp.com\/aiviouvapes.com\/wp-content\/uploads\/2025\/04\/waspe-60k4.jpg?resize=768%2C1024&amp;ssl=1 768w, https:\/\/i0.wp.com\/aiviouvapes.com\/wp-content\/uploads\/2025\/04\/waspe-60k4.jpg?resize=1152%2C1536&amp;ssl=1 1152w, https:\/\/i0.wp.com\/aiviouvapes.com\/wp-content\/uploads\/2025\/04\/waspe-60k4.jpg?resize=9%2C12&amp;ssl=1 9w, https:\/\/i0.wp.com\/aiviouvapes.com\/wp-content\/uploads\/2025\/04\/waspe-60k4.jpg?resize=1320%2C1760&amp;ssl=1 1320w, https:\/\/i0.wp.com\/aiviouvapes.com\/wp-content\/uploads\/2025\/04\/waspe-60k4.jpg?resize=800%2C1067&amp;ssl=1 800w\" sizes=\"auto, (max-width: 1020px) 100vw, 1020px\" title=\"\">\t\t\t\t\t\t\n\t\t\t\t\t<\/div>\n\t\t\t\t\t\t\t\t\n<style>\n#image_287806273 {\n  width: 100%;\n}\n<\/style>\n\t<\/div>\n\t\n<p>CC Toyar Trade Co., Limited<br \/>Adresa: JEDNOTKA D18, 3\/F WONG KING IND<br \/>BLDG NO.2-4 TAI YAU ST SAN PO KONG<br \/>HONGKONG<\/p>\n\t\t<\/div>\n\t\t\t\t\t<\/div>\n\n\t\n\n\t<div id=\"col-1109915569\" class=\"col medium-6 small-12 large-6\"  >\n\t\t\t\t<div class=\"col-inner\"  >\n\t\t\t\n\t\t\t\n<div class=\"container section-title-container\" ><h3 class=\"section-title section-title-normal\"><b aria-hidden=\"true\"><\/b><span class=\"section-title-main\" >Hromadn\u00fd n\u00e1kup jednor\u00e1zov\u00fdch vaporiz\u00e9r\u016f online od AIVIOU VAPES<\/span><b aria-hidden=\"true\"><\/b><\/h3><\/div>\n<p dir=\"auto\">V\u00edtejte v\u00a0<a href=\"https:\/\/aiviouvapes.com\/cs\/\">Aiviouvapes<\/a>, va\u0161e hlavn\u00ed online destinace pro\u00a0<a href=\"https:\/\/aiviouvapes.com\/cs\/\">jednor\u00e1zov\u00e9 vapes<\/a>. S bohatou histori\u00ed, kter\u00e1 trv\u00e1 ji\u017e v\u00edce ne\u017e 5 let, jsme hrd\u00ed na to, \u017ee nab\u00edz\u00edme pestrou \u0161k\u00e1lu \u0161pi\u010dkov\u00fdch zna\u010dek, jako jsou Bang King, Al Fakher Vape, Vapeme, Waspe, RandM Tornado, Bang Box a dal\u0161\u00ed.<\/p>\n<p dir=\"auto\">Ve spole\u010dnosti Aiviouvapes jsme maj\u00e1kem dokonalosti ve sv\u011bt\u011b elektronick\u00e9ho vapingu. Na\u0161e v\u00fdrobky se dostaly do mnoha zem\u00ed po cel\u00e9m sv\u011bt\u011b, co\u017e je d\u016fkazem na\u0161eho z\u00e1vazku ke kvalit\u011b a spokojenosti z\u00e1kazn\u00edk\u016f. Jako zku\u0161en\u00ed profesion\u00e1lov\u00e9 v oblasti distribuce elektronick\u00fdch cigaret uspokojujeme jak maloobchodn\u00ed, tak velkoobchodn\u00ed pot\u0159eby a zaji\u0161\u0165ujeme, aby na\u0161i z\u00e1kazn\u00edci dost\u00e1vali ty nejlep\u0161\u00ed v\u00fdrobky a slu\u017eby na trhu.<\/p>\n<p dir=\"auto\">Na\u0161e webov\u00e9 str\u00e1nky aiviouvapes.com slou\u017e\u00ed jako centrum pro nad\u0161ence i za\u010d\u00e1te\u010dn\u00edky a poskytuj\u00ed bezprobl\u00e9mov\u00e9 nakupov\u00e1n\u00ed a \u0161irok\u00fd v\u00fdb\u011br.\u00a0<a href=\"https:\/\/aiviouvapes.com\/cs\/kategorie-produktu\/waspe\/\">jednor\u00e1zov\u00e1 e-cigareta<\/a>\u00a0mo\u017enosti. A\u0165 u\u017e hled\u00e1te nejnov\u011bj\u0161\u00ed inovace nebo nad\u010dasovou klasiku, Aiviouvapes je va\u0161\u00edm spolehliv\u00fdm partnerem ve sv\u011bt\u011b vapingu.<\/p>\n<p dir=\"auto\">P\u0159ipojte se k n\u00e1m na t\u00e9to cest\u011b a pokra\u010dujte v definov\u00e1n\u00ed standard\u016f excelence v oboru.\u00a0<a href=\"https:\/\/aiviouvapes.com\/cs\/shop\/\">jednor\u00e1zov\u00e9 vape<\/a>\u00a0pr\u016fmysl. Vyzkou\u0161ejte si rozd\u00edl s Aiviouvapes - kde se kvalita, rozmanitost a spokojenost z\u00e1kazn\u00edk\u016f snoub\u00ed bez probl\u00e9m\u016f.<\/p>\n<p><strong>E-mail:<\/strong>\u00a0<a href=\"mailto:support@aiviouvapes.com\">support@aiviouvapes.com<\/a><\/p>\n<p style=\"display: none;\"><strong>WhatsApp:<\/strong>\u00a0<a href=\"https:\/\/api.whatsapp.com\/send?phone=8618241953968\" rel=\"noopener\">+8618241953968<\/a><\/p>\n<p><strong>Aiviou Vape Technology Co., Ltd (Aivio Vapes Technology Co., Ltd, Aiviou Vapes Technology Co., Ltd)<\/strong><\/p>\n\t<div class=\"img has-hover x md-x lg-x y md-y lg-y\" id=\"image_896399715\">\n\t\t\t\t\t\t\t\t<div class=\"img-inner dark\" >\n\t\t\t<img data-recalc-dims=\"1\" loading=\"lazy\" decoding=\"async\" width=\"1020\" height=\"765\" src=\"https:\/\/i0.wp.com\/aiviouvapes.com\/wp-content\/uploads\/2026\/03\/aiviouvapes-warehouse.jpg?resize=1020%2C765&#038;ssl=1\" class=\"attachment-original size-original\" alt=\"aiviouvapes warehouse\" srcset=\"https:\/\/i0.wp.com\/aiviouvapes.com\/wp-content\/uploads\/2026\/03\/aiviouvapes-warehouse.jpg?w=1706&amp;ssl=1 1706w, https:\/\/i0.wp.com\/aiviouvapes.com\/wp-content\/uploads\/2026\/03\/aiviouvapes-warehouse.jpg?resize=300%2C225&amp;ssl=1 300w, https:\/\/i0.wp.com\/aiviouvapes.com\/wp-content\/uploads\/2026\/03\/aiviouvapes-warehouse.jpg?resize=1024%2C768&amp;ssl=1 1024w, https:\/\/i0.wp.com\/aiviouvapes.com\/wp-content\/uploads\/2026\/03\/aiviouvapes-warehouse.jpg?resize=768%2C576&amp;ssl=1 768w, https:\/\/i0.wp.com\/aiviouvapes.com\/wp-content\/uploads\/2026\/03\/aiviouvapes-warehouse.jpg?resize=1536%2C1152&amp;ssl=1 1536w, https:\/\/i0.wp.com\/aiviouvapes.com\/wp-content\/uploads\/2026\/03\/aiviouvapes-warehouse.jpg?resize=16%2C12&amp;ssl=1 16w, https:\/\/i0.wp.com\/aiviouvapes.com\/wp-content\/uploads\/2026\/03\/aiviouvapes-warehouse.jpg?resize=800%2C600&amp;ssl=1 800w\" sizes=\"auto, (max-width: 1020px) 100vw, 1020px\" title=\"\">\t\t\t\t\t\t\n\t\t\t\t\t<\/div>\n\t\t\t\t\t\t\t\t\n<style>\n#image_896399715 {\n  width: 100%;\n}\n<\/style>\n\t<\/div>\n\t\n<a href=\"https:\/\/aiviouvapes.com\/cs\/shop\/\" class=\"button primary is-outline is-larger\">\n\t\t<span>Nav\u0161tivte obchod!<\/span>\n\t<\/a>\n\n\t\t<\/div>\n\t\t\t\t\t<\/div>\n\n\t\n<\/div>","protected":false},"excerpt":{"rendered":"","protected":false},"author":1,"featured_media":0,"parent":0,"menu_order":0,"comment_status":"closed","ping_status":"closed","template":"","meta":{"footnotes":""},"class_list":["post-70","page","type-page","status-publish","hentry"],"jetpack_sharing_enabled":true,"_links":{"self":[{"href":"https:\/\/aiviouvapes.com\/cs\/wp-json\/wp\/v2\/pages\/70","targetHints":{"allow":["GET"]}}],"collection":[{"href":"https:\/\/aiviouvapes.com\/cs\/wp-json\/wp\/v2\/pages"}],"about":[{"href":"https:\/\/aiviouvapes.com\/cs\/wp-json\/wp\/v2\/types\/page"}],"author":[{"embeddable":true,"href":"https:\/\/aiviouvapes.com\/cs\/wp-json\/wp\/v2\/users\/1"}],"replies":[{"embeddable":true,"href":"https:\/\/aiviouvapes.com\/cs\/wp-json\/wp\/v2\/comments?post=70"}],"version-history":[{"count":8,"href":"https:\/\/aiviouvapes.com\/cs\/wp-json\/wp\/v2\/pages\/70\/revisions"}],"predecessor-version":[{"id":114619,"href":"https:\/\/aiviouvapes.com\/cs\/wp-json\/wp\/v2\/pages\/70\/revisions\/114619"}],"wp:attachment":[{"href":"https:\/\/aiviouvapes.com\/cs\/wp-json\/wp\/v2\/media?parent=70"}],"curies":[{"name":"wp","href":"https:\/\/api.w.org\/{rel}","templated":true}]}}