{"id":5173,"date":"2024-08-21T10:42:43","date_gmt":"2024-08-21T10:42:43","guid":{"rendered":"https:\/\/aiviouvapes.com\/?page_id=5173"},"modified":"2026-02-02T10:25:50","modified_gmt":"2026-02-02T02:25:50","slug":"coupons-offer","status":"publish","type":"page","link":"https:\/\/aiviouvapes.com\/cs\/coupons-offer\/","title":{"rendered":"Kup\u00f3ny a nab\u00eddka"},"content":{"rendered":"<div class=\"row\"  id=\"row-1102859727\">\n\n\t<div id=\"col-1636101265\" class=\"col medium-6 small-12 large-6\"  >\n\t\t\t\t<div class=\"col-inner text-center\"  >\n\t\t\t\n\t\t\t\n\t<div id=\"text-1004723354\" class=\"text\">\n\t\t\n<h2>2026 Exkluzivn\u00ed k\u00f3d kup\u00f3nu k dispozici!<\/h2>\n<p>P\u0159ihlaste se ke sv\u00e9mu \u00fa\u010dtu a p\u0159ejd\u011bte na str\u00e1nku s kup\u00f3nov\u00fdm k\u00f3dem, kde si m\u016f\u017eete odemknout osobn\u00ed slevu a za\u010d\u00edt \u0161et\u0159it je\u0161t\u011b dnes.<\/p>\n\t\t\n<style>\n#text-1004723354 {\n  text-align: center;\n}\n<\/style>\n\t<\/div>\n\t\n<a href=\"https:\/\/aiviouvapes.com\/cs\/my-account\/smart-coupons\/\" class=\"button primary box-shadow-3 box-shadow-1-hover\" >\n\t\t<span>Zobrazit kup\u00f3ny<\/span>\n\t<\/a>\n\n\t\t<\/div>\n\t\t\t\t\t<\/div>\n\n\t\n\n\t<div id=\"col-1348134305\" class=\"col medium-6 small-12 large-6\"  >\n\t\t\t\t<div class=\"col-inner text-center\"  >\n\t\t\t\n\t\t\t\n<div id=\"text-3360396666\" class=\"text\">\n<h2 style=\"text-align: left;\">Jednor\u00e1zov\u00e9 kup\u00f3ny a nab\u00eddky od AIVIOU VAPES<\/h2>\n<\/div>\n<p style=\"text-align: left;\">V\u00edtejte na str\u00e1nk\u00e1ch aiviouvapes.com, kde najdete nejkvalitn\u011bj\u0161\u00ed jednor\u00e1zov\u00e9 vape produkty. Objevte na\u0161i rozs\u00e1hlou kolekci renomovan\u00fdch zna\u010dek, mezi kter\u00e9 pat\u0159\u00ed Doloda, Elf Box, Bang King, Al Fakher Vape, Vapeme, Waspe, RandM Tornado, Bang Box a dal\u0161\u00ed. Nezapome\u0148te \u010dasto kontrolovat na\u0161e webov\u00e9 str\u00e1nky, kde najdete exkluzivn\u00ed nab\u00eddky a speci\u00e1ln\u00ed nab\u00eddky, kter\u00e9 zajist\u00ed, \u017ee na\u0161e v\u00fdjime\u010dn\u00e9 vape produkty z\u016fstanou dostupn\u00e9 v\u0161em.<\/p>\n<p style=\"text-align: left;\">Jsme profesion\u00e1ln\u00ed velkoobchodn\u00ed distributo\u0159i jednor\u00e1zov\u00fdch vapes. Na\u0161e ziskov\u00e9 mar\u017ee jsou minim\u00e1ln\u00ed, a proto se sna\u017e\u00edme nab\u00edzet slevov\u00e9 kup\u00f3ny a usilujeme o dlouhodob\u00e9 a stabiln\u00ed partnerstv\u00ed s na\u0161imi z\u00e1kazn\u00edky.<\/p>\n<a href=\"https:\/\/aiviouvapes.com\/cs\/shop\/\" class=\"button primary box-shadow-3 box-shadow-1-hover\" >\n\t\t<span>Objednat nyn\u00ed<\/span>\n\t<\/a>\n\n\t\t<\/div>\n\t\t\t\t\t<\/div>\n\n\t\n<\/div>\n\t<div id=\"gap-316111106\" class=\"gap-element clearfix\" style=\"display:block; height:auto;\">\n\t\t\n<style>\n#gap-316111106 {\n  padding-top: 30px;\n}\n<\/style>\n\t<\/div>\n\t\n<div class=\"container section-title-container\" ><h3 class=\"section-title section-title-normal\"><b aria-hidden=\"true\"><\/b><span class=\"section-title-main\" >Knihovna partnersk\u00fdch kup\u00f3n\u016f (ve\u0159ejn\u00e9 pou\u017eit\u00ed)<\/span><b aria-hidden=\"true\"><\/b><\/h3><\/div>\n<table style=\"width:100%; border-collapse:collapse; font-family:Arial, sans-serif; text-align:left; border:1px solid #ddd;\">\n<thead style=\"background:#f7f7f7;\">\n<tr>\n<th style=\"padding:10px; border:1px solid #ddd;\">\ud83c\udf9f\ufe0f K\u00f3d kup\u00f3nu<\/th>\n<th style=\"padding:10px; border:1px solid #ddd;\">\ud83d\udcb0 Sleva<\/th>\n<th style=\"padding:10px; border:1px solid #ddd;\">\ud83d\uded2 Minim\u00e1ln\u00ed objedn\u00e1vka<\/th>\n<th style=\"padding:10px; border:1px solid #ddd;\">\ud83d\udcc5 Plat\u00ed do<\/th>\n<th style=\"padding:10px; border:1px solid #ddd;\">\ud83e\udded Popis<\/th>\n<th style=\"padding:10px; border:1px solid #ddd;\">\ud83d\udce2 Navrhovan\u00fd reklamn\u00ed \u0159\u00e1dek<\/th>\n<\/tr>\n<\/thead>\n<tbody>\n<tr>\n<td style=\"padding:10px; border:1px solid #ddd;\"><b>BULKSAVE300<\/b><\/td>\n<td style=\"padding:10px; border:1px solid #ddd;\">2% OFF<\/td>\n<td style=\"padding:10px; border:1px solid #ddd;\">\u20ac300+<\/td>\n<td style=\"padding:10px; border:1px solid #ddd;\">31. prosince 2026<\/td>\n<td style=\"padding:10px; border:1px solid #ddd;\">U\u0161et\u0159ete velk\u00e9 \u010d\u00e1stky p\u0159i objedn\u00e1vce nad 300 \u20ac!<\/td>\n<td style=\"padding:10px; border:1px solid #ddd;\">\ud83d\udcb8 Utr\u00e1cejte chyt\u0159e, u\u0161et\u0159ete v\u00edce! Z\u00edskejte <b>2% OFF<\/b> objedn\u00e1vky nad 300 EUR.<\/td>\n<\/tr>\n<tr>\n<td style=\"padding:10px; border:1px solid #ddd;\"><b>BULKSAVE<\/b><\/td>\n<td style=\"padding:10px; border:1px solid #ddd;\">3% OFF<\/td>\n<td style=\"padding:10px; border:1px solid #ddd;\">\u20ac500+<\/td>\n<td style=\"padding:10px; border:1px solid #ddd;\">31. prosince 2026<\/td>\n<td style=\"padding:10px; border:1px solid #ddd;\">Vyu\u017eijte v\u011bt\u0161\u00ed \u00faspory p\u0159i objedn\u00e1vk\u00e1ch nad 500 \u20ac!<\/td>\n<td style=\"padding:10px; border:1px solid #ddd;\">\ud83d\ude9b Velk\u00e9 objedn\u00e1vky = velk\u00e9 odm\u011bny! <b>3% OFF<\/b> nad 500 EUR.<\/td>\n<\/tr>\n<tr>\n<td style=\"padding:10px; border:1px solid #ddd;\"><b>BULKSAVE1500<\/b><\/td>\n<td style=\"padding:10px; border:1px solid #ddd;\">3.01% VYPNUTO<\/td>\n<td style=\"padding:10px; border:1px solid #ddd;\">\u20ac1500+<\/td>\n<td style=\"padding:10px; border:1px solid #ddd;\">31. prosince 2026<\/td>\n<td style=\"padding:10px; border:1px solid #ddd;\">Speci\u00e1ln\u00ed sleva pro velkoodb\u011bratele.<\/td>\n<td style=\"padding:10px; border:1px solid #ddd;\">\ud83c\udff7\ufe0f Mega Saver! Utrat\u00edte v\u00edce ne\u017e 1500 \u20ac a z\u00edsk\u00e1te <b>3.01% VYPNUTO<\/b>.<\/td>\n<\/tr>\n<tr>\n<td style=\"padding:10px; border:1px solid #ddd;\"><b>NOV2026<\/b><\/td>\n<td style=\"padding:10px; border:1px solid #ddd;\">\u20ac5 OFF<\/td>\n<td style=\"padding:10px; border:1px solid #ddd;\">\u20ac90+<\/td>\n<td style=\"padding:10px; border:1px solid #ddd;\">30. listopadu 2026<\/td>\n<td style=\"padding:10px; border:1px solid #ddd;\">\ud83c\udf41 Listopadov\u00e1 akce - sleva 5 \u20ac z ko\u0161\u00edku!<\/td>\n<td style=\"padding:10px; border:1px solid #ddd;\">\ud83c\udf42 U\u0161et\u0159ete \u20ac5 okam\u017eit\u011b s <b>NOV2026<\/b> po cel\u00fd listopad!<\/td>\n<\/tr>\n<tr>\n<td style=\"padding:10px; border:1px solid #ddd;\"><b>BlackFriday<\/b><\/td>\n<td style=\"padding:10px; border:1px solid #ddd;\">\u20ac10 OFF<\/td>\n<td style=\"padding:10px; border:1px solid #ddd;\">\u20ac90+<\/td>\n<td style=\"padding:10px; border:1px solid #ddd;\">27. listopadu 2026<\/td>\n<td style=\"padding:10px; border:1px solid #ddd;\">Speci\u00e1ln\u00ed \u00faspory v r\u00e1mci \u010cern\u00e9ho p\u00e1tku na kvalifikovan\u00e9 objedn\u00e1vky.<\/td>\n<td style=\"padding:10px; border:1px solid #ddd;\">\ud83d\udda4 Kr\u00e1de\u017e na \u010dern\u00fd p\u00e1tek: Z\u00edskejte <b>\u20ac10 OFF<\/b> kdy\u017e utrat\u00edte v\u00edce ne\u017e 90 \u20ac!<\/td>\n<\/tr>\n<tr>\n<td style=\"padding:10px; border:1px solid #ddd;\"><b>CyberMonday<\/b><\/td>\n<td style=\"padding:10px; border:1px solid #ddd;\">\u20ac10 OFF<\/td>\n<td style=\"padding:10px; border:1px solid #ddd;\">\u20ac90+<\/td>\n<td style=\"padding:10px; border:1px solid #ddd;\">30. listopadu 2026<\/td>\n<td style=\"padding:10px; border:1px solid #ddd;\">Prodlou\u017een\u00ed kybernetick\u00e9ho pond\u011bl\u00ed - dal\u0161\u00ed \u010das na \u00fasporu!<\/td>\n<td style=\"padding:10px; border:1px solid #ddd;\">\ud83d\udcbb Kliknout, ko\u0161\u00edk, ulo\u017eit: <b>\u20ac10 OFF<\/b> objedn\u00e1vky nad 90 \u20ac!<\/td>\n<\/tr>\n<tr>\n<td style=\"padding:10px; border:1px solid #ddd;\"><b>ChristmasDay<\/b><\/td>\n<td style=\"padding:10px; border:1px solid #ddd;\">\u20ac10 OFF<\/td>\n<td style=\"padding:10px; border:1px solid #ddd;\">\u20ac90+<\/td>\n<td style=\"padding:10px; border:1px solid #ddd;\">26. prosince 2026<\/td>\n<td style=\"padding:10px; border:1px solid #ddd;\">Sv\u00e1te\u010dn\u00ed \u00faspory pro nakupuj\u00edc\u00ed na V\u00e1noce.<\/td>\n<td style=\"padding:10px; border:1px solid #ddd;\">\ud83c\udf84 Rozbalit <b>\u20ac10 OFF<\/b> na leto\u0161n\u00ed V\u00e1noce za v\u00edce ne\u017e 90 \u20ac!<\/td>\n<\/tr>\n<tr>\n<td style=\"padding:10px; border:1px solid #ddd;\"><b>BoxingDay<\/b><\/td>\n<td style=\"padding:10px; border:1px solid #ddd;\">\u20ac10 OFF<\/td>\n<td style=\"padding:10px; border:1px solid #ddd;\">\u20ac90+<\/td>\n<td style=\"padding:10px; border:1px solid #ddd;\">27. prosince 2026<\/td>\n<td style=\"padding:10px; border:1px solid #ddd;\">Nab\u00eddka na Boxing Day na kvalifikovan\u00e9 ko\u0161e.<\/td>\n<td style=\"padding:10px; border:1px solid #ddd;\">\ud83c\udf81 Nab\u00eddka na den po: <b>\u20ac10 OFF<\/b> kdy\u017e utrat\u00edte v\u00edce ne\u017e 90 EUR.<\/td>\n<\/tr>\n<tr>\n<td style=\"padding:10px; border:1px solid #ddd;\"><b>NewYearDay<\/b><\/td>\n<td style=\"padding:10px; border:1px solid #ddd;\">\u20ac10 OFF<\/td>\n<td style=\"padding:10px; border:1px solid #ddd;\">\u20ac90+<\/td>\n<td style=\"padding:10px; border:1px solid #ddd;\">2. ledna 2027<\/td>\n<td style=\"padding:10px; border:1px solid #ddd;\">V\u00edtejte v nov\u00e9m roce s okam\u017eit\u00fdmi \u00fasporami.<\/td>\n<td style=\"padding:10px; border:1px solid #ddd;\">\ud83c\udf86 Nov\u00fd rok, nov\u00e9 \u00faspory: <b>\u20ac10 OFF<\/b> \u20ac90+!<\/td>\n<\/tr>\n<p><!-- 2026 Monthly Coupons --><\/p>\n<tr>\n<td style=\"padding:10px; border:1px solid #ddd;\"><b>FEB2026<\/b><\/td>\n<td style=\"padding:10px; border:1px solid #ddd;\">\u20ac5 OFF<\/td>\n<td style=\"padding:10px; border:1px solid #ddd;\">\u20ac90+<\/td>\n<td style=\"padding:10px; border:1px solid #ddd;\">28. \u00fanora 2026<\/td>\n<td style=\"padding:10px; border:1px solid #ddd;\">\u00danorov\u00e1 nab\u00eddka - snadn\u00e1 \u00faspora.<\/td>\n<td style=\"padding:10px; border:1px solid #ddd;\">\u2764\ufe0f Milujte cenu! <b>\u20ac5 OFF<\/b> s FEB2026.<\/td>\n<\/tr>\n<tr>\n<td style=\"padding:10px; border:1px solid #ddd;\"><b>MAR2026<\/b><\/td>\n<td style=\"padding:10px; border:1px solid #ddd;\">\u20ac5 OFF<\/td>\n<td style=\"padding:10px; border:1px solid #ddd;\">\u20ac90+<\/td>\n<td style=\"padding:10px; border:1px solid #ddd;\">31. b\u0159ezna 2026<\/td>\n<td style=\"padding:10px; border:1px solid #ddd;\">Jednoduch\u00e9 b\u0159eznov\u00e9 \u00faspory.<\/td>\n<td style=\"padding:10px; border:1px solid #ddd;\">\ud83c\udf31 Jarn\u00ed start: <b>\u20ac5 OFF<\/b> s MAR2026.<\/td>\n<\/tr>\n<tr>\n<td style=\"padding:10px; border:1px solid #ddd;\"><b>APR2026<\/b><\/td>\n<td style=\"padding:10px; border:1px solid #ddd;\">\u20ac5 OFF<\/td>\n<td style=\"padding:10px; border:1px solid #ddd;\">\u20ac90+<\/td>\n<td style=\"padding:10px; border:1px solid #ddd;\">duben 30, 2026<\/td>\n<td style=\"padding:10px; border:1px solid #ddd;\">Bonus za dubnov\u00fd ko\u0161\u00edk.<\/td>\n<td style=\"padding:10px; border:1px solid #ddd;\">\ud83c\udf38 \u010cerstv\u00e9 nab\u00eddky: <b>\u20ac5 OFF<\/b> APR2026.<\/td>\n<\/tr>\n<tr>\n<td style=\"padding:10px; border:1px solid #ddd;\"><b>MAY2026<\/b><\/td>\n<td style=\"padding:10px; border:1px solid #ddd;\">\u20ac5 OFF<\/td>\n<td style=\"padding:10px; border:1px solid #ddd;\">\u20ac90+<\/td>\n<td style=\"padding:10px; border:1px solid #ddd;\">31. kv\u011btna 2026<\/td>\n<td style=\"padding:10px; border:1px solid #ddd;\">Kv\u011btnov\u00e9 speci\u00e1ln\u00ed \u00faspory.<\/td>\n<td style=\"padding:10px; border:1px solid #ddd;\">\ud83c\udf3c Jasn\u00e1 \u00faspora s <b>MAY2026<\/b>.<\/td>\n<\/tr>\n<tr>\n<td style=\"padding:10px; border:1px solid #ddd;\"><b>JUN2026<\/b><\/td>\n<td style=\"padding:10px; border:1px solid #ddd;\">\u20ac5 OFF<\/td>\n<td style=\"padding:10px; border:1px solid #ddd;\">\u20ac90+<\/td>\n<td style=\"padding:10px; border:1px solid #ddd;\">30. \u010dervna 2026<\/td>\n<td style=\"padding:10px; border:1px solid #ddd;\">\u010cervnov\u00fd pokladn\u00ed bonus.<\/td>\n<td style=\"padding:10px; border:1px solid #ddd;\">\u2600\ufe0f Summer save: <b>\u20ac5 OFF<\/b> JUN2026.<\/td>\n<\/tr>\n<tr>\n<td style=\"padding:10px; border:1px solid #ddd;\"><b>JUL2026<\/b><\/td>\n<td style=\"padding:10px; border:1px solid #ddd;\">\u20ac5 OFF<\/td>\n<td style=\"padding:10px; border:1px solid #ddd;\">\u20ac90+<\/td>\n<td style=\"padding:10px; border:1px solid #ddd;\">31. \u010dervence 2026<\/td>\n<td style=\"padding:10px; border:1px solid #ddd;\">Hork\u00e1 nab\u00eddka na \u010dervenec.<\/td>\n<td style=\"padding:10px; border:1px solid #ddd;\">\ud83d\udd25 \u00daspory oh\u0159\u00edvejte pomoc\u00ed JUL2026.<\/td>\n<\/tr>\n<tr>\n<td style=\"padding:10px; border:1px solid #ddd;\"><b>AUG2026<\/b><\/td>\n<td style=\"padding:10px; border:1px solid #ddd;\">\u20ac5 OFF<\/td>\n<td style=\"padding:10px; border:1px solid #ddd;\">\u20ac90+<\/td>\n<td style=\"padding:10px; border:1px solid #ddd;\">31. srpna 2026<\/td>\n<td style=\"padding:10px; border:1px solid #ddd;\">Srpen snadn\u00e1 sleva.<\/td>\n<td style=\"padding:10px; border:1px solid #ddd;\">\ud83c\udf1e Ulo\u017een\u00ed jedn\u00edm kliknut\u00edm: AUG2026.<\/td>\n<\/tr>\n<tr>\n<td style=\"padding:10px; border:1px solid #ddd;\"><b>SEP2026<\/b><\/td>\n<td style=\"padding:10px; border:1px solid #ddd;\">\u20ac5 OFF<\/td>\n<td style=\"padding:10px; border:1px solid #ddd;\">\u20ac90+<\/td>\n<td style=\"padding:10px; border:1px solid #ddd;\">30. z\u00e1\u0159\u00ed 2026<\/td>\n<td style=\"padding:10px; border:1px solid #ddd;\">Z\u00e1\u0159ijov\u00fd bonus.<\/td>\n<td style=\"padding:10px; border:1px solid #ddd;\">\ud83c\udf41 Podzimn\u00ed \u00faspory s SEP2026.<\/td>\n<\/tr>\n<tr>\n<td style=\"padding:10px; border:1px solid #ddd;\"><b>OCT2026<\/b><\/td>\n<td style=\"padding:10px; border:1px solid #ddd;\">\u20ac5 OFF<\/td>\n<td style=\"padding:10px; border:1px solid #ddd;\">\u20ac90+<\/td>\n<td style=\"padding:10px; border:1px solid #ddd;\">31. \u0159\u00edjna 2026<\/td>\n<td style=\"padding:10px; border:1px solid #ddd;\">\u0158\u00edjnov\u00e1 pochoutka.<\/td>\n<td style=\"padding:10px; border:1px solid #ddd;\">\ud83c\udf83 Stra\u0161ideln\u011b dobr\u00e1 nab\u00eddka: OCT2026.<\/td>\n<\/tr>\n<tr>\n<td style=\"padding:10px; border:1px solid #ddd;\"><b>DEC2026<\/b><\/td>\n<td style=\"padding:10px; border:1px solid #ddd;\">\u20ac5 OFF<\/td>\n<td style=\"padding:10px; border:1px solid #ddd;\">\u20ac90+<\/td>\n<td style=\"padding:10px; border:1px solid #ddd;\">31. prosince 2026<\/td>\n<td style=\"padding:10px; border:1px solid #ddd;\">Prosincov\u00fd bonus na konci roku.<\/td>\n<td style=\"padding:10px; border:1px solid #ddd;\">\ud83c\udf84 Dokon\u010dete siln\u011b: <b>\u20ac5 OFF<\/b> DEC2026.<\/td>\n<\/tr>\n<\/tbody>\n<\/table>\n\t<div id=\"gap-1428250823\" class=\"gap-element clearfix\" style=\"display:block; height:auto;\">\n\t\t\n<style>\n#gap-1428250823 {\n  padding-top: 30px;\n}\n<\/style>\n\t<\/div>\n\t\n<div class=\"container section-title-container\" ><h3 class=\"section-title section-title-normal\"><b aria-hidden=\"true\"><\/b><span class=\"section-title-main\" >Vyd\u011bl\u00e1vejte s AIVIOU Vapes<\/span><b aria-hidden=\"true\"><\/b><\/h3><\/div>\n<p>P\u0159idejte se k jedn\u00e9 z nejrychleji rostouc\u00edch zna\u010dek vape a za\u010dn\u011bte vyd\u011bl\u00e1vat <strong>15%<\/strong> provize z ka\u017ed\u00e9ho prodeje! AIVIOU Vapes nab\u00edz\u00ed pr\u00e9miovou \u0159adu nejprod\u00e1van\u011bj\u0161\u00edch jednor\u00e1zov\u00fdch vapes, e-liquid\u016f a p\u0159\u00edslu\u0161enstv\u00ed, kter\u00e9 z\u00e1kazn\u00edci miluj\u00ed - d\u00edky tomu je pro partnery velmi snadn\u00e9 z\u00edsk\u00e1vat provize. D\u00edky hork\u00fdm prodejn\u00edm produkt\u016fm, vysok\u00e9 m\u00ed\u0159e konverze a \u010derstv\u00fdm akc\u00edm ka\u017ed\u00fd m\u011bs\u00edc znamen\u00e1 partnerstv\u00ed s AIVIOU Vapes, \u017ee va\u0161e v\u00fdd\u011blky mohou rychle nar\u016fst. \ud83d\udca8<\/p>\n<p><strong>\ud83d\udc49 P\u0159ipojte se je\u0161t\u011b dnes a za\u010dn\u011bte vyd\u011bl\u00e1vat s AIVIOU Vapes - kde se chu\u0165 potk\u00e1v\u00e1 se ziskem!<\/strong><\/p>\n<a href=\"https:\/\/ui.awin.com\/express-signup\/us\/awin\/121568\/d01af3da-9031-45f4-bc25-92d66ffdc756?t=VVP9UbjOfvjddyNyvkNBB71Pni2G_dqZqpIZPRdRWII\" target=\"_blank\" class=\"button primary\" rel=\"noopener\">\n\t\t<span>P\u0159ipojte se k partnersk\u00e9 spole\u010dnosti Aiviou Vapes<\/span>\n\t<\/a>","protected":false},"excerpt":{"rendered":"<p>\ud83c\udf9f\ufe0f Coupon Code \ud83d\udcb0 Discount \ud83d\uded2 Minimum Order \ud83d\udcc5 Valid Until \ud83e\udded Description \ud83d\udce2 Suggested Ad Line BULKSAVE300 2% OFF \u20ac300+ Dec 31, 2026 Save big when you order over \u20ac300! \ud83d\udcb8 Spend Smart, Save More! Get 2% OFF orders above \u20ac300. BULKSAVE 3% OFF \u20ac500+ Dec 31, 2026 Enjoy bigger savings for orders over [&#8230;]\n","protected":false},"author":1,"featured_media":0,"parent":0,"menu_order":0,"comment_status":"closed","ping_status":"closed","template":"page-blank-title-center.php","meta":{"footnotes":""},"class_list":["post-5173","page","type-page","status-publish","hentry"],"jetpack_sharing_enabled":true,"_links":{"self":[{"href":"https:\/\/aiviouvapes.com\/cs\/wp-json\/wp\/v2\/pages\/5173","targetHints":{"allow":["GET"]}}],"collection":[{"href":"https:\/\/aiviouvapes.com\/cs\/wp-json\/wp\/v2\/pages"}],"about":[{"href":"https:\/\/aiviouvapes.com\/cs\/wp-json\/wp\/v2\/types\/page"}],"author":[{"embeddable":true,"href":"https:\/\/aiviouvapes.com\/cs\/wp-json\/wp\/v2\/users\/1"}],"replies":[{"embeddable":true,"href":"https:\/\/aiviouvapes.com\/cs\/wp-json\/wp\/v2\/comments?post=5173"}],"version-history":[{"count":8,"href":"https:\/\/aiviouvapes.com\/cs\/wp-json\/wp\/v2\/pages\/5173\/revisions"}],"predecessor-version":[{"id":105685,"href":"https:\/\/aiviouvapes.com\/cs\/wp-json\/wp\/v2\/pages\/5173\/revisions\/105685"}],"wp:attachment":[{"href":"https:\/\/aiviouvapes.com\/cs\/wp-json\/wp\/v2\/media?parent=5173"}],"curies":[{"name":"wp","href":"https:\/\/api.w.org\/{rel}","templated":true}]}}