{"id":4558,"date":"2024-08-21T10:35:58","date_gmt":"2024-08-21T10:35:58","guid":{"rendered":"https:\/\/aiviouvapes.com\/?page_id=4558"},"modified":"2024-11-29T02:58:48","modified_gmt":"2024-11-28T18:58:48","slug":"payment-method","status":"publish","type":"page","link":"https:\/\/aiviouvapes.com\/cs\/payment-method\/","title":{"rendered":"Zp\u016fsob platby"},"content":{"rendered":"<div class=\"row\"  id=\"row-274492877\">\n\n\t<div id=\"col-129805578\" class=\"col medium-6 small-12 large-6\"  >\n\t\t\t\t<div class=\"col-inner\"  >\n\t\t\t\n\t\t\t\n<p>V\u00edtejte v <strong>AiviouVape<\/strong> \u2013 va\u0161e d\u016fv\u011bryhodn\u00e1 glob\u00e1ln\u00ed destinace pro \u0161pi\u010dkov\u00e9 jednor\u00e1zov\u00e9 vape produkty. S celosv\u011btovou dopravou jsme odhodl\u00e1ni slou\u017eit z\u00e1kazn\u00edk\u016fm po cel\u00e9m sv\u011bt\u011b.<\/p>\n<p><strong>V AiviouVape up\u0159ednost\u0148ujeme pohodl\u00ed a bezpe\u010dnost, abychom zlep\u0161ili va\u0161i n\u00e1kupn\u00ed cestu. Nab\u00edz\u00edme r\u016fzn\u00e9 mo\u017enosti platby, aby vyhovovaly va\u0161im pot\u0159eb\u00e1m:<\/strong><\/p>\n<p>1. **PayPal**: U\u017eijte si bezpe\u010dn\u00e9 a snadn\u00e9 platby pomoc\u00ed PayPal na na\u0161\u00ed platform\u011b. <strong>(20% DPH)<\/strong><\/p>\n<p>2. **Kreditn\u00ed karta**: P\u0159ij\u00edm\u00e1me v\u0161echny hlavn\u00ed kreditn\u00ed karty, co\u017e zaji\u0161\u0165uje p\u0159\u00edmou a spolehlivou platebn\u00ed zku\u0161enost. <strong>(20% DPH)<\/strong><\/p>\n<p>3. **Bankovn\u00ed p\u0159evod**: Pro ty, kte\u0159\u00ed preferuj\u00ed tradi\u010dn\u00ed metody, podporujeme bankovn\u00ed p\u0159evody jako bezpe\u010dnou mo\u017enost. <strong>(BEZ DPH)<\/strong><\/p>\n<p>4. **Kryptom\u011bna**: P\u0159ijm\u011bte modern\u00ed finance s na\u0161\u00ed mo\u017enost\u00ed platby kryptom\u011bnami. <strong>(BEZ DPH)<\/strong><\/p>\n<p>5. **Wise Transfer**: Vyu\u017eijte v\u00fdhodn\u00fdch a efektivn\u00edch plateb pomoc\u00ed Wise Transfer. <strong>(BEZ DPH)<\/strong><\/p>\n<p>Pokud m\u00e1te n\u011bjak\u00e9 dotazy nebo konkr\u00e9tn\u00ed po\u017eadavky na platbu, kontaktujte n\u00e1\u0161 t\u00fdm z\u00e1kaznick\u00fdch slu\u017eeb. Jsme tu, abychom zajistili va\u0161e zku\u0161enosti s <strong>AiviouVape<\/strong> je hladk\u00fd, bezpe\u010dn\u00fd a uspokojiv\u00fd.<\/p>\n<p><strong>D\u011bkujeme, \u017ee d\u016fv\u011b\u0159ujete AiviouVape jako sv\u00e9mu zdroji kvalitn\u00edch jednor\u00e1zov\u00fdch vape produkt\u016f.<\/strong><\/p>\n\t\t<\/div>\n\t\t\t\t\t<\/div>\n\n\t\n\n\t<div id=\"col-242297429\" class=\"col medium-6 small-12 large-6\"  >\n\t\t\t\t<div class=\"col-inner\"  >\n\t\t\t\n\t\t\t\n\t<div class=\"img has-hover x md-x lg-x y md-y lg-y\" id=\"image_1069494687\">\n\t\t\t\t\t\t\t\t<div class=\"img-inner dark\" >\n\t\t\t<img loading=\"lazy\" decoding=\"async\" width=\"1020\" height=\"797\" src=\"https:\/\/i0.wp.com\/aiviouvapes.com\/wp-content\/uploads\/2024\/08\/%E5%AE%A3%E4%BC%A0%E5%9B%BE2-2.jpg?fit=1020%2C797&amp;ssl=1\" class=\"attachment-large size-large\" alt=\"Zp\u016fsob platby\" title=\"\">\t\t\t\t\t\t\n\t\t\t\t\t<\/div>\n\t\t\t\t\t\t\t\t\n<style>\n#image_1069494687 {\n  width: 100%;\n}\n<\/style>\n\t<\/div>\n\t\n\t\t<\/div>\n\t\t\t\t\t<\/div>\n\n\t\n<\/div>\n<div class=\"row align-middle\"  id=\"row-926955977\">\n\n\t<div id=\"col-1874201199\" class=\"col small-12 large-12\"  >\n\t\t\t\t<div class=\"col-inner text-center\"  >\n\t\t\t\n\t\t\t\n<a href=\"https:\/\/aiviouvapes.com\/cs\/shop\/\" class=\"button primary is-shade is-larger box-shadow-4 box-shadow-5-hover\" style=\"border-radius:10px;\">\n\t\t<span>Nakupujte nyn\u00ed<\/span>\n\t<\/a>\n\n\t\t<\/div>\n\t\t\t\t\n<style>\n#col-1874201199 > .col-inner {\n  padding: 20px 0px 0px 0px;\n}\n<\/style>\n\t<\/div>\n\n\t\n<\/div>","protected":false},"excerpt":{"rendered":"","protected":false},"author":1,"featured_media":0,"parent":0,"menu_order":0,"comment_status":"closed","ping_status":"closed","template":"page-blank-title-center.php","meta":{"footnotes":""},"class_list":["post-4558","page","type-page","status-publish","hentry"],"jetpack_sharing_enabled":true,"_links":{"self":[{"href":"https:\/\/aiviouvapes.com\/cs\/wp-json\/wp\/v2\/pages\/4558","targetHints":{"allow":["GET"]}}],"collection":[{"href":"https:\/\/aiviouvapes.com\/cs\/wp-json\/wp\/v2\/pages"}],"about":[{"href":"https:\/\/aiviouvapes.com\/cs\/wp-json\/wp\/v2\/types\/page"}],"author":[{"embeddable":true,"href":"https:\/\/aiviouvapes.com\/cs\/wp-json\/wp\/v2\/users\/1"}],"replies":[{"embeddable":true,"href":"https:\/\/aiviouvapes.com\/cs\/wp-json\/wp\/v2\/comments?post=4558"}],"version-history":[{"count":0,"href":"https:\/\/aiviouvapes.com\/cs\/wp-json\/wp\/v2\/pages\/4558\/revisions"}],"wp:attachment":[{"href":"https:\/\/aiviouvapes.com\/cs\/wp-json\/wp\/v2\/media?parent=4558"}],"curies":[{"name":"wp","href":"https:\/\/api.w.org\/{rel}","templated":true}]}}