{"id":10,"date":"2024-08-12T12:49:21","date_gmt":"2024-08-12T12:49:21","guid":{"rendered":"https:\/\/aiviouvapes.com\/?page_id=10"},"modified":"2024-12-26T09:53:11","modified_gmt":"2024-12-26T01:53:11","slug":"refund_returns","status":"publish","type":"page","link":"https:\/\/aiviouvapes.com\/cs\/refund_returns\/","title":{"rendered":"Z\u00e1sady vracen\u00ed pen\u011bz a vr\u00e1cen\u00ed zbo\u017e\u00ed"},"content":{"rendered":"<h2 class=\"wp-block-heading\">AiviouVape Z\u00e1sady vr\u00e1cen\u00ed pen\u011bz<\/h2>\r\n<p><strong>7denn\u00ed pravidla pro vr\u00e1cen\u00ed zbo\u017e\u00ed<\/strong><\/p>\r\n<p>My v AiviouVape s pot\u011b\u0161en\u00edm nab\u00edz\u00edme 7denn\u00ed lh\u016ftu pro vr\u00e1cen\u00ed zbo\u017e\u00ed. To znamen\u00e1, \u017ee ode dne, kdy obdr\u017e\u00edte sv\u00e9 zbo\u017e\u00ed, m\u00e1te sedm dn\u00ed na to, abyste podali \u017e\u00e1dost o vr\u00e1cen\u00ed, pokud nejste s n\u00e1kupem spokojeni.<\/p>\r\n<p><strong>Zp\u016fsobilost k n\u00e1vratu<\/strong><\/p>\r\n<p>Abyste mohli zbo\u017e\u00ed vr\u00e1tit, mus\u00ed z\u016fstat ve stavu, v jak\u00e9m jste ho obdr\u017eeli - nepou\u017eit\u00e9, s visa\u010dkami a v p\u016fvodn\u00edm obalu. Ujist\u011bte se, \u017ee m\u00e1te u sebe \u00fa\u010dtenku nebo doklad o koupi, abyste usnadnili proces vr\u00e1cen\u00ed.<\/p>\r\n<p><strong>Jak zah\u00e1jit n\u00e1vrat<\/strong><\/p>\r\n<p>Pokud byste cht\u011bli za\u010d\u00edt vracet pen\u00edze, obra\u0165te se na n\u00e1s na adrese support@aiviouvape.com. Jakmile bude va\u0161e vr\u00e1cen\u00ed schv\u00e1leno, poskytneme v\u00e1m p\u0159edplacen\u00fd \u0161t\u00edtek pro vr\u00e1cen\u00ed zbo\u017e\u00ed a pokyny, jak bal\u00ed\u010dek odeslat. Vr\u00e1cen\u00ed zaslan\u00e9 bez p\u0159edchoz\u00edho schv\u00e1len\u00ed nebude p\u0159ijato, proto n\u00e1s nejprve kontaktujte.<\/p>\r\n<p><strong>Hl\u00e1\u0161en\u00ed \u0161kod a probl\u00e9m\u016f<\/strong><\/p>\r\n<p>Doporu\u010dujeme v\u00e1m, abyste si svou objedn\u00e1vku zkontrolovali ihned po jej\u00edm doru\u010den\u00ed. Pokud zjist\u00edte, \u017ee je va\u0161e zbo\u017e\u00ed po\u0161kozen\u00e9, vadn\u00e9 nebo nespr\u00e1vn\u00e9, neprodlen\u011b n\u00e1s kontaktujte, abychom mohli probl\u00e9m urychlen\u011b vy\u0159e\u0161it.<\/p>\r\n<p><strong>Polo\u017eky, kter\u00e9 nelze vr\u00e1tit<\/strong><\/p>\r\n<p>N\u011bkter\u00e9 v\u00fdrobky nelze vr\u00e1tit, v\u010detn\u011b zbo\u017e\u00ed podl\u00e9haj\u00edc\u00edho rychl\u00e9 zk\u00e1ze, v\u00fdrobk\u016f vyroben\u00fdch na zak\u00e1zku, v\u00fdrobk\u016f osobn\u00ed p\u00e9\u010de, nebezpe\u010dn\u00fdch materi\u00e1l\u016f a ho\u0159lav\u00fdch kapalin nebo plyn\u016f. Pokud si nejste jisti zp\u016fsobilost\u00ed konkr\u00e9tn\u00edho zbo\u017e\u00ed, obra\u0165te se na n\u00e1s pro vysv\u011btlen\u00ed.<\/p>\r\n<p><strong>Proces v\u00fdm\u011bny<\/strong><\/p>\r\n<p>P\u0159i v\u00fdm\u011bn\u011b doporu\u010dujeme nejprve vr\u00e1tit p\u016fvodn\u00ed zbo\u017e\u00ed. Po schv\u00e1len\u00ed vr\u00e1cen\u00ed m\u016f\u017eete zadat samostatnou objedn\u00e1vku na novou polo\u017eku, aby bylo zaji\u0161t\u011bno rychl\u00e9 zpracov\u00e1n\u00ed.<\/p>\r\n<p><strong>14denn\u00ed lh\u016fta na rozmy\u0161lenou pro z\u00e1kazn\u00edky z EU<\/strong><\/p>\r\n<p>Z\u00e1kazn\u00edk\u016fm v Evropsk\u00e9 unii poskytujeme 14denn\u00ed lh\u016ftu na rozmy\u0161lenou. To znamen\u00e1, \u017ee svou objedn\u00e1vku m\u016f\u017eete do 14 dn\u016f od jej\u00edho obdr\u017een\u00ed zru\u0161it nebo vr\u00e1tit bez ud\u00e1n\u00ed d\u016fvodu. Zbo\u017e\u00ed mus\u00ed b\u00fdt v p\u016fvodn\u00edm stavu, nepou\u017eit\u00e9, s visa\u010dkami a v p\u016fvodn\u00edm obalu. Vy\u017eadov\u00e1na bude tak\u00e9 \u00fa\u010dtenka nebo doklad o n\u00e1kupu.<\/p>\r\n<p><strong>Proces vr\u00e1cen\u00ed pen\u011bz<\/strong><\/p>\r\n<p>Po obdr\u017een\u00ed a kontrole vr\u00e1cen\u00e9ho zbo\u017e\u00ed v\u00e1s budeme informovat o stavu schv\u00e1len\u00ed vr\u00e1cen\u00ed pen\u011bz. Pokud bude vr\u00e1cen\u00ed schv\u00e1leno, zpracujeme vr\u00e1cen\u00ed pen\u011bz na v\u00e1\u0161 p\u016fvodn\u00ed zp\u016fsob platby do 10 pracovn\u00edch dn\u016f. Vezm\u011bte pros\u00edm na v\u011bdom\u00ed, \u017ee va\u0161e banka nebo poskytovatel kreditn\u00ed karty m\u016f\u017ee pot\u0159ebovat dal\u0161\u00ed \u010das na dokon\u010den\u00ed vr\u00e1cen\u00ed pen\u011bz. Pokud jste neobdr\u017eeli vr\u00e1cen\u00ed pen\u011bz do 15 pracovn\u00edch dn\u016f od schv\u00e1len\u00ed, kontaktujte n\u00e1s pros\u00edm na adrese support@aiviouvape.com.<\/p>\r\n<p><strong>D\u011bkujeme, \u017ee jste si vybrali AiviouVape. Va\u0161e spokojenost z\u016fst\u00e1v\u00e1 na\u0161\u00ed nejvy\u0161\u0161\u00ed prioritou.<\/strong><\/p>\r\n\r\n<div class=\"row align-middle\"  id=\"row-177029751\"> \n\t<div id=\"col-510431120\" class=\"col small-12 large-12\"  >\n\t\t\t\t<div class=\"col-inner text-center\"  >\n\t\t\t\n\t\t\t <a href=\"https:\/\/aiviouvapes.com\/cs\/shop\/\" class=\"button primary is-shade is-larger box-shadow-4 box-shadow-5-hover\" style=\"border-radius:10px;\">\n\t\t<span>Nakupujte nyn\u00ed<\/span>\n\t<\/a>\n \t\t<\/div>\n\t\t\t\t\n<style>\n#col-510431120 > .col-inner {\n  padding: 20px 0px 0px 0px;\n}\n<\/style>\n\t<\/div>\n\n\t <\/div>","protected":false},"excerpt":{"rendered":"<p>AiviouVape Refund Policy 7-Day Return Policy We at AiviouVape are pleased to offer a 7-day return policy. This means that from the day you receive your item, you have seven days to initiate a return request if you are unsatisfied with your purchase. Return Eligibility To qualify for a return, your item must remain in [&#8230;]\n","protected":false},"author":1,"featured_media":0,"parent":0,"menu_order":0,"comment_status":"closed","ping_status":"closed","template":"page-blank-title-center.php","meta":{"footnotes":""},"class_list":["post-10","page","type-page","status-publish","hentry"],"jetpack_sharing_enabled":true,"_links":{"self":[{"href":"https:\/\/aiviouvapes.com\/cs\/wp-json\/wp\/v2\/pages\/10","targetHints":{"allow":["GET"]}}],"collection":[{"href":"https:\/\/aiviouvapes.com\/cs\/wp-json\/wp\/v2\/pages"}],"about":[{"href":"https:\/\/aiviouvapes.com\/cs\/wp-json\/wp\/v2\/types\/page"}],"author":[{"embeddable":true,"href":"https:\/\/aiviouvapes.com\/cs\/wp-json\/wp\/v2\/users\/1"}],"replies":[{"embeddable":true,"href":"https:\/\/aiviouvapes.com\/cs\/wp-json\/wp\/v2\/comments?post=10"}],"version-history":[{"count":0,"href":"https:\/\/aiviouvapes.com\/cs\/wp-json\/wp\/v2\/pages\/10\/revisions"}],"wp:attachment":[{"href":"https:\/\/aiviouvapes.com\/cs\/wp-json\/wp\/v2\/media?parent=10"}],"curies":[{"name":"wp","href":"https:\/\/api.w.org\/{rel}","templated":true}]}}